{"id":3983,"date":"2022-03-26T10:31:53","date_gmt":"2022-03-26T10:31:53","guid":{"rendered":"https:\/\/competa-suites.com\/?page_id=3983"},"modified":"2025-05-09T09:08:16","modified_gmt":"2025-05-09T09:08:16","slug":"declaration-de-confidentialite","status":"publish","type":"page","link":"https:\/\/competa-suites.com\/fr\/declaration-de-confidentialite\/","title":{"rendered":"D\u00e9claration de confidentialit\u00e9"},"content":{"rendered":"<p>[et_pb_section fb_built=\u00a0\u00bb1&Prime; next_background_color=\u00a0\u00bb#ffffff\u00a0\u00bb admin_label=\u00a0\u00bbOur Specialties Section\u00a0\u00bb _builder_version=\u00a0\u00bb4.16&Prime; background_color=\u00a0\u00bb#E88033&Prime; custom_padding=\u00a0\u00bb3em||0px||false|false\u00a0\u00bb bottom_divider_style=\u00a0\u00bbwave2&Prime; global_colors_info=\u00a0\u00bb{}\u00a0\u00bb][et_pb_row admin_label=\u00a0\u00bbTitle Area\u00a0\u00bb _builder_version=\u00a0\u00bb4.16&Prime; custom_padding=\u00a0\u00bb||3em||false|false\u00a0\u00bb global_colors_info=\u00a0\u00bb{}\u00a0\u00bb][et_pb_column type=\u00a0\u00bb4_4&Prime; _builder_version=\u00a0\u00bb4.16&Prime; custom_padding=\u00a0\u00bb|||\u00a0\u00bb global_colors_info=\u00a0\u00bb{}\u00a0\u00bb custom_padding__hover=\u00a0\u00bb|||\u00a0\u00bb][et_pb_text admin_label=\u00a0\u00bbTitle\u00a0\u00bb _builder_version=\u00a0\u00bb4.21.0&Prime; text_font=\u00a0\u00bb||||||||\u00a0\u00bb header_font=\u00a0\u00bb||||||||\u00a0\u00bb header_text_align=\u00a0\u00bbcenter\u00a0\u00bb header_text_color=\u00a0\u00bb#52EEFF\u00a0\u00bb header_font_size=\u00a0\u00bb48px\u00a0\u00bb header_line_height=\u00a0\u00bb1.3em\u00a0\u00bb header_2_font=\u00a0\u00bb|700|||||||\u00a0\u00bb header_2_text_align=\u00a0\u00bbcenter\u00a0\u00bb header_2_text_color=\u00a0\u00bb#52EEFF\u00a0\u00bb header_2_font_size=\u00a0\u00bb48px\u00a0\u00bb header_2_line_height=\u00a0\u00bb1.3em\u00a0\u00bb custom_margin=\u00a0\u00bb||20px|\u00a0\u00bb animation_style=\u00a0\u00bbslide\u00a0\u00bb animation_direction=\u00a0\u00bbtop\u00a0\u00bb animation_intensity_slide=\u00a0\u00bb30%\u00a0\u00bb animation_starting_opacity=\u00a0\u00bb100%\u00a0\u00bb header_font_size_tablet=\u00a0\u00bb48px\u00a0\u00bb header_font_size_phone=\u00a0\u00bb32px\u00a0\u00bb header_font_size_last_edited=\u00a0\u00bbon|phone\u00a0\u00bb global_colors_info=\u00a0\u00bb{}\u00a0\u00bb]<\/p>\n<h1>D\u00e9claration de confidentialit\u00e9<\/h1>\n<p>[\/et_pb_text][et_pb_divider color=\u00a0\u00bb#E88033&Prime; divider_weight=\u00a0\u00bb3px\u00a0\u00bb _builder_version=\u00a0\u00bb4.16&Prime; max_width=\u00a0\u00bb60px\u00a0\u00bb module_alignment=\u00a0\u00bbcenter\u00a0\u00bb custom_margin=\u00a0\u00bb||10px|\u00a0\u00bb animation_style=\u00a0\u00bbslide\u00a0\u00bb animation_direction=\u00a0\u00bbtop\u00a0\u00bb animation_intensity_slide=\u00a0\u00bb30%\u00a0\u00bb animation_starting_opacity=\u00a0\u00bb100%\u00a0\u00bb global_colors_info=\u00a0\u00bb{}\u00a0\u00bb][\/et_pb_divider][\/et_pb_column][\/et_pb_row][\/et_pb_section][et_pb_section fb_built=\u00a0\u00bb1&Prime; admin_label=\u00a0\u00bbOur Specialties Section\u00a0\u00bb _builder_version=\u00a0\u00bb4.16&Prime; custom_padding=\u00a0\u00bb1em||0px||false|false\u00a0\u00bb global_colors_info=\u00a0\u00bb{}\u00a0\u00bb][et_pb_row admin_label=\u00a0\u00bbTitle Area\u00a0\u00bb _builder_version=\u00a0\u00bb4.16&Prime; custom_margin=\u00a0\u00bb||||false|false\u00a0\u00bb custom_padding=\u00a0\u00bb0px||3em||false|false\u00a0\u00bb global_colors_info=\u00a0\u00bb{}\u00a0\u00bb][et_pb_column type=\u00a0\u00bb4_4&Prime; _builder_version=\u00a0\u00bb4.16&Prime; custom_padding=\u00a0\u00bb|||\u00a0\u00bb global_colors_info=\u00a0\u00bb{}\u00a0\u00bb custom_padding__hover=\u00a0\u00bb|||\u00a0\u00bb][et_pb_text _builder_version=\u00a0\u00bb4.27.2&Prime; _module_preset=\u00a0\u00bbdefault\u00a0\u00bb header_3_font=\u00a0\u00bbMontserrat||||||||\u00a0\u00bb header_3_font_size=\u00a0\u00bb20px\u00a0\u00bb global_colors_info=\u00a0\u00bb{}\u00a0\u00bb]<\/p>\n<p><em>A propos du site <a href=\"https:\/\/competa-suites.com\/fr\/\">competa-suites.com<\/a> &#8211; C\u00f3mpeta\/Espagne, 04\/10\/2024<\/em><\/p>\n<h3>D\u00e9claration de confidentialit\u00e9<\/h3>\n<p>Nous avons l\u2019obligation de prot\u00e9ger vos donn\u00e9es et nous avons par la pr\u00e9sente \u00e9tabli une d\u00e9claration de confidentialit\u00e9. Nous expliquons ici quelles donn\u00e9es sont collect\u00e9es et utilis\u00e9es. Cette d\u00e9claration ne peut \u00e9videmment s&rsquo;appliquer qu&rsquo;aux services de C\u00f3mpeta Suites, et non \u00e0 des tiers. Nous ne serons pas responsables des d\u00e9clarations de confidentialit\u00e9 qui peuvent appara\u00eetre via un autre site en cliquant sur un de nos liens externes. En utilisant le site competa-suites.com, vous acceptez notre d\u00e9claration de confidentialit\u00e9.    <\/p>\n<h3>Objectif<\/h3>\n<p>Le site competa-suites.com collecte et utilise des donn\u00e9es personnelles uniquement aux fins d\u00e9crites dans notre d\u00e9claration de confidentialit\u00e9, \u00e0 moins que vous ne l&rsquo;approuviez pr\u00e9alablement par \u00e9crit.<\/p>\n<h3>Tiers<\/h3>\n<p>Les informations sont uniquement stock\u00e9es sur notre propre serveur et ne sont pas partag\u00e9es avec des tiers, sauf si cela est n\u00e9cessaire pour se conformer \u00e0 une obligation l\u00e9gale.<\/p>\n<h3>Formulaires<\/h3>\n<p>Les informations de contact enregistr\u00e9es via notre site avec votre nom, adresse, num\u00e9ro de t\u00e9l\u00e9phone et adresse email, ne sont utilis\u00e9es que pour pouvoir r\u00e9pondre \u00e0 vos questions. En remplissant un formulaire, vous acceptez le traitement de ces donn\u00e9es. <\/p>\n<h3>E-mails<\/h3>\n<p>Lorsque vous nous envoyez des e-mails ou d&rsquo;autres messages, les donn\u00e9es personnelles sont stock\u00e9es sur notre serveur s\u00e9curis\u00e9. Ces donn\u00e9es ne sont pas communiqu\u00e9es \u00e0 des tiers et\/ou ne sont pas utilis\u00e9es \u00e0 des fins autres que la fourniture de nos services.  <\/p>\n<h3>Comptabilit\u00e9<\/h3>\n<p>Les d\u00e9tails de votre r\u00e9servation seront communiqu\u00e9s au comptable\/gestionnaire local pour le r\u00e8glement de la TVA et la d\u00e9claration d&rsquo;imp\u00f4ts sur place.<\/p>\n<h3>\u00ab Guardia Civil \u00bb<\/h3>\n<p>Nous sommes l\u00e9galement tenus de signaler les arriv\u00e9es de tous nos clients aux autorit\u00e9s espagnoles au moyen d&rsquo;un document officiel contenant vos donn\u00e9es personnelles compl\u00e8tes.<\/p>\n<h3>Informations personnelles<\/h3>\n<p>Nous ne fournirons pas d&rsquo;informations personnelles \u00e0 des tiers, sauf si vous nous en donnez l&rsquo;autorisation ou si une d\u00e9cision de justice a \u00e9t\u00e9 rendue.<\/p>\n<p>Donn\u00e9es personnelles \u00e0 fournir :<\/p>\n<ul>\n<li>Pr\u00e9nom<\/li>\n<li>Nom de famille<\/li>\n<li>Adresse<\/li>\n<li>Sexe<\/li>\n<li>Date de naissance<\/li>\n<li>Nationalit\u00e9<\/li>\n<li>Type de document de voyage<\/li>\n<li>Date d&rsquo;\u00e9mission du document de voyage<\/li>\n<\/ul>\n<h3>Sites de r\u00e9servation externes<\/h3>\n<p>Si nous recevons vos donn\u00e9es par l&rsquo;interm\u00e9diaire de sites de r\u00e9servation tiers (Booking.com, Expedia.com, Airbnb.com et \u00e9ventuellement d&rsquo;autres), nous n&rsquo;utilisons ces donn\u00e9es personnelles que pour pouvoir vous fournir les services. Ces donn\u00e9es personnelles sont stock\u00e9es sur notre serveur s\u00e9curis\u00e9. Les donn\u00e9es ne sont pas communiqu\u00e9es \u00e0 des tiers et\/ou ne sont pas utilis\u00e9es \u00e0 d&rsquo;autres fins que la fourniture de nos services.  <\/p>\n<h3>Cookies<\/h3>\n<p>Notre site competa-suites.com utilise des cookies pour nous aider \u00e0 analyser la fa\u00e7on dont les utilisateurs utilisent le site. Les informations g\u00e9n\u00e9r\u00e9es par les cookies concernant votre utilisation du site sont stock\u00e9es sur notre serveur s\u00e9curis\u00e9. Ces donn\u00e9es personnelles ne sont pas transmises \u00e0 des tiers et\/ou ne sont pas utilis\u00e9es \u00e0 d&rsquo;autres fins que la fourniture de nos services. Vous pouvez choisir d&rsquo;accepter ou non les cookies. Certaines fonctionnalit\u00e9s et\/ou certains services de notre site peuvent ne pas fonctionner correctement si les cookies sont d\u00e9sactiv\u00e9s dans votre navigateur.    <\/p>\n<h3>D\u00e9sactivation des cookies<\/h3>\n<p>La plupart des navigateurs sont configur\u00e9s pour accepter les cookies par d\u00e9faut, mais vous pouvez r\u00e9initialiser votre navigateur pour qu&rsquo;il rejette tous les cookies ou pour qu&rsquo;il indique lorsqu&rsquo;un cookie est envoy\u00e9. Toutefois, certaines fonctionnalit\u00e9s et\/ou certains services, sur notre site et sur d&rsquo;autres sites, peuvent ne pas fonctionner correctement si les cookies sont d\u00e9sactiv\u00e9s dans votre navigateur. <\/p>\n<h3>Objectif du site<\/h3>\n<p>Le site competa-suites.com collecte et utilise des donn\u00e9es personnelles uniquement aux fins d\u00e9crites dans notre d\u00e9claration de confidentialit\u00e9, \u00e0 moins que vous ne l&rsquo;approuviez pr\u00e9alablement par \u00e9crit.<\/p>\n<h3>Modifications<\/h3>\n<p>Dit privacybeleid is afgestemd op het gebruik van en de mogelijkheden op onze website competa-suites.com. Eventueele aanpassingen en\/of veranderingen van deze privacyverklaring kunnen van onze kant zonder voorafgaande kennisgeving uitgevoerd worden en leiden tot wijzigingen in ons privacybeleid. De meest up to-date versie van ons privacybeleid staat altijd op onze website. Wij raden u daarom aan om regelmatig deze privacyverklaring te raadplegen.   <\/p>\n<h3>Voir les donn\u00e9es personnelles<\/h3>\n<p>Nous offrons \u00e0 tous les visiteurs de notre site Internet competa-suites.com la possibilit\u00e9 de consulter, de modifier ou de supprimer les informations personnelles qui se trouvent actuellement sur notre serveur. Vous pouvez nous envoyer une demande par e-mail, info@competa-suites.com, en joignant une copie de votre passeport. Dans ce cas, nous vous demandons de rendre illisibles \u00e0 l&rsquo;avance les donn\u00e9es telles que le num\u00e9ro de passeport et autres, afin de pr\u00e9server votre vie priv\u00e9e.  <\/p>\n<h3>Conservation des donn\u00e9es personnelles<\/h3>\n<p>Nous prenons tr\u00e8s au s\u00e9rieux la s\u00e9curit\u00e9 de vos donn\u00e9es personnelles et mettons tout en \u0153uvre pour emp\u00eacher toute utilisation abusive, perte ou acc\u00e8s non autoris\u00e9, divulgation non d\u00e9sir\u00e9e ou toute modification non autoris\u00e9e. L&rsquo;ordinateur de competa-suites.com est \u00e9quip\u00e9 d&rsquo;une protection McAffee et vos donn\u00e9es sont stock\u00e9es sur OneDrive. Nous ne conservons pas les donn\u00e9es personnelles plus longtemps que n\u00e9cessaire pour la fourniture des services, et pour l&rsquo;administration de notre d\u00e9claration fiscale. La l\u00e9gislation fiscale espagnole nous oblige \u00e0 les conserver pendant 6 ans.   <\/p>\n<h3>Pour toute question et commentaire<\/h3>\n<p>C\u00f3mpeta Suites<br \/>Calle Laberinto, 8<br \/>29754 C\u00f3mpeta, (M\u00e1laga) Espagne.<br \/>E-mail: <a href=\"mailto:info@competa-suites.com\">info@competa-suites.com<\/a><br \/>Activit\u00e9 commerciale : Location d\u2019appartements de vacances \u00e0 C\u00f3mpeta (M\u00e1laga) &#8211; Espagne.<\/p>\n<p><strong>Coordonn\u00e9es<\/strong><\/p>\n<p>Ann Birkekaer et Jan R Petersen<br \/>Calle Laberinto, 8<br \/>29754 C\u00f3mpeta, (M\u00e1laga) Espagne<br \/>Num\u00e9ro d\u2019enregistrement fiscal : X1879519M<br \/>T\u00e9l\u00e9phone portable : <a href=\"tel:0034601614652\">+34 601614652<\/a><\/p>\n<p>[\/et_pb_text][\/et_pb_column][\/et_pb_row][\/et_pb_section]<\/p>\n","protected":false},"excerpt":{"rendered":"<p>D\u00e9claration de confidentialit\u00e9A propos du site competa-suites.com &#8211; C\u00f3mpeta\/Espagne, 04\/10\/2024 D\u00e9claration de confidentialit\u00e9 Nous avons l\u2019obligation de prot\u00e9ger vos donn\u00e9es et nous avons par la pr\u00e9sente \u00e9tabli une d\u00e9claration de confidentialit\u00e9. Nous expliquons ici quelles donn\u00e9es sont collect\u00e9es et utilis\u00e9es. Cette d\u00e9claration ne peut \u00e9videmment s&rsquo;appliquer qu&rsquo;aux services de C\u00f3mpeta Suites, et non \u00e0 des [&hellip;]<\/p>\n","protected":false},"author":1,"featured_media":0,"parent":0,"menu_order":0,"comment_status":"closed","ping_status":"closed","template":"","meta":{"_et_pb_use_builder":"on","_et_pb_old_content":"","_et_gb_content_width":"","footnotes":""},"class_list":["post-3983","page","type-page","status-publish","hentry"],"_links":{"self":[{"href":"https:\/\/competa-suites.com\/fr\/wp-json\/wp\/v2\/pages\/3983","targetHints":{"allow":["GET"]}}],"collection":[{"href":"https:\/\/competa-suites.com\/fr\/wp-json\/wp\/v2\/pages"}],"about":[{"href":"https:\/\/competa-suites.com\/fr\/wp-json\/wp\/v2\/types\/page"}],"author":[{"embeddable":true,"href":"https:\/\/competa-suites.com\/fr\/wp-json\/wp\/v2\/users\/1"}],"replies":[{"embeddable":true,"href":"https:\/\/competa-suites.com\/fr\/wp-json\/wp\/v2\/comments?post=3983"}],"version-history":[{"count":2,"href":"https:\/\/competa-suites.com\/fr\/wp-json\/wp\/v2\/pages\/3983\/revisions"}],"predecessor-version":[{"id":3985,"href":"https:\/\/competa-suites.com\/fr\/wp-json\/wp\/v2\/pages\/3983\/revisions\/3985"}],"wp:attachment":[{"href":"https:\/\/competa-suites.com\/fr\/wp-json\/wp\/v2\/media?parent=3983"}],"curies":[{"name":"wp","href":"https:\/\/api.w.org\/{rel}","templated":true}]}}