{"id":3867,"date":"2022-04-02T11:32:41","date_gmt":"2022-04-02T11:32:41","guid":{"rendered":"https:\/\/competa-suites.com\/?page_id=3867"},"modified":"2025-05-03T16:02:45","modified_gmt":"2025-05-03T16:02:45","slug":"accessibilite","status":"publish","type":"page","link":"https:\/\/competa-suites.com\/fr\/accessibilite\/","title":{"rendered":"Accessibilit\u00e9"},"content":{"rendered":"<p>[et_pb_section fb_built=\u00a0\u00bb1&Prime; next_background_color=\u00a0\u00bb#ffffff\u00a0\u00bb admin_label=\u00a0\u00bbOur Specialties Section\u00a0\u00bb _builder_version=\u00a0\u00bb4.16&Prime; background_color=\u00a0\u00bb#E88033&Prime; custom_padding=\u00a0\u00bb3em||0px||false|false\u00a0\u00bb bottom_divider_style=\u00a0\u00bbwave2&Prime; global_colors_info=\u00a0\u00bb{}\u00a0\u00bb][et_pb_row admin_label=\u00a0\u00bbTitle Area\u00a0\u00bb _builder_version=\u00a0\u00bb4.16&Prime; custom_padding=\u00a0\u00bb||3em||false|false\u00a0\u00bb global_colors_info=\u00a0\u00bb{}\u00a0\u00bb][et_pb_column type=\u00a0\u00bb4_4&Prime; _builder_version=\u00a0\u00bb4.16&Prime; custom_padding=\u00a0\u00bb|||\u00a0\u00bb global_colors_info=\u00a0\u00bb{}\u00a0\u00bb custom_padding__hover=\u00a0\u00bb|||\u00a0\u00bb][et_pb_text admin_label=\u00a0\u00bbTitle\u00a0\u00bb _builder_version=\u00a0\u00bb4.27.4&Prime; text_font=\u00a0\u00bb||||||||\u00a0\u00bb header_font=\u00a0\u00bb||||||||\u00a0\u00bb header_text_align=\u00a0\u00bbcenter\u00a0\u00bb header_text_color=\u00a0\u00bb#52EEFF\u00a0\u00bb header_font_size=\u00a0\u00bb48px\u00a0\u00bb header_line_height=\u00a0\u00bb1.3em\u00a0\u00bb header_2_font=\u00a0\u00bb|600|||||||\u00a0\u00bb header_2_text_align=\u00a0\u00bbcenter\u00a0\u00bb header_2_text_color=\u00a0\u00bb#52EEFF\u00a0\u00bb header_2_font_size=\u00a0\u00bb48px\u00a0\u00bb header_2_line_height=\u00a0\u00bb1.3em\u00a0\u00bb custom_margin=\u00a0\u00bb||20px|\u00a0\u00bb animation_style=\u00a0\u00bbslide\u00a0\u00bb animation_direction=\u00a0\u00bbtop\u00a0\u00bb animation_intensity_slide=\u00a0\u00bb30%\u00a0\u00bb animation_starting_opacity=\u00a0\u00bb100%\u00a0\u00bb header_font_size_tablet=\u00a0\u00bb48px\u00a0\u00bb header_font_size_phone=\u00a0\u00bb36px\u00a0\u00bb header_font_size_last_edited=\u00a0\u00bbon|phone\u00a0\u00bb global_colors_info=\u00a0\u00bb{}\u00a0\u00bb]<\/p>\n<h1>Acc\u00e8s, location de voiture et de v\u00e9los<\/h1>\n<p>[\/et_pb_text][et_pb_divider color=\u00a0\u00bb#E88033&Prime; divider_weight=\u00a0\u00bb3px\u00a0\u00bb _builder_version=\u00a0\u00bb4.16&Prime; max_width=\u00a0\u00bb60px\u00a0\u00bb module_alignment=\u00a0\u00bbcenter\u00a0\u00bb custom_margin=\u00a0\u00bb||10px|\u00a0\u00bb animation_style=\u00a0\u00bbslide\u00a0\u00bb animation_direction=\u00a0\u00bbtop\u00a0\u00bb animation_intensity_slide=\u00a0\u00bb30%\u00a0\u00bb animation_starting_opacity=\u00a0\u00bb100%\u00a0\u00bb global_colors_info=\u00a0\u00bb{}\u00a0\u00bb][\/et_pb_divider][\/et_pb_column][\/et_pb_row][\/et_pb_section][et_pb_section fb_built=\u00a0\u00bb1&Prime; custom_padding_last_edited=\u00a0\u00bbon|phone\u00a0\u00bb admin_label=\u00a0\u00bbOur Specialties Section\u00a0\u00bb _builder_version=\u00a0\u00bb4.16.0&Prime; custom_padding=\u00a0\u00bb3em||3em||true|false\u00a0\u00bb custom_padding_tablet=\u00a0\u00bb3em||0px||false|false\u00a0\u00bb custom_padding_phone=\u00a0\u00bb1em||0px||false|false\u00a0\u00bb global_colors_info=\u00a0\u00bb{}\u00a0\u00bb][et_pb_row admin_label=\u00a0\u00bbTitle Area\u00a0\u00bb _builder_version=\u00a0\u00bb4.16&Prime; custom_padding=\u00a0\u00bb0px||0px||true|false\u00a0\u00bb global_colors_info=\u00a0\u00bb{}\u00a0\u00bb][et_pb_column type=\u00a0\u00bb4_4&Prime; _builder_version=\u00a0\u00bb4.16&Prime; custom_padding=\u00a0\u00bb|||\u00a0\u00bb global_colors_info=\u00a0\u00bb{}\u00a0\u00bb custom_padding__hover=\u00a0\u00bb|||\u00a0\u00bb][et_pb_text admin_label=\u00a0\u00bbSubtitle\u00a0\u00bb _builder_version=\u00a0\u00bb4.27.4&Prime; text_font=\u00a0\u00bb||||||||\u00a0\u00bb text_font_size=\u00a0\u00bb16px\u00a0\u00bb module_alignment=\u00a0\u00bbcenter\u00a0\u00bb animation_style=\u00a0\u00bbslide\u00a0\u00bb animation_direction=\u00a0\u00bbtop\u00a0\u00bb animation_intensity_slide=\u00a0\u00bb20%\u00a0\u00bb animation_starting_opacity=\u00a0\u00bb100%\u00a0\u00bb global_colors_info=\u00a0\u00bb{}\u00a0\u00bb]<\/p>\n<h2>Acc\u00e8s en transport en commun ou taxi depuis l\u2019a\u00e9roport<\/h2>\n<p>Il est possible d\u2019arriver au C\u00f3mpeta Suites en transport en commun, par exemple en bus depuis l\u2019a\u00e9roport de Malaga ou depuis Torre del Mar. Nous pouvons \u00e9galement faire en sorte qu\u2019un chauffeur de notre compagnie de taxis locale vienne vous chercher \u00e0 l\u2019a\u00e9roport. <\/p>\n<h2>Location de voiture avec 15 % de r\u00e9duction<\/h2>\n<p>Nous avons un accord de r\u00e9ductions sur les locations de voiture avec la compagnie Helle Hollis, qui vous offre 15 % de r\u00e9duction sur la location \u00e0 l\u2019a\u00e9roport de Malaga lorsque vous avez r\u00e9serv\u00e9 un s\u00e9jour chez nous. <\/p>\n<p>Nous vous fournissons le code n\u00e9cessaire d\u00e8s que votre r\u00e9servation est faite.<\/p>\n<h2>Location de v\u00e9los<\/h2>\n<p>Nous vous recommandons de louer vos v\u00e9los chez <a href=\"https:\/\/www.competabyebike.com\/\" target=\"_blank\" rel=\"noopener\">C\u00f3mpeta by e-Bike<\/a>.<\/p>\n<p>Nous vous conseillons de le faire \u00e0 l\u2019avance.<\/p>\n<p>[\/et_pb_text][et_pb_button button_url=\u00a0\u00bbhttps:\/\/competa-suites.com\/fr\/contact\/\u00a0\u00bb button_text=\u00a0\u00bbContactez-nous pour plus d\u2019informations\u00a0\u00bb button_alignment=\u00a0\u00bbleft\u00a0\u00bb _builder_version=\u00a0\u00bb4.19.2&Prime; _module_preset=\u00a0\u00bb902681e6-674d-492b-9085-57793e5d214f\u00a0\u00bb custom_margin=\u00a0\u00bb2em||2em||true|false\u00a0\u00bb global_colors_info=\u00a0\u00bb{}\u00a0\u00bb][\/et_pb_button][\/et_pb_column][\/et_pb_row][\/et_pb_section][et_pb_section fb_built=\u00a0\u00bb1&Prime; fullwidth=\u00a0\u00bbon\u00a0\u00bb _builder_version=\u00a0\u00bb4.16&Prime; _module_preset=\u00a0\u00bbdefault\u00a0\u00bb saved_tabs=\u00a0\u00bball\u00a0\u00bb global_colors_info=\u00a0\u00bb{}\u00a0\u00bb global_module=\u00a0\u00bb3665&Prime; theme_builder_area=\u00a0\u00bbpost_content\u00a0\u00bb][et_pb_fullwidth_code _builder_version=\u00a0\u00bb4.27.4&Prime; _module_preset=\u00a0\u00bbdefault\u00a0\u00bb background_color=\u00a0\u00bb#33D6E8&Prime; global_colors_info=\u00a0\u00bb{}\u00a0\u00bb theme_builder_area=\u00a0\u00bbpost_content\u00a0\u00bb]<iframe src=\"https:\/\/www.google.com\/maps\/embed?pb=!1m18!1m12!1m3!1d12774.247897538187!2d-3.98764135713926!3d36.829014963246905!2m3!1f0!2f0!3f0!3m2!1i1024!2i768!4f13.1!3m3!1m2!1s0x9df103884962859%3A0x960cacacd4df4f8d!2sCompeta-Suites!5e0!3m2!1snl!2sfr!4v1744538293078!5m2!1snl!2sfr\" width=\"100%\" height=\"450\" style=\"border:0;\" allowfullscreen=\"\" loading=\"lazy\" referrerpolicy=\"no-referrer-when-downgrade\"><\/iframe>[\/et_pb_fullwidth_code][\/et_pb_section]<\/p>\n","protected":false},"excerpt":{"rendered":"<p>Acc\u00e8s, location de voiture et de v\u00e9losAcc\u00e8s en transport en commun ou taxi depuis l\u2019a\u00e9roport Il est possible d\u2019arriver au C\u00f3mpeta Suites en transport en commun, par exemple en bus depuis l\u2019a\u00e9roport de Malaga ou depuis Torre del Mar. Nous pouvons \u00e9galement faire en sorte qu\u2019un chauffeur de notre compagnie de taxis locale vienne vous [&hellip;]<\/p>\n","protected":false},"author":1,"featured_media":0,"parent":0,"menu_order":0,"comment_status":"closed","ping_status":"closed","template":"","meta":{"_et_pb_use_builder":"on","_et_pb_old_content":"","_et_gb_content_width":"","footnotes":""},"class_list":["post-3867","page","type-page","status-publish","hentry"],"_links":{"self":[{"href":"https:\/\/competa-suites.com\/fr\/wp-json\/wp\/v2\/pages\/3867","targetHints":{"allow":["GET"]}}],"collection":[{"href":"https:\/\/competa-suites.com\/fr\/wp-json\/wp\/v2\/pages"}],"about":[{"href":"https:\/\/competa-suites.com\/fr\/wp-json\/wp\/v2\/types\/page"}],"author":[{"embeddable":true,"href":"https:\/\/competa-suites.com\/fr\/wp-json\/wp\/v2\/users\/1"}],"replies":[{"embeddable":true,"href":"https:\/\/competa-suites.com\/fr\/wp-json\/wp\/v2\/comments?post=3867"}],"version-history":[{"count":6,"href":"https:\/\/competa-suites.com\/fr\/wp-json\/wp\/v2\/pages\/3867\/revisions"}],"predecessor-version":[{"id":3904,"href":"https:\/\/competa-suites.com\/fr\/wp-json\/wp\/v2\/pages\/3867\/revisions\/3904"}],"wp:attachment":[{"href":"https:\/\/competa-suites.com\/fr\/wp-json\/wp\/v2\/media?parent=3867"}],"curies":[{"name":"wp","href":"https:\/\/api.w.org\/{rel}","templated":true}]}}