{"id":3862,"date":"2022-03-25T20:19:58","date_gmt":"2022-03-25T20:19:58","guid":{"rendered":"https:\/\/competa-suites.com\/?page_id=3862"},"modified":"2025-05-02T15:30:08","modified_gmt":"2025-05-02T15:30:08","slug":"a-propos-de-nous","status":"publish","type":"page","link":"https:\/\/competa-suites.com\/fr\/a-propos-de-nous\/","title":{"rendered":"\u00c0 propos de nous"},"content":{"rendered":"<p>[et_pb_section fb_built=\u00a0\u00bb1&Prime; next_background_color=\u00a0\u00bb#ffffff\u00a0\u00bb admin_label=\u00a0\u00bbOur Specialties Section\u00a0\u00bb _builder_version=\u00a0\u00bb4.16&Prime; background_color=\u00a0\u00bb#33D6E8&Prime; custom_padding=\u00a0\u00bb3em||0px||false|false\u00a0\u00bb bottom_divider_style=\u00a0\u00bbwave2&Prime; global_colors_info=\u00a0\u00bb{}\u00a0\u00bb][et_pb_row admin_label=\u00a0\u00bbTitle Area\u00a0\u00bb _builder_version=\u00a0\u00bb4.16&Prime; custom_padding=\u00a0\u00bb||3em||false|false\u00a0\u00bb global_colors_info=\u00a0\u00bb{}\u00a0\u00bb][et_pb_column type=\u00a0\u00bb4_4&Prime; _builder_version=\u00a0\u00bb4.16&Prime; custom_padding=\u00a0\u00bb|||\u00a0\u00bb global_colors_info=\u00a0\u00bb{}\u00a0\u00bb custom_padding__hover=\u00a0\u00bb|||\u00a0\u00bb][et_pb_text admin_label=\u00a0\u00bbTitle\u00a0\u00bb _builder_version=\u00a0\u00bb4.27.2&Prime; text_font=\u00a0\u00bb||||||||\u00a0\u00bb header_font=\u00a0\u00bb||||||||\u00a0\u00bb header_text_align=\u00a0\u00bbcenter\u00a0\u00bb header_text_color=\u00a0\u00bb#E88033&Prime; header_font_size=\u00a0\u00bb48px\u00a0\u00bb header_line_height=\u00a0\u00bb1.3em\u00a0\u00bb header_2_font=\u00a0\u00bb|600|||||||\u00a0\u00bb header_2_text_align=\u00a0\u00bbcenter\u00a0\u00bb header_2_text_color=\u00a0\u00bb#E88033&Prime; header_2_font_size=\u00a0\u00bb48px\u00a0\u00bb header_2_line_height=\u00a0\u00bb1.3em\u00a0\u00bb custom_margin=\u00a0\u00bb||20px|\u00a0\u00bb animation_style=\u00a0\u00bbslide\u00a0\u00bb animation_direction=\u00a0\u00bbtop\u00a0\u00bb animation_intensity_slide=\u00a0\u00bb30%\u00a0\u00bb animation_starting_opacity=\u00a0\u00bb100%\u00a0\u00bb header_font_size_tablet=\u00a0\u00bb48px\u00a0\u00bb header_font_size_phone=\u00a0\u00bb36px\u00a0\u00bb header_font_size_last_edited=\u00a0\u00bbon|phone\u00a0\u00bb global_colors_info=\u00a0\u00bb{}\u00a0\u00bb]<\/p>\n<h1>\u00c0 propos de nous<\/h1>\n<p>[\/et_pb_text][et_pb_divider color=\u00a0\u00bb#9C4403&Prime; divider_weight=\u00a0\u00bb3px\u00a0\u00bb _builder_version=\u00a0\u00bb4.16&Prime; max_width=\u00a0\u00bb60px\u00a0\u00bb module_alignment=\u00a0\u00bbcenter\u00a0\u00bb custom_margin=\u00a0\u00bb||10px|\u00a0\u00bb animation_style=\u00a0\u00bbslide\u00a0\u00bb animation_direction=\u00a0\u00bbtop\u00a0\u00bb animation_intensity_slide=\u00a0\u00bb30%\u00a0\u00bb animation_starting_opacity=\u00a0\u00bb100%\u00a0\u00bb global_colors_info=\u00a0\u00bb{}\u00a0\u00bb][\/et_pb_divider][\/et_pb_column][\/et_pb_row][\/et_pb_section][et_pb_section fb_built=\u00a0\u00bb1&Prime; _builder_version=\u00a0\u00bb4.16&Prime; _module_preset=\u00a0\u00bbdefault\u00a0\u00bb custom_margin=\u00a0\u00bb1em||||false|false\u00a0\u00bb custom_padding=\u00a0\u00bb0px||2em||false|false\u00a0\u00bb global_colors_info=\u00a0\u00bb{}\u00a0\u00bb][et_pb_row column_structure=\u00a0\u00bb3_5,2_5&Prime; use_custom_gutter=\u00a0\u00bbon\u00a0\u00bb gutter_width=\u00a0\u00bb2&Prime; _builder_version=\u00a0\u00bb4.27.4&Prime; _module_preset=\u00a0\u00bbdefault\u00a0\u00bb custom_padding=\u00a0\u00bb0px||0px||false|false\u00a0\u00bb hover_enabled=\u00a0\u00bb0&Prime; global_colors_info=\u00a0\u00bb{}\u00a0\u00bb sticky_enabled=\u00a0\u00bb0&Prime;][et_pb_column type=\u00a0\u00bb3_5&Prime; _builder_version=\u00a0\u00bb4.16&Prime; _module_preset=\u00a0\u00bbdefault\u00a0\u00bb global_colors_info=\u00a0\u00bb{}\u00a0\u00bb][et_pb_text _builder_version=\u00a0\u00bb4.27.4&Prime; _module_preset=\u00a0\u00bbdefault\u00a0\u00bb link_text_color=\u00a0\u00bb#E88033&Prime; header_2_font=\u00a0\u00bb|600|||||||\u00a0\u00bb header_2_font_size=\u00a0\u00bb28px\u00a0\u00bb header_3_font=\u00a0\u00bb|600|||||||\u00a0\u00bb header_3_text_color=\u00a0\u00bb#1499A8&Prime; header_3_font_size=\u00a0\u00bb23px\u00a0\u00bb hover_enabled=\u00a0\u00bb0&Prime; global_colors_info=\u00a0\u00bb{}\u00a0\u00bb link_text_color__hover_enabled=\u00a0\u00bbon|hover\u00a0\u00bb link_text_color__hover=\u00a0\u00bb#33D6E8&Prime; sticky_enabled=\u00a0\u00bb0&Prime;]<\/p>\n<p>En janvier 2020 nous sommes arriv\u00e9s \u00e0 C\u00f3mpeta pour la premi\u00e8re fois. Nous voulions au d\u00e9but trouver une maison \u00e0 Torrox sur la c\u00f4te mais l\u2019agent immobilier nous a montr\u00e9 \u00e0 la place une maison dans les montagnes. Au bout d\u2019une heure et demie nous \u00e9tions convaincus que nous souhaitons vivre \u00e0 C\u00f3mpeta. Nous nous sommes sentis chez nous toute de suite ; nous appr\u00e9cions le climat, les montagnes, les gens, la vue sur la mer et le mode de vie ici.<\/p>\n<p>Apr\u00e8s avoir pass\u00e9 de nombreuses ann\u00e9es au Groenland, o\u00f9 Jan avait son commerce et Ann travaillait dans le syst\u00e8me de sant\u00e9, et en m\u00eame temps nous avions eu 4 enfants, nous avons d\u00e9cid\u00e9 de d\u00e9m\u00e9nager en Espagne en 2023. Ainsi, nous pourrions \u00eatre plus pr\u00e8s de nos parents \u00e2g\u00e9s et de nous enfants \u00e9tudiants tout en profitant d\u2019un meilleur climat et de journ\u00e9es de travail plus courtes.<\/p>\n<p>En 2024, nous avons achet\u00e9 C\u00f3mpeta Suites \u00e0 Monsieur Albert ; un N\u00e9erlandais qui a pris sa retraite. Il a fait beaucoup d\u2019efforts afin de g\u00e9rer cet endroit avec amour et \u00e9nergie. Nous souhaitons continuer \u00e0 louer les appartements dans le m\u00eame esprit et cela est un grand plaisir.<\/p>\n<p>Nous esp\u00e9rons vous accueillir \u00e0 C\u00f3mpeta lors de vos vacances p\u00e9destres ou en cyclotourisme, ou peut \u00eatre simplement quand vous venez vous d\u00e9tendre au pied du parc naturel \u201dSierras Tejeda, Almijara y Alhama\u201d.<\/p>\n<p>&nbsp;<\/p>\n<h3>Ann Birkek\u00e6r &amp; Jan R. Petersen<\/h3>\n<p>[\/et_pb_text][\/et_pb_column][et_pb_column type=\u00a0\u00bb2_5&Prime; _builder_version=\u00a0\u00bb4.16&Prime; _module_preset=\u00a0\u00bbdefault\u00a0\u00bb global_colors_info=\u00a0\u00bb{}\u00a0\u00bb][et_pb_image src=\u00a0\u00bbhttps:\/\/competa-suites.com\/wp-content\/uploads\/2024\/10\/Ann-Birkekaer-Jan-R-Petersen-competa-suites.jpg\u00a0\u00bb alt=\u00a0\u00bbAnn Birkekaer et Jan R Petersen de C\u00f3mpeta Suites\u00a0\u00bb title_text=\u00a0\u00bbAnn Birkekaer et Jan R Petersen de C\u00f3mpeta Suites\u00a0\u00bb show_in_lightbox=\u00a0\u00bbon\u00a0\u00bb _builder_version=\u00a0\u00bb4.27.2&Prime; _module_preset=\u00a0\u00bb469b733a-48aa-416b-83c7-f49583e8d07e\u00a0\u00bb global_colors_info=\u00a0\u00bb{}\u00a0\u00bb][\/et_pb_image][\/et_pb_column][\/et_pb_row][\/et_pb_section]<\/p>\n","protected":false},"excerpt":{"rendered":"<p>\u00c0 propos de nousEn janvier 2020 nous sommes arriv\u00e9s \u00e0 C\u00f3mpeta pour la premi\u00e8re fois. Nous voulions au d\u00e9but trouver une maison \u00e0 Torrox sur la c\u00f4te mais l\u2019agent immobilier nous a montr\u00e9 \u00e0 la place une maison dans les montagnes. Au bout d\u2019une heure et demie nous \u00e9tions convaincus que nous souhaitons vivre \u00e0 [&hellip;]<\/p>\n","protected":false},"author":1,"featured_media":0,"parent":0,"menu_order":0,"comment_status":"closed","ping_status":"closed","template":"","meta":{"_et_pb_use_builder":"on","_et_pb_old_content":"","_et_gb_content_width":"","footnotes":""},"class_list":["post-3862","page","type-page","status-publish","hentry"],"_links":{"self":[{"href":"https:\/\/competa-suites.com\/fr\/wp-json\/wp\/v2\/pages\/3862","targetHints":{"allow":["GET"]}}],"collection":[{"href":"https:\/\/competa-suites.com\/fr\/wp-json\/wp\/v2\/pages"}],"about":[{"href":"https:\/\/competa-suites.com\/fr\/wp-json\/wp\/v2\/types\/page"}],"author":[{"embeddable":true,"href":"https:\/\/competa-suites.com\/fr\/wp-json\/wp\/v2\/users\/1"}],"replies":[{"embeddable":true,"href":"https:\/\/competa-suites.com\/fr\/wp-json\/wp\/v2\/comments?post=3862"}],"version-history":[{"count":6,"href":"https:\/\/competa-suites.com\/fr\/wp-json\/wp\/v2\/pages\/3862\/revisions"}],"predecessor-version":[{"id":3902,"href":"https:\/\/competa-suites.com\/fr\/wp-json\/wp\/v2\/pages\/3862\/revisions\/3902"}],"wp:attachment":[{"href":"https:\/\/competa-suites.com\/fr\/wp-json\/wp\/v2\/media?parent=3862"}],"curies":[{"name":"wp","href":"https:\/\/api.w.org\/{rel}","templated":true}]}}