{"id":3848,"date":"2022-03-26T17:10:02","date_gmt":"2022-03-26T17:10:02","guid":{"rendered":"https:\/\/competa-suites.com\/?page_id=3848"},"modified":"2025-05-02T12:41:53","modified_gmt":"2025-05-02T12:41:53","slug":"les-environs","status":"publish","type":"page","link":"https:\/\/competa-suites.com\/fr\/les-environs\/","title":{"rendered":"Les environs"},"content":{"rendered":"<p>[et_pb_section fb_built=\u00a0\u00bb1&Prime; next_background_color=\u00a0\u00bb#ffffff\u00a0\u00bb admin_label=\u00a0\u00bbOur Specialties Section\u00a0\u00bb _builder_version=\u00a0\u00bb4.16&Prime; background_color=\u00a0\u00bb#52EEFF\u00a0\u00bb custom_padding=\u00a0\u00bb3em||0px||false|false\u00a0\u00bb bottom_divider_style=\u00a0\u00bbwave2&Prime; global_colors_info=\u00a0\u00bb{}\u00a0\u00bb][et_pb_row admin_label=\u00a0\u00bbTitle Area\u00a0\u00bb _builder_version=\u00a0\u00bb4.16&Prime; custom_padding=\u00a0\u00bb||3em||false|false\u00a0\u00bb global_colors_info=\u00a0\u00bb{}\u00a0\u00bb][et_pb_column type=\u00a0\u00bb4_4&Prime; _builder_version=\u00a0\u00bb4.16&Prime; custom_padding=\u00a0\u00bb|||\u00a0\u00bb global_colors_info=\u00a0\u00bb{}\u00a0\u00bb custom_padding__hover=\u00a0\u00bb|||\u00a0\u00bb][et_pb_text admin_label=\u00a0\u00bbTitle\u00a0\u00bb _builder_version=\u00a0\u00bb4.21.0&Prime; text_font=\u00a0\u00bb||||||||\u00a0\u00bb header_font=\u00a0\u00bb||||||||\u00a0\u00bb header_text_align=\u00a0\u00bbcenter\u00a0\u00bb header_font_size=\u00a0\u00bb48px\u00a0\u00bb header_line_height=\u00a0\u00bb1.3em\u00a0\u00bb header_2_font=\u00a0\u00bbMerienda One|700|||||||\u00a0\u00bb header_2_text_align=\u00a0\u00bbcenter\u00a0\u00bb header_2_text_color=\u00a0\u00bb#E88033&Prime; header_2_font_size=\u00a0\u00bb48px\u00a0\u00bb header_2_line_height=\u00a0\u00bb1.3em\u00a0\u00bb custom_margin=\u00a0\u00bb||20px|\u00a0\u00bb animation_style=\u00a0\u00bbslide\u00a0\u00bb animation_direction=\u00a0\u00bbtop\u00a0\u00bb animation_intensity_slide=\u00a0\u00bb30%\u00a0\u00bb animation_starting_opacity=\u00a0\u00bb100%\u00a0\u00bb header_font_size_tablet=\u00a0\u00bb48px\u00a0\u00bb header_font_size_phone=\u00a0\u00bb36px\u00a0\u00bb header_font_size_last_edited=\u00a0\u00bbon|phone\u00a0\u00bb global_colors_info=\u00a0\u00bb{}\u00a0\u00bb]<\/p>\n<h1>Autour de C\u00f3mpeta<\/h1>\n<p>[\/et_pb_text][et_pb_divider color=\u00a0\u00bb#1499A8&Prime; divider_weight=\u00a0\u00bb3px\u00a0\u00bb _builder_version=\u00a0\u00bb4.16&Prime; max_width=\u00a0\u00bb60px\u00a0\u00bb module_alignment=\u00a0\u00bbcenter\u00a0\u00bb custom_margin=\u00a0\u00bb||10px|\u00a0\u00bb animation_style=\u00a0\u00bbslide\u00a0\u00bb animation_direction=\u00a0\u00bbtop\u00a0\u00bb animation_intensity_slide=\u00a0\u00bb30%\u00a0\u00bb animation_starting_opacity=\u00a0\u00bb100%\u00a0\u00bb global_colors_info=\u00a0\u00bb{}\u00a0\u00bb][\/et_pb_divider][\/et_pb_column][\/et_pb_row][\/et_pb_section][et_pb_section fb_built=\u00a0\u00bb1&Prime; _builder_version=\u00a0\u00bb4.16&Prime; _module_preset=\u00a0\u00bbdefault\u00a0\u00bb custom_padding=\u00a0\u00bb0px||3em||false|false\u00a0\u00bb global_colors_info=\u00a0\u00bb{}\u00a0\u00bb][et_pb_row _builder_version=\u00a0\u00bb4.16&Prime; _module_preset=\u00a0\u00bbdefault\u00a0\u00bb custom_padding=\u00a0\u00bb3em||0px||false|false\u00a0\u00bb global_colors_info=\u00a0\u00bb{}\u00a0\u00bb][et_pb_column type=\u00a0\u00bb4_4&Prime; _builder_version=\u00a0\u00bb4.16&Prime; _module_preset=\u00a0\u00bbdefault\u00a0\u00bb global_colors_info=\u00a0\u00bb{}\u00a0\u00bb][et_pb_text admin_label=\u00a0\u00bbTitle\u00a0\u00bb _builder_version=\u00a0\u00bb4.27.4&Prime; text_font=\u00a0\u00bb||||||||\u00a0\u00bb header_font=\u00a0\u00bb||||||||\u00a0\u00bb header_2_font=\u00a0\u00bb||||||||\u00a0\u00bb header_2_text_align=\u00a0\u00bbleft\u00a0\u00bb header_2_font_size=\u00a0\u00bb34px\u00a0\u00bb header_2_line_height=\u00a0\u00bb1.3em\u00a0\u00bb custom_margin=\u00a0\u00bb||20px|\u00a0\u00bb animation_style=\u00a0\u00bbslide\u00a0\u00bb animation_direction=\u00a0\u00bbtop\u00a0\u00bb animation_intensity_slide=\u00a0\u00bb30%\u00a0\u00bb animation_starting_opacity=\u00a0\u00bb100%\u00a0\u00bb global_colors_info=\u00a0\u00bb{}\u00a0\u00bb]<\/p>\n<p>C\u00f3mpeta se trouve dans la r\u00e9gion verdoyante de l\u2019Axarquia \u00e0 l\u2019est de Malaga. Cette r\u00e9gion est surtout connue pour son vin Moscatel ainsi que pour ses d\u00e9licieux avocats et mangues. Il y a beaucoup de chemins de randonn\u00e9e et C\u00f3mpeta se situe au pied du parc naturel appel\u00e9 \u201dSierras Tejeda, Almijara y Alhama\u201d. C\u2019est un paradis si vous \u00eates un adepte de la randonn\u00e9e ou du VTT. Il y a des itin\u00e9raires balis\u00e9s qui traversent plusieurs des magnifiques villages blancs et il y a des pistes cyclables de 45 \u00e0 130 km \u00e0 travers les montagnes et le long de la c\u00f4te m\u00e9diterran\u00e9enne. En Janvier, les collines sont remplies d\u2019orangers et d\u2019amandiers, et vous pouvez profiter de la vue enneig\u00e9e de la Sierra Nevada au loin.<\/p>\n<p>C\u00f3mpeta se trouve dans la r\u00e9gion verdoyante de l\u2019Axarquia \u00e0 l\u2019est de Malaga. Cette r\u00e9gion est surtout connue pour son vin Moscatel ainsi que pour ses d\u00e9licieux avocats et mangues. Il y a beaucoup de chemins de randonn\u00e9e et C\u00f3mpeta se situe au pied du parc naturel appel\u00e9 \u201dSierras Tejeda, Almijara y Alhama\u201d. C\u2019est un paradis si vous \u00eates un adepte de la randonn\u00e9e ou du VTT. Il y a des itin\u00e9raires balis\u00e9s qui traversent plusieurs des magnifiques villages blancs et il y a des pistes cyclables de 45 \u00e0 130 km \u00e0 travers les montagnes et le long de la c\u00f4te m\u00e9diterran\u00e9enne. En Janvier, les collines sont remplies d\u2019orangers et d\u2019amandiers, et vous pouvez profiter de la vue enneig\u00e9e de la Sierra Nevada au loin.<\/p>\n<p>Lors de votre s\u00e9jour, vous aurez \u00e9galement l\u2019occasion de visiter par exemple Grenade, S\u00e9ville, Cordoue et bien s\u00fbr Malaga. Nous vous aiderons volontiers en vous donnant plein de bons conseils. Il est possible aussi d\u2019aller en marchant ou \u00e0 v\u00e9lo jusqu\u2019au village perdu El Acebuchal, qui a une histoire int\u00e9ressante en relation avec la guerre civile espagnole.<br \/>Il est possible de se rendre \u00e0 C\u00f3mpeta en transport public depuis l\u2019a\u00e9roport mais nous proposons aussi de venir vous chercher nous-m\u00eames\u00a0! Voir \u00e9galement ici sur le site, dans la partie \u00ab\u00a0Acc\u00e8s\u00a0\u00bb, les informations concernant notre accord de r\u00e9ductions sur les locations de voiture avec la compagnie Helle Hollis.<\/p>\n<p>[\/et_pb_text][\/et_pb_column][\/et_pb_row][\/et_pb_section][et_pb_section fb_built=\u00a0\u00bb1&Prime; prev_background_color=\u00a0\u00bb#ffffff\u00a0\u00bb _builder_version=\u00a0\u00bb4.27.4&Prime; _module_preset=\u00a0\u00bbdefault\u00a0\u00bb background_color=\u00a0\u00bb#33D6E8&Prime; custom_padding=\u00a0\u00bb||6em||false|false\u00a0\u00bb top_divider_style=\u00a0\u00bbwave2&Prime; bottom_divider_style=\u00a0\u00bbwave2&Prime; bottom_divider_color=\u00a0\u00bb#1499A8&Prime; global_colors_info=\u00a0\u00bb{}\u00a0\u00bb][et_pb_row custom_padding_last_edited=\u00a0\u00bbon|phone\u00a0\u00bb _builder_version=\u00a0\u00bb4.27.4&Prime; _module_preset=\u00a0\u00bbdefault\u00a0\u00bb custom_padding=\u00a0\u00bb3em||0px||false|false\u00a0\u00bb custom_padding_tablet=\u00a0\u00bb||1em||false|false\u00a0\u00bb custom_padding_phone=\u00a0\u00bb||0em||false|false\u00a0\u00bb global_colors_info=\u00a0\u00bb{}\u00a0\u00bb][et_pb_column type=\u00a0\u00bb4_4&Prime; _builder_version=\u00a0\u00bb4.16&Prime; _module_preset=\u00a0\u00bbdefault\u00a0\u00bb global_colors_info=\u00a0\u00bb{}\u00a0\u00bb][et_pb_text _builder_version=\u00a0\u00bb4.27.4&Prime; _module_preset=\u00a0\u00bbdefault\u00a0\u00bb text_text_color=\u00a0\u00bb#421C01&Prime; link_text_color=\u00a0\u00bb#E88033&Prime; header_3_text_color=\u00a0\u00bb#E88033&Prime; header_3_font_size=\u00a0\u00bb21px\u00a0\u00bb global_colors_info=\u00a0\u00bb{}\u00a0\u00bb link_text_color__hover_enabled=\u00a0\u00bbon|hover\u00a0\u00bb link_text_color__hover=\u00a0\u00bb#9C4403&Prime;]<\/p>\n<h2>Randonn\u00e9e et cyclisme en Andalousie<\/h2>\n<p>Le village blanc C\u00f3mpeta, situ\u00e9 \u00e0 640 m\u00e8tres d&rsquo;altitude, est le point de d\u00e9part id\u00e9al quand on arrive en Andalousie pour faire de la randonn\u00e9e. C\u00f3mpeta se trouve au pied du parc naturel appel\u00e9 \u201dSierras Tejeda, Almijara y Alhama\u201d avec son point culminant \u00e0 2063 m, d\u2019o\u00f9 on a une vue incroyable sur la c\u00f4te m\u00e9diterran\u00e9enne.<\/p>\n<h2>Paysages vari\u00e9s<\/h2>\n<p>Les paysages sont montagneux et forestiers avec de nombreux kilom\u00e8tres de sentiers, autrefois emprunt\u00e9s par les agriculteurs locaux avec leurs \u00e2nes pour passer entre les diff\u00e9rentes plantations de fruits. La r\u00e9gion de l\u2019Axarquia a beaucoup de choses \u00e0 vous offrir : Des collines couvertes de pins, des montagnes, des vall\u00e9es et de petits ruisseaux. Mais \u00e9galement de la campagne avec de petites fermes et vergers o\u00f9 poussent les oliviers, les amandiers, les avocatiers et les manguiers.<\/p>\n<h2>Sentiers de randonn\u00e9e<\/h2>\n<p>La plupart des sentiers de randonn\u00e9e sont balis\u00e9s de fa\u00e7on pr\u00e9cise et il existe des plans \u00e0 l\u2019office de tourisme du village qui peuvent vous servir. Vous allez marcher le long de ruisseaux ass\u00e9ch\u00e9s et de rochers de calcaire \u00e9rod\u00e9s en admirant les hauts sommets des montagnes. Vous allez aimer la vue splendide ; par temps clair, vous pouvez voir d\u2019un c\u00f4t\u00e9 la cha\u00eene de montagnes du Rif en Afrique du Nord et de l\u2019autre c\u00f4t\u00e9 la Sierra Nevada. Nous vous donnerons avec plaisir des conseils et recommandations sur les chemins \u00e0 prendre et nous vous aiderons \u00e0 trouver des plans d\u00e9taill\u00e9s sur les itin\u00e9raires exacts. Vous pouvez \u00e9galement nous demander parfois si nous pouvons vous d\u00e9poser ou r\u00e9cup\u00e9rer au d\u00e9part ou \u00e0 la fin des sentiers un peu plus \u00e9loign\u00e9s du village. Gr\u00e2ce \u00e0 notre aide et celle de l\u2019office du tourisme, vous n\u2019allez certainement pas avoir besoin d\u2019avoir un guide avec vous.<\/p>\n<h2>Sentiers de VTT et VTC<\/h2>\n<p>Nous avons beaucoup de touristes qui arrivent chez nous en VTT. Le climat au printemps et en automne est tout \u00e0 fait id\u00e9al pour ces activit\u00e9s-l\u00e0. Et pas seulement en VTT, mais aussi en VTC puisque vous pouvez \u00e9galement rouler sur les routes tranquilles, o\u00f9 il n\u2019y a pas beaucoup de circulation, le long de la mer ou dans les montagnes. Il y en a pour tous les go\u00fbts. Vous pouvez commencer directement depuis nos studios. Il y a plusieurs possibilit\u00e9s de locations de v\u00e9los, voir par exemple : <a href=\"https:\/\/www.competabyebike.com\/\" target=\"_blank\" rel=\"noopener\">Competa by Ebike<\/a>.\u00a0<br \/>Il y a de nombreux sites d\u00e9taill\u00e9s ou on peut t\u00e9l\u00e9charger de bons itin\u00e9raires GPS pour cyclistes dans les montagnes autour de chez nous, voir par exemple\u00a0:<br \/><a href=\"https:\/\/www.wikiloc.com\/wikiloc\/map.do?sw=36.82563959056963%2C-3.9745570373506167&amp;ne=36.83106580943517%2C-3.967777862649383&amp;place=Competa%20&amp;page=1\" target=\"_blank\" rel=\"noopener\">Wikiloc<\/a>\u00a0<br \/><a href=\"https:\/\/www.bikemap.net\/en\/u\/albertodos1946\/routes\/created\/\" target=\"_blank\" rel=\"noopener\">Bikemap<\/a>\u00a0<br \/><a href=\"https:\/\/www.alltrails.com\/spain\/malaga\/competa\" target=\"_blank\" rel=\"noopener\">Alltrails<\/a>\u00a0<\/p>\n<p>Chez nous, vous avez la possibilit\u00e9 de garder votre v\u00e9lo \u00e0 l\u2019int\u00e9rieur quand vous ne l\u2019utilisez pas.<\/p>\n<p>[\/et_pb_text][et_pb_button button_url=\u00a0\u00bbhttps:\/\/competa-suites.com\/fr\/prix-disponibilites\/\u00a0\u00bb button_text=\u00a0\u00bbCliquez ici pour voir nos prix et disponibilit\u00e9s\u00a0\u00bb _builder_version=\u00a0\u00bb4.27.4&Prime; _module_preset=\u00a0\u00bb902681e6-674d-492b-9085-57793e5d214f\u00a0\u00bb button_bg_color=\u00a0\u00bb#E88033&Prime; custom_margin=\u00a0\u00bb0em||1em||false|false\u00a0\u00bb hover_enabled=\u00a0\u00bb0&Prime; global_colors_info=\u00a0\u00bb{}\u00a0\u00bb button_bg_color__hover=\u00a0\u00bb#1499A8&Prime; button_bg_enable_color__hover=\u00a0\u00bbon\u00a0\u00bb sticky_enabled=\u00a0\u00bb0&Prime;][\/et_pb_button][\/et_pb_column][\/et_pb_row][\/et_pb_section][et_pb_section fb_built=\u00a0\u00bb1&Prime; admin_label=\u00a0\u00bbOur Specialties Section\u00a0\u00bb _builder_version=\u00a0\u00bb4.27.4&Prime; background_color=\u00a0\u00bb#33D6E8&Prime; custom_padding=\u00a0\u00bb6em||2em||false|false\u00a0\u00bb top_divider_style=\u00a0\u00bbwave2&Prime; top_divider_color=\u00a0\u00bb#1499A8&Prime; global_colors_info=\u00a0\u00bb{}\u00a0\u00bb][et_pb_row column_structure=\u00a0\u00bb1_3,1_3,1_3&Prime; _builder_version=\u00a0\u00bb4.16&Prime; _module_preset=\u00a0\u00bbdefault\u00a0\u00bb global_colors_info=\u00a0\u00bb{}\u00a0\u00bb][et_pb_column type=\u00a0\u00bb1_3&Prime; _builder_version=\u00a0\u00bb4.16&Prime; _module_preset=\u00a0\u00bbdefault\u00a0\u00bb global_colors_info=\u00a0\u00bb{}\u00a0\u00bb][et_pb_blurb use_icon=\u00a0\u00bbon\u00a0\u00bb font_icon=\u00a0\u00bb&#xe009;||divi||400&Prime; icon_color=\u00a0\u00bb#33D6E8&Prime; image_icon_background_color=\u00a0\u00bb#E88033&Prime; image_icon_width=\u00a0\u00bb48px\u00a0\u00bb _builder_version=\u00a0\u00bb4.16&Prime; _module_preset=\u00a0\u00bbdefault\u00a0\u00bb body_text_align=\u00a0\u00bbcenter\u00a0\u00bb body_text_color=\u00a0\u00bb#FFFFFF\u00a0\u00bb image_icon_custom_padding=\u00a0\u00bb25px|25px|25px|25px|true|true\u00a0\u00bb border_radii_image=\u00a0\u00bbon|100%|100%|100%|100%\u00a0\u00bb border_width_all_image=\u00a0\u00bb2px\u00a0\u00bb border_color_all_image=\u00a0\u00bb#52EEFF\u00a0\u00bb global_colors_info=\u00a0\u00bb{}\u00a0\u00bb]<\/p>\n<p><strong>C\u00f3mpeta Suites<\/strong><br \/>Calle Laberinto, 8<br \/>29754 C\u00f3mpeta (M\u00e1laga)<br \/>Spain<\/p>\n<p>[\/et_pb_blurb][\/et_pb_column][et_pb_column type=\u00a0\u00bb1_3&Prime; _builder_version=\u00a0\u00bb4.16&Prime; _module_preset=\u00a0\u00bbdefault\u00a0\u00bb global_colors_info=\u00a0\u00bb{}\u00a0\u00bb][et_pb_blurb use_icon=\u00a0\u00bbon\u00a0\u00bb font_icon=\u00a0\u00bb&#xe010;||divi||400&Prime; icon_color=\u00a0\u00bb#33D6E8&Prime; image_icon_background_color=\u00a0\u00bb#E88033&Prime; image_icon_width=\u00a0\u00bb48px\u00a0\u00bb _builder_version=\u00a0\u00bb4.16&Prime; _module_preset=\u00a0\u00bbdefault\u00a0\u00bb body_font=\u00a0\u00bb|600|||||||\u00a0\u00bb body_text_align=\u00a0\u00bbcenter\u00a0\u00bb body_link_text_color=\u00a0\u00bb#E88033&Prime; image_icon_custom_padding=\u00a0\u00bb25px|25px|25px|25px|true|true\u00a0\u00bb border_radii_image=\u00a0\u00bbon|100%|100%|100%|100%\u00a0\u00bb border_width_all_image=\u00a0\u00bb2px\u00a0\u00bb border_color_all_image=\u00a0\u00bb#52EEFF\u00a0\u00bb global_colors_info=\u00a0\u00bb{}\u00a0\u00bb body_text_color__hover_enabled=\u00a0\u00bbon|hover\u00a0\u00bb body_link_text_color__hover_enabled=\u00a0\u00bbon|hover\u00a0\u00bb body_link_text_color__hover=\u00a0\u00bb#33D6E8&Prime;]<\/p>\n<p><a href=\"mailto:info@competa-suites.com\">info@competa-suites.com<\/a><\/p>\n<p>[\/et_pb_blurb][\/et_pb_column][et_pb_column type=\u00a0\u00bb1_3&Prime; _builder_version=\u00a0\u00bb4.16&Prime; _module_preset=\u00a0\u00bbdefault\u00a0\u00bb global_colors_info=\u00a0\u00bb{}\u00a0\u00bb][et_pb_blurb use_icon=\u00a0\u00bbon\u00a0\u00bb font_icon=\u00a0\u00bb&#xf095;||fa||900&Prime; icon_color=\u00a0\u00bb#33D6E8&Prime; image_icon_background_color=\u00a0\u00bb#E88033&Prime; image_icon_width=\u00a0\u00bb48px\u00a0\u00bb _builder_version=\u00a0\u00bb4.27.2&Prime; _module_preset=\u00a0\u00bbdefault\u00a0\u00bb body_text_align=\u00a0\u00bbcenter\u00a0\u00bb body_text_color=\u00a0\u00bb#FFFFFF\u00a0\u00bb body_link_font=\u00a0\u00bb|600|||||||\u00a0\u00bb body_link_text_color=\u00a0\u00bb#E88033&Prime; image_icon_custom_padding=\u00a0\u00bb25px|25px|25px|25px|true|true\u00a0\u00bb border_radii_image=\u00a0\u00bbon|100%|100%|100%|100%\u00a0\u00bb border_width_all_image=\u00a0\u00bb2px\u00a0\u00bb border_color_all_image=\u00a0\u00bb#52EEFF\u00a0\u00bb global_colors_info=\u00a0\u00bb{}\u00a0\u00bb body_link_text_color__hover_enabled=\u00a0\u00bbon|hover\u00a0\u00bb body_link_text_color__hover=\u00a0\u00bb#33D6E8&Prime;]<\/p>\n<p>Appelez-nous au <a href=\"tel:0034601614652\">+34 601614652<\/a><br \/>ou contactez-nous via <a href=\"https:\/\/api.whatsapp.com\/send?phone=34601614652\" target=\"_blank\" rel=\"noopener\">WhatsApp<\/a><a href=\"tel:0034629031167\"><\/a><\/p>\n<p>[\/et_pb_blurb][\/et_pb_column][\/et_pb_row][\/et_pb_section][et_pb_section fb_built=\u00a0\u00bb1&Prime; fullwidth=\u00a0\u00bbon\u00a0\u00bb _builder_version=\u00a0\u00bb4.16&Prime; _module_preset=\u00a0\u00bbdefault\u00a0\u00bb saved_tabs=\u00a0\u00bball\u00a0\u00bb global_colors_info=\u00a0\u00bb{}\u00a0\u00bb][et_pb_fullwidth_code _builder_version=\u00a0\u00bb4.27.4&Prime; _module_preset=\u00a0\u00bbdefault\u00a0\u00bb background_color=\u00a0\u00bb#33D6E8&Prime; global_colors_info=\u00a0\u00bb{}\u00a0\u00bb]<iframe src=\"https:\/\/www.google.com\/maps\/embed?pb=!1m18!1m12!1m3!1d12774.247897538187!2d-3.98764135713926!3d36.829014963246905!2m3!1f0!2f0!3f0!3m2!1i1024!2i768!4f13.1!3m3!1m2!1s0x9df103884962859%3A0x960cacacd4df4f8d!2sCompeta-Suites!5e0!3m2!1snl!2sfr!4v1744538293078!5m2!1snl!2sfr\" width=\"100%\" height=\"450\" style=\"border:0;\" allowfullscreen=\"\" loading=\"lazy\" referrerpolicy=\"no-referrer-when-downgrade\"><\/iframe>[\/et_pb_fullwidth_code][\/et_pb_section]<\/p>\n","protected":false},"excerpt":{"rendered":"<p>Autour de C\u00f3mpetaC\u00f3mpeta se trouve dans la r\u00e9gion verdoyante de l\u2019Axarquia \u00e0 l\u2019est de Malaga. Cette r\u00e9gion est surtout connue pour son vin Moscatel ainsi que pour ses d\u00e9licieux avocats et mangues. Il y a beaucoup de chemins de randonn\u00e9e et C\u00f3mpeta se situe au pied du parc naturel appel\u00e9 \u201dSierras Tejeda, Almijara y Alhama\u201d. [&hellip;]<\/p>\n","protected":false},"author":1,"featured_media":0,"parent":0,"menu_order":0,"comment_status":"closed","ping_status":"closed","template":"","meta":{"_et_pb_use_builder":"on","_et_pb_old_content":"","_et_gb_content_width":"","footnotes":""},"class_list":["post-3848","page","type-page","status-publish","hentry"],"_links":{"self":[{"href":"https:\/\/competa-suites.com\/fr\/wp-json\/wp\/v2\/pages\/3848","targetHints":{"allow":["GET"]}}],"collection":[{"href":"https:\/\/competa-suites.com\/fr\/wp-json\/wp\/v2\/pages"}],"about":[{"href":"https:\/\/competa-suites.com\/fr\/wp-json\/wp\/v2\/types\/page"}],"author":[{"embeddable":true,"href":"https:\/\/competa-suites.com\/fr\/wp-json\/wp\/v2\/users\/1"}],"replies":[{"embeddable":true,"href":"https:\/\/competa-suites.com\/fr\/wp-json\/wp\/v2\/comments?post=3848"}],"version-history":[{"count":5,"href":"https:\/\/competa-suites.com\/fr\/wp-json\/wp\/v2\/pages\/3848\/revisions"}],"predecessor-version":[{"id":3890,"href":"https:\/\/competa-suites.com\/fr\/wp-json\/wp\/v2\/pages\/3848\/revisions\/3890"}],"wp:attachment":[{"href":"https:\/\/competa-suites.com\/fr\/wp-json\/wp\/v2\/media?parent=3848"}],"curies":[{"name":"wp","href":"https:\/\/api.w.org\/{rel}","templated":true}]}}