{"id":3840,"date":"2022-03-20T20:10:52","date_gmt":"2022-03-20T20:10:52","guid":{"rendered":"https:\/\/competa-suites.com\/?page_id=3840"},"modified":"2025-05-03T16:05:03","modified_gmt":"2025-05-03T16:05:03","slug":"les-avis-de-nos-clients","status":"publish","type":"page","link":"https:\/\/competa-suites.com\/fr\/les-avis-de-nos-clients\/","title":{"rendered":"Les avis de nos clients"},"content":{"rendered":"<p>[et_pb_section fb_built=\u00a0\u00bb1&Prime; next_background_color=\u00a0\u00bb#ffffff\u00a0\u00bb admin_label=\u00a0\u00bbOur Specialties Section\u00a0\u00bb _builder_version=\u00a0\u00bb4.16&Prime; background_color=\u00a0\u00bb#E88033&Prime; custom_padding=\u00a0\u00bb3em||0px||false|false\u00a0\u00bb bottom_divider_style=\u00a0\u00bbwave2&Prime; global_colors_info=\u00a0\u00bb{}\u00a0\u00bb][et_pb_row admin_label=\u00a0\u00bbTitle Area\u00a0\u00bb _builder_version=\u00a0\u00bb4.16&Prime; custom_padding=\u00a0\u00bb||3em||false|false\u00a0\u00bb global_colors_info=\u00a0\u00bb{}\u00a0\u00bb][et_pb_column type=\u00a0\u00bb4_4&Prime; _builder_version=\u00a0\u00bb4.16&Prime; custom_padding=\u00a0\u00bb|||\u00a0\u00bb global_colors_info=\u00a0\u00bb{}\u00a0\u00bb custom_padding__hover=\u00a0\u00bb|||\u00a0\u00bb][et_pb_text admin_label=\u00a0\u00bbTitle\u00a0\u00bb _builder_version=\u00a0\u00bb4.21.0&Prime; text_font=\u00a0\u00bb||||||||\u00a0\u00bb header_font=\u00a0\u00bb||||||||\u00a0\u00bb header_text_align=\u00a0\u00bbcenter\u00a0\u00bb header_text_color=\u00a0\u00bb#52EEFF\u00a0\u00bb header_font_size=\u00a0\u00bb48px\u00a0\u00bb header_line_height=\u00a0\u00bb1.3em\u00a0\u00bb header_2_font=\u00a0\u00bb|600|||||||\u00a0\u00bb header_2_text_align=\u00a0\u00bbcenter\u00a0\u00bb header_2_text_color=\u00a0\u00bb#52EEFF\u00a0\u00bb header_2_font_size=\u00a0\u00bb48px\u00a0\u00bb header_2_line_height=\u00a0\u00bb1.3em\u00a0\u00bb custom_margin=\u00a0\u00bb||20px|\u00a0\u00bb animation_style=\u00a0\u00bbslide\u00a0\u00bb animation_direction=\u00a0\u00bbtop\u00a0\u00bb animation_intensity_slide=\u00a0\u00bb30%\u00a0\u00bb animation_starting_opacity=\u00a0\u00bb100%\u00a0\u00bb header_font_size_tablet=\u00a0\u00bb48px\u00a0\u00bb header_font_size_phone=\u00a0\u00bb36px\u00a0\u00bb header_font_size_last_edited=\u00a0\u00bbon|phone\u00a0\u00bb global_colors_info=\u00a0\u00bb{}\u00a0\u00bb]<\/p>\n<h1>Les avis de nos clients<\/h1>\n<p>[\/et_pb_text][et_pb_divider color=\u00a0\u00bb#E88033&Prime; divider_weight=\u00a0\u00bb3px\u00a0\u00bb _builder_version=\u00a0\u00bb4.16&Prime; max_width=\u00a0\u00bb60px\u00a0\u00bb module_alignment=\u00a0\u00bbcenter\u00a0\u00bb custom_margin=\u00a0\u00bb||10px|\u00a0\u00bb animation_style=\u00a0\u00bbslide\u00a0\u00bb animation_direction=\u00a0\u00bbtop\u00a0\u00bb animation_intensity_slide=\u00a0\u00bb30%\u00a0\u00bb animation_starting_opacity=\u00a0\u00bb100%\u00a0\u00bb global_colors_info=\u00a0\u00bb{}\u00a0\u00bb][\/et_pb_divider][\/et_pb_column][\/et_pb_row][\/et_pb_section][et_pb_section fb_built=\u00a0\u00bb1&Prime; custom_padding_last_edited=\u00a0\u00bbon|phone\u00a0\u00bb admin_label=\u00a0\u00bbOur Specialties Section\u00a0\u00bb _builder_version=\u00a0\u00bb4.16&Prime; custom_padding=\u00a0\u00bb3em||0px||false|false\u00a0\u00bb custom_padding_tablet=\u00a0\u00bb3em||0px||false|false\u00a0\u00bb custom_padding_phone=\u00a0\u00bb1em||0px||false|false\u00a0\u00bb global_colors_info=\u00a0\u00bb{}\u00a0\u00bb][et_pb_row admin_label=\u00a0\u00bbTitle Area\u00a0\u00bb _builder_version=\u00a0\u00bb4.16&Prime; custom_padding=\u00a0\u00bb0px||0px||true|false\u00a0\u00bb global_colors_info=\u00a0\u00bb{}\u00a0\u00bb][et_pb_column type=\u00a0\u00bb4_4&Prime; _builder_version=\u00a0\u00bb4.16&Prime; custom_padding=\u00a0\u00bb|||\u00a0\u00bb global_colors_info=\u00a0\u00bb{}\u00a0\u00bb custom_padding__hover=\u00a0\u00bb|||\u00a0\u00bb][et_pb_text admin_label=\u00a0\u00bbSubtitle\u00a0\u00bb _builder_version=\u00a0\u00bb4.27.4&Prime; text_font=\u00a0\u00bb||||||||\u00a0\u00bb text_font_size=\u00a0\u00bb16px\u00a0\u00bb text_orientation=\u00a0\u00bbcenter\u00a0\u00bb max_width=\u00a0\u00bb700px\u00a0\u00bb module_alignment=\u00a0\u00bbcenter\u00a0\u00bb animation_style=\u00a0\u00bbslide\u00a0\u00bb animation_direction=\u00a0\u00bbtop\u00a0\u00bb animation_intensity_slide=\u00a0\u00bb20%\u00a0\u00bb animation_starting_opacity=\u00a0\u00bb100%\u00a0\u00bb hover_enabled=\u00a0\u00bb0&Prime; global_colors_info=\u00a0\u00bb{}\u00a0\u00bb sticky_enabled=\u00a0\u00bb0&Prime;]<\/p>\n<p><span>Voici ce que nos clients ont \u00e9crit sur leur s\u00e9jour chez C\u00f3mpeta Suites <\/span><span>.<\/span><\/p>\n<p>[\/et_pb_text][\/et_pb_column][\/et_pb_row][\/et_pb_section][et_pb_section fb_built=\u00a0\u00bb1&Prime; custom_padding_last_edited=\u00a0\u00bbon|tablet\u00a0\u00bb _builder_version=\u00a0\u00bb4.27.4&Prime; _module_preset=\u00a0\u00bbdefault\u00a0\u00bb custom_padding=\u00a0\u00bb0px||5em||false|false\u00a0\u00bb custom_padding_tablet=\u00a0\u00bb||4em||false|false\u00a0\u00bb custom_padding_phone=\u00a0\u00bb||4em||false|false\u00a0\u00bb global_colors_info=\u00a0\u00bb{}\u00a0\u00bb][et_pb_row _builder_version=\u00a0\u00bb4.16&Prime; _module_preset=\u00a0\u00bbdefault\u00a0\u00bb custom_padding=\u00a0\u00bb1em||0px||false|false\u00a0\u00bb global_colors_info=\u00a0\u00bb{}\u00a0\u00bb][et_pb_column type=\u00a0\u00bb4_4&Prime; _builder_version=\u00a0\u00bb4.16&Prime; _module_preset=\u00a0\u00bbdefault\u00a0\u00bb global_colors_info=\u00a0\u00bb{}\u00a0\u00bb][et_pb_code _builder_version=\u00a0\u00bb4.27.4&Prime; _module_preset=\u00a0\u00bbdefault\u00a0\u00bb global_colors_info=\u00a0\u00bb{}\u00a0\u00bb]<div class=\"strong-view strong-view-id-28 default wpmtst-default\" data-count=\"3\" data-state=\"idle\"><div class=\"strong-content strong-masonry columns-2\"><div class=\"wpmtst-testimonial testimonial post-3846\"><div class=\"wpmtst-testimonial-inner testimonial-inner\"><h3 class=\"wpmtst-testimonial-heading testimonial-heading\">Cosy et relaxant<\/h3><div    class=\"wpmtst-testimonial-content testimonial-content\"><div class=\"maybe-clear\"><\/div><p>Nous avons log\u00e9 dans l\u2019appartement Tokyo qui est parfaitement \u00e9quip\u00e9, tr\u00e8s propre et spacieux. Depuis la terrasse sur le toit il y a une vue absolument magnifique. Nous avons fait de belles randonn\u00e9es directement depuis l\u2019appartement et aussi des balades en VTC et VTT jusqu\u2019au \u00ab village perdu \u00bb Acebuchal. Apr\u00e8s les efforts, on trouve toujours quelque chose de bon \u00e0 manger dans un des restaurants cosy \u00e0 C\u00f3mpeta. On y trouve \u00e9galement d\u2019excellents possibilit\u00e9s de prendre son petit d\u00e9jeuner, mais c\u2019\u00e9tait tout \u00e0 fait possible de le pr\u00e9parer nous-m\u00eames aussi dans l\u2019appartement. Chez C\u00f3mpeta Suites on re\u00e7o\u00eet toujours de bons conseils concernant, par exemple, les itin\u00e9raires des randos et leurs points de d\u00e9parts. C\u00f3mpeta est un des jolis villages \u00ab blancs \u00bb authentiques, qui fait la renomm\u00e9e de l&rsquo;Andalousie, et il repr\u00e9sente le point de d\u00e9part id\u00e9al pour les balades \u00e0 pied ou \u00e0 v\u00e9lo. Nous sommes arriv\u00e9s en bus depuis l\u2019a\u00e9roport de Malaga y nous n\u2019avons pas trouv\u00e9 qu\u2019il \u00e9tait n\u00e9cessaire de louer une voiture puisque nous sommes rest\u00e9s \u00e0 C\u00f3mpeta m\u00eame pendant tout notre s\u00e9jour.<\/p><p>Nous recommandons vivement C\u00f3mpeta Suites \u00e0 tout le monde\u00a0!<\/p><\/div><div class=\"wpmtst-testimonial-field testimonial-field testimonial-name\">Jeroen &amp; Monique<\/div><div class=\"clear\"><\/div><\/div><\/div><div class=\"wpmtst-testimonial testimonial post-3845\"><div class=\"wpmtst-testimonial-inner testimonial-inner\"><h3 class=\"wpmtst-testimonial-heading testimonial-heading\">J\u2019attends avec impatience mes prochaines vacances au C\u00f3mpeta Suites<\/h3><div    class=\"wpmtst-testimonial-content testimonial-content\"><div class=\"maybe-clear\"><\/div><p>J\u2019ai d\u00e9j\u00e0 h\u00e2te de revenir au C\u00f3mpeta Suites. J\u2019ai log\u00e9 dans un beau studio avec un emplacement imbattable \u00e0 C\u00f3mpeta. C\u2019\u00e9tait tellement reposant de se r\u00e9veiller au son des cloches de l\u2019\u00e9glise et ensuite les rires des enfants sur leur chemin d\u2019\u00e9cole dans les ruelles du village. La cuisine est tr\u00e8s bien am\u00e9nag\u00e9e et le lit est incroyablement confortable. Selon mes exp\u00e9riences, c\u2019est tr\u00e8s difficile quand on voyage en Espagne de trouver un lit qui ne soit pas dur comme de la pierre, avec une vraie couette et de la belle literie qui n\u2019a pas d\u2019odeur de lessive hyper parfum\u00e9e et trop chimique. Chez C\u00f3mpeta Suites, on sent qu\u2019ils prennent soin de ces choses-l\u00e0, et lors des nuits d\u2019automne plus fraiches c\u2019\u00e9tait g\u00e9nial d\u2019avoir une vraie couette de bonne qualit\u00e9.<\/p><\/div><div class=\"wpmtst-testimonial-field testimonial-field testimonial-name\">Karin Hoffmann<\/div><div class=\"clear\"><\/div><\/div><\/div><div class=\"wpmtst-testimonial testimonial post-3844\"><div class=\"wpmtst-testimonial-inner testimonial-inner\"><h3 class=\"wpmtst-testimonial-heading testimonial-heading\">Bon rapport qualit\u00e9\/prix et emplacement central<\/h3><div    class=\"wpmtst-testimonial-content testimonial-content\"><div class=\"maybe-clear\"><\/div><p>Chez C\u00f3mpeta Suites on a beaucoup pour l\u2019argent pay\u00e9. Nous avons log\u00e9 dans l\u2019appartement plus grand qui est d\u00e9cor\u00e9 avec go\u00fbt et dispose de tout ce dont vous avez besoin. La terrasse sur le toit est splendide avec sa vue sur tout le village et sur la M\u00e9diterran\u00e9e. La maison est tout pr\u00e8s de tout \u00e0 C\u00f3mpeta, deux minutes \u00e0 pied de la place principale du village, o\u00f9 il y a plein de vie et des restaurants. Il y a \u00e9galement un parking \u00e0 proximit\u00e9. L\u2019endroit est vraiment parfait pour ceux qui viennent, comme nous, chaque printemps et automne, pour faire de la randonn\u00e9e et il y a des chemins pour tous les niveaux. Les propri\u00e9taires de C\u00f3mpeta Suites sont tr\u00e8s serviables et r\u00e9pondent rapidement.<\/p><\/div><div class=\"wpmtst-testimonial-field testimonial-field testimonial-name\">Christine<\/div><div class=\"clear\"><\/div><\/div><\/div><\/div><\/div>[\/et_pb_code][\/et_pb_column][\/et_pb_row][\/et_pb_section]<\/p>\n","protected":false},"excerpt":{"rendered":"<p>Les avis de nos clientsVoici ce que nos clients ont \u00e9crit sur leur s\u00e9jour chez C\u00f3mpeta Suites .<div class=\"strong-view strong-view-id-28 default wpmtst-default\" data-count=\"3\" data-state=\"idle\"><div class=\"strong-content strong-masonry columns-2\"><div class=\"wpmtst-testimonial testimonial post-3846\"><div class=\"wpmtst-testimonial-inner testimonial-inner\"><h3 class=\"wpmtst-testimonial-heading testimonial-heading\">Cosy et relaxant<\/h3><div    class=\"wpmtst-testimonial-content testimonial-content\"><div class=\"maybe-clear\"><\/div><p>Nous avons log\u00e9 dans l\u2019appartement Tokyo qui est parfaitement \u00e9quip\u00e9, tr\u00e8s propre et spacieux. Depuis la terrasse sur le toit il y a une vue absolument magnifique. Nous avons fait de belles randonn\u00e9es directement depuis l\u2019appartement et aussi des balades en VTC et VTT jusqu\u2019au \u00ab village perdu \u00bb Acebuchal. Apr\u00e8s les efforts, on trouve toujours quelque chose de bon \u00e0 manger dans un des restaurants cosy \u00e0 C\u00f3mpeta. On y trouve \u00e9galement d\u2019excellents possibilit\u00e9s de prendre son petit d\u00e9jeuner, mais c\u2019\u00e9tait tout \u00e0 fait possible de le pr\u00e9parer nous-m\u00eames aussi dans l\u2019appartement. Chez C\u00f3mpeta Suites on re\u00e7o\u00eet toujours de bons conseils concernant, par exemple, les itin\u00e9raires des randos et leurs points de d\u00e9parts. C\u00f3mpeta est un des jolis villages \u00ab blancs \u00bb authentiques, qui fait la renomm\u00e9e de l&rsquo;Andalousie, et il repr\u00e9sente le point de d\u00e9part id\u00e9al pour les balades \u00e0 pied ou \u00e0 v\u00e9lo. Nous sommes arriv\u00e9s en bus depuis l\u2019a\u00e9roport de Malaga y nous n\u2019avons pas trouv\u00e9 qu\u2019il \u00e9tait n\u00e9cessaire de louer une voiture puisque nous sommes rest\u00e9s \u00e0 C\u00f3mpeta m\u00eame pendant tout notre s\u00e9jour.<\/p><p>Nous recommandons vivement C\u00f3mpeta Suites \u00e0 tout le monde\u00a0!<\/p><\/div><div class=\"wpmtst-testimonial-field testimonial-field testimonial-name\">Jeroen &amp; Monique<\/div><div class=\"clear\"><\/div><\/div><\/div><div class=\"wpmtst-testimonial testimonial post-3845\"><div class=\"wpmtst-testimonial-inner testimonial-inner\"><h3 class=\"wpmtst-testimonial-heading testimonial-heading\">J\u2019attends avec impatience mes prochaines vacances au C\u00f3mpeta Suites<\/h3><div    class=\"wpmtst-testimonial-content testimonial-content\"><div class=\"maybe-clear\"><\/div><p>J\u2019ai d\u00e9j\u00e0 h\u00e2te de revenir au C\u00f3mpeta Suites. J\u2019ai log\u00e9 dans un beau studio avec un emplacement imbattable \u00e0 C\u00f3mpeta. C\u2019\u00e9tait tellement reposant de se r\u00e9veiller au son des cloches de l\u2019\u00e9glise et ensuite les rires des enfants sur leur chemin d\u2019\u00e9cole dans les ruelles du village. La cuisine est tr\u00e8s bien am\u00e9nag\u00e9e et le lit est incroyablement confortable. Selon mes exp\u00e9riences, c\u2019est tr\u00e8s difficile quand on voyage en Espagne de trouver un lit qui ne soit pas dur comme de la pierre, avec une vraie couette et de la belle literie qui n\u2019a pas d\u2019odeur de lessive hyper parfum\u00e9e et trop chimique. Chez C\u00f3mpeta Suites, on sent qu\u2019ils prennent soin de ces choses-l\u00e0, et lors des nuits d\u2019automne plus fraiches c\u2019\u00e9tait g\u00e9nial d\u2019avoir une vraie couette de bonne qualit\u00e9.<\/p><\/div><div class=\"wpmtst-testimonial-field testimonial-field testimonial-name\">Karin Hoffmann<\/div><div class=\"clear\"><\/div><\/div><\/div><div class=\"wpmtst-testimonial testimonial post-3844\"><div class=\"wpmtst-testimonial-inner testimonial-inner\"><h3 class=\"wpmtst-testimonial-heading testimonial-heading\">Bon rapport qualit\u00e9\/prix et emplacement central<\/h3><div    class=\"wpmtst-testimonial-content testimonial-content\"><div class=\"maybe-clear\"><\/div><p>Chez C\u00f3mpeta Suites on a beaucoup pour l\u2019argent pay\u00e9. Nous avons log\u00e9 dans l\u2019appartement plus grand qui est d\u00e9cor\u00e9 avec go\u00fbt et dispose de tout ce dont vous avez besoin. La terrasse sur le toit est splendide avec sa vue sur tout le village et sur la M\u00e9diterran\u00e9e. La maison est tout pr\u00e8s de tout \u00e0 C\u00f3mpeta, deux minutes \u00e0 pied de la place principale du village, o\u00f9 il y a plein de vie et des restaurants. Il y a \u00e9galement un parking \u00e0 proximit\u00e9. L\u2019endroit est vraiment parfait pour ceux qui viennent, comme nous, chaque printemps et automne, pour faire de la randonn\u00e9e et il y a des chemins pour tous les niveaux. Les propri\u00e9taires de C\u00f3mpeta Suites sont tr\u00e8s serviables et r\u00e9pondent rapidement.<\/p><\/div><div class=\"wpmtst-testimonial-field testimonial-field testimonial-name\">Christine<\/div><div class=\"clear\"><\/div><\/div><\/div><\/div><\/div><\/p>\n","protected":false},"author":1,"featured_media":0,"parent":0,"menu_order":0,"comment_status":"closed","ping_status":"closed","template":"","meta":{"_et_pb_use_builder":"on","_et_pb_old_content":"","_et_gb_content_width":"","footnotes":""},"class_list":["post-3840","page","type-page","status-publish","hentry"],"_links":{"self":[{"href":"https:\/\/competa-suites.com\/fr\/wp-json\/wp\/v2\/pages\/3840","targetHints":{"allow":["GET"]}}],"collection":[{"href":"https:\/\/competa-suites.com\/fr\/wp-json\/wp\/v2\/pages"}],"about":[{"href":"https:\/\/competa-suites.com\/fr\/wp-json\/wp\/v2\/types\/page"}],"author":[{"embeddable":true,"href":"https:\/\/competa-suites.com\/fr\/wp-json\/wp\/v2\/users\/1"}],"replies":[{"embeddable":true,"href":"https:\/\/competa-suites.com\/fr\/wp-json\/wp\/v2\/comments?post=3840"}],"version-history":[{"count":7,"href":"https:\/\/competa-suites.com\/fr\/wp-json\/wp\/v2\/pages\/3840\/revisions"}],"predecessor-version":[{"id":3908,"href":"https:\/\/competa-suites.com\/fr\/wp-json\/wp\/v2\/pages\/3840\/revisions\/3908"}],"wp:attachment":[{"href":"https:\/\/competa-suites.com\/fr\/wp-json\/wp\/v2\/media?parent=3840"}],"curies":[{"name":"wp","href":"https:\/\/api.w.org\/{rel}","templated":true}]}}