{"id":1723,"date":"2022-04-15T16:03:37","date_gmt":"2022-04-15T16:03:37","guid":{"rendered":"https:\/\/lagranadaresidence.com\/?page_id=1723"},"modified":"2025-05-04T10:13:13","modified_gmt":"2025-05-04T10:13:13","slug":"el-sendero-de-el-saltillo","status":"publish","type":"page","link":"https:\/\/competa-suites.com\/es\/el-sendero-de-el-saltillo\/","title":{"rendered":"El sendero de El Saltillo"},"content":{"rendered":"<p>[et_pb_section fb_built=\u00bb1&#8243; next_background_color=\u00bb#ffffff\u00bb admin_label=\u00bbOur Specialties Section\u00bb _builder_version=\u00bb4.16&#8243; background_color=\u00bb#52EEFF\u00bb custom_padding=\u00bb3em||0px||false|false\u00bb bottom_divider_style=\u00bbwave2&#8243; global_colors_info=\u00bb{}\u00bb][et_pb_row admin_label=\u00bbTitle Area\u00bb _builder_version=\u00bb4.16&#8243; custom_padding=\u00bb||3em||false|false\u00bb global_colors_info=\u00bb{}\u00bb][et_pb_column type=\u00bb4_4&#8243; _builder_version=\u00bb4.16&#8243; custom_padding=\u00bb|||\u00bb global_colors_info=\u00bb{}\u00bb custom_padding__hover=\u00bb|||\u00bb][et_pb_text admin_label=\u00bbTitle\u00bb _builder_version=\u00bb4.21.0&#8243; text_font=\u00bb||||||||\u00bb header_font=\u00bb||||||||\u00bb header_2_font=\u00bbMerienda One|700|||||||\u00bb header_2_text_align=\u00bbcenter\u00bb header_2_text_color=\u00bb#E88033&#8243; header_2_font_size=\u00bb48px\u00bb header_2_line_height=\u00bb1.3em\u00bb custom_margin=\u00bb||20px|\u00bb animation_style=\u00bbslide\u00bb animation_direction=\u00bbtop\u00bb animation_intensity_slide=\u00bb30%\u00bb animation_starting_opacity=\u00bb100%\u00bb hover_enabled=\u00bb0&#8243; global_colors_info=\u00bb{}\u00bb header_text_align=\u00bbcenter\u00bb header_font_size=\u00bb48px\u00bb header_font_size_last_edited=\u00bbon|phone\u00bb sticky_enabled=\u00bb0&#8243; header_font_size_phone=\u00bb36px\u00bb header_line_height=\u00bb1.3em\u00bb header_font_size_tablet=\u00bb48px\u00bb]<\/p>\n<h1>El sendero de El Saltillo<\/h1>\n<p>[\/et_pb_text][et_pb_divider color=\u00bb#1499A8&#8243; divider_weight=\u00bb3px\u00bb _builder_version=\u00bb4.16&#8243; max_width=\u00bb60px\u00bb module_alignment=\u00bbcenter\u00bb custom_margin=\u00bb||10px|\u00bb animation_style=\u00bbslide\u00bb animation_direction=\u00bbtop\u00bb animation_intensity_slide=\u00bb30%\u00bb animation_starting_opacity=\u00bb100%\u00bb global_colors_info=\u00bb{}\u00bb][\/et_pb_divider][\/et_pb_column][\/et_pb_row][\/et_pb_section][et_pb_section fb_built=\u00bb1&#8243; _builder_version=\u00bb4.16&#8243; _module_preset=\u00bbdefault\u00bb custom_padding=\u00bb0px||3em||false|false\u00bb global_colors_info=\u00bb{}\u00bb][et_pb_row column_structure=\u00bb2_3,1_3&#8243; _builder_version=\u00bb4.16&#8243; _module_preset=\u00bbdefault\u00bb custom_padding=\u00bb3em||0px||false|false\u00bb global_colors_info=\u00bb{}\u00bb][et_pb_column type=\u00bb2_3&#8243; _builder_version=\u00bb4.16&#8243; _module_preset=\u00bbdefault\u00bb global_colors_info=\u00bb{}\u00bb][et_pb_text admin_label=\u00bbTitle\u00bb _builder_version=\u00bb4.18.0&#8243; text_font=\u00bb||||||||\u00bb header_font=\u00bb||||||||\u00bb header_2_font=\u00bb||||||||\u00bb header_2_text_align=\u00bbleft\u00bb header_2_font_size=\u00bb34px\u00bb header_2_line_height=\u00bb1.3em\u00bb custom_margin=\u00bb||20px|\u00bb animation_style=\u00bbslide\u00bb animation_direction=\u00bbtop\u00bb animation_intensity_slide=\u00bb30%\u00bb animation_starting_opacity=\u00bb100%\u00bb global_colors_info=\u00bb{}\u00bb]<\/p>\n<p>A pocos kil\u00f3metros de C\u00f3mpeta, en lo alto de las monta\u00f1as, se encuentra el pueblo de Canillas de Aceituno. All\u00ed comienza la ruta de senderismo aventurero al r\u00edo Almanchares y Saltillo. Una ruta a la que llaman el peque\u00f1o Caminito del Rey.<\/p>\n<h2>El puente colgante El Saltillo<\/h2>\n<p>El principal atractivo del paseo El Saltillo es el puente colgante que tiene 54 metros de largo y 70 metros de altura sobre el r\u00edo Almanchares. Aqu\u00ed se puede continuar por la Gran Senda de M\u00e1laga, la GR-249, hacia el pueblo de Sedella.<\/p>\n<p>Por el camino tambi\u00e9n tendr\u00e1s que atravesar unas pasarelas met\u00e1licas que cuelgan sobre el barranco a m\u00e1s de 150 metros de altura. Para que puedas llegar a las pozas y cascadas. Este punto es tambi\u00e9n el inicio de una ruta de barranquismo. Todo el recorrido discurre paralelo al r\u00edo que trae agua al pueblo desde la desembocadura en las pozas donde nace el r\u00edo.<\/p>\n<p>[\/et_pb_text][\/et_pb_column][et_pb_column type=\u00bb1_3&#8243; _builder_version=\u00bb4.16&#8243; _module_preset=\u00bbdefault\u00bb global_colors_info=\u00bb{}\u00bb][et_pb_text admin_label=\u00bbTitle\u00bb _builder_version=\u00bb4.17.1&#8243; text_font=\u00bb||||||||\u00bb header_font=\u00bb||||||||\u00bb header_2_font=\u00bb||||||||\u00bb header_2_text_align=\u00bbleft\u00bb header_2_font_size=\u00bb34px\u00bb header_2_line_height=\u00bb1.3em\u00bb background_color=\u00bb#33D6E8&#8243; custom_margin=\u00bb||20px|\u00bb custom_padding=\u00bb1em|1em|1em|1em|true|true\u00bb animation_style=\u00bbslide\u00bb animation_direction=\u00bbtop\u00bb animation_intensity_slide=\u00bb30%\u00bb animation_starting_opacity=\u00bb100%\u00bb border_radii=\u00bbon|25px|25px|25px|25px\u00bb box_shadow_style=\u00bbpreset3&#8243; global_colors_info=\u00bb{}\u00bb]<\/p>\n<p><strong>Ubicaci\u00f3n<\/strong>: Canillas de Aceituno<br \/><strong>Distancia a pie<\/strong>: 10,4 km<br \/><strong>Desnivel<\/strong>: 350 m<br \/><strong>Duraci\u00f3n<\/strong>: 2,5 uur<br \/><strong>Tipo de ruta<\/strong>: paseo circular<br \/><strong>Dificultad<\/strong>: Moderada<br \/><strong>Apto para ni\u00f1os<\/strong>: S\u00ed<br \/><strong>\u00c9poca recomendada del a\u00f1o<\/strong>: Cualquier \u00e9poca del a\u00f1o.<\/p>\n<p>[\/et_pb_text][\/et_pb_column][\/et_pb_row][\/et_pb_section][et_pb_section fb_built=\u00bb1&#8243; prev_background_color=\u00bb#ffffff\u00bb _builder_version=\u00bb4.16&#8243; _module_preset=\u00bbdefault\u00bb background_color=\u00bb#33D6E8&#8243; top_divider_style=\u00bbwave2&#8243; global_colors_info=\u00bb{}\u00bb][et_pb_row _builder_version=\u00bb4.16&#8243; _module_preset=\u00bbdefault\u00bb custom_padding=\u00bb0px||0px||true|false\u00bb global_colors_info=\u00bb{}\u00bb][et_pb_column type=\u00bb4_4&#8243; _builder_version=\u00bb4.16&#8243; _module_preset=\u00bbdefault\u00bb global_colors_info=\u00bb{}\u00bb][et_pb_text _builder_version=\u00bb4.18.0&#8243; _module_preset=\u00bbdefault\u00bb text_text_color=\u00bb#421C01&#8243; link_text_color=\u00bb#E88033&#8243; header_3_text_color=\u00bb#E88033&#8243; header_3_font_size=\u00bb21px\u00bb custom_padding=\u00bb3em||||false|false\u00bb global_colors_info=\u00bb{}\u00bb link_text_color__hover_enabled=\u00bbon|hover\u00bb link_text_color__hover=\u00bb#9C4403&#8243;]<\/p>\n<p>A pocos kil\u00f3metros de C\u00f3mpeta, en lo alto de las monta\u00f1as, se encuentra el pueblo de Canillas de Aceituno. All\u00ed comienza la ruta de senderismo aventurero al r\u00edo Almanchares y Saltillo. Una ruta a la que llaman el peque\u00f1o Caminito del Rey.<\/p>\n<h2>Pueblo blanco<\/h2>\n<p>El paseo se inicia en el pueblo de Canillas de Aceituno. Antes de iniciar la caminata, puedes visitar este pueblo con sus casas encaladas con ventanas llenas de flores de colores. Es uno de los pueblos blancos de la comarca de la Axarqu\u00eda.<\/p>\n<h2>Ruta de senderismo bien se\u00f1alizada<\/h2>\n<p>La ruta de senderismo bien se\u00f1alizada comienza sobre el pueblo de Canillas de Aceituno. El paso de la ruta a pie por el r\u00edo Almanchares estaba muy da\u00f1ado por las corrientes de agua y era muy peligroso. Esto se ha solucionado con la construcci\u00f3n de pasarelas montadas en roca.<\/p>\n<p>Primero caminas a lo largo del r\u00edo, hasta llegar a una peque\u00f1a poza. Luego subes a una gran altura y tienes una buena vista del pueblo y los profundos barrancos debajo de ti. M\u00e1s adelante hay que subir bastante por una fuerte pendiente. Tras una curva se ve el puente colgante en el fondo del barranco. En lugar de descender primero hasta \u00e9l, contin\u00faa la ruta hacia las pozas. Para llegar hay que atravesar una serie de pasarelas met\u00e1licas que cuelgan de las rocas sobre el r\u00edo y sobre el barranco.<\/p>\n<p>La vista del barranco y el puente es por supuesto espectacular. Pasadas las pasarelas, la ruta contin\u00faa por un sendero hasta el punto donde nace el r\u00edo. Hay un peque\u00f1o pasaje que hay que pasar para acceder a las piscinas. El acceso a las cascadas y las piscinas superiores es algo dif\u00edcil ya que hay que escalar la roca resbaladiza, \u00a1as\u00ed que ten cuidado aqu\u00ed! Luego cruzas el largo puente colgante. Aseg\u00farese de detenerse para disfrutar de la vista panor\u00e1mica del ca\u00f1\u00f3n antes de comenzar la caminata de aventura El Saltillo de regreso en su camino o<br \/>contin\u00faa hasta el pueblo de Sedella.<\/p>\n<p>[\/et_pb_text][et_pb_gallery gallery_ids=\u00bb1106,1112,1108,1096,1102,1098,1094,1092&#8243; posts_number=\u00bb8&#8243; show_title_and_caption=\u00bboff\u00bb show_pagination=\u00bboff\u00bb zoom_icon_color=\u00bb#33D6E8&#8243; _builder_version=\u00bb4.17.1&#8243; _module_preset=\u00bbdefault\u00bb custom_margin=\u00bb3em||||false|false\u00bb border_radii_image=\u00bbon|10px|10px|10px|10px\u00bb box_shadow_style_image=\u00bbpreset3&#8243; global_colors_info=\u00bb{}\u00bb][\/et_pb_gallery][\/et_pb_column][\/et_pb_row][et_pb_row _builder_version=\u00bb4.16.0&#8243; _module_preset=\u00bbdefault\u00bb custom_margin=\u00bb2em||||false|false\u00bb custom_padding=\u00bb||0px||false|false\u00bb global_colors_info=\u00bb{}\u00bb][et_pb_column type=\u00bb4_4&#8243; _builder_version=\u00bb4.16.0&#8243; _module_preset=\u00bbdefault\u00bb global_colors_info=\u00bb{}\u00bb][et_pb_button button_url=\u00bbhttps:\/\/competa-suites.com\/es\/precios-y-disponibilidad\/#solicitud-de-reserva\u00bb button_text=\u00bbHacer una solicitud de reserva\u00bb _builder_version=\u00bb4.18.0&#8243; _module_preset=\u00bb902681e6-674d-492b-9085-57793e5d214f\u00bb button_bg_color=\u00bb#E88033&#8243; custom_margin=\u00bb0em||1em||false|false\u00bb global_colors_info=\u00bb{}\u00bb button_bg_color__hover=\u00bb#1499A8&#8243; button_bg_enable_color__hover=\u00bbon\u00bb][\/et_pb_button][\/et_pb_column][\/et_pb_row][\/et_pb_section][et_pb_section fb_built=\u00bb1&#8243; fullwidth=\u00bbon\u00bb _builder_version=\u00bb4.16&#8243; _module_preset=\u00bbdefault\u00bb global_colors_info=\u00bb{}\u00bb][et_pb_fullwidth_code _builder_version=\u00bb4.16&#8243; _module_preset=\u00bbdefault\u00bb background_color=\u00bb#33D6E8&#8243; global_colors_info=\u00bb{}\u00bb]<iframe src=\"https:\/\/www.google.com\/maps\/embed?pb=!1m18!1m12!1m3!1d18064.612186166745!2d-3.985683347452464!3d36.83283665440784!2m3!1f0!2f0!3f0!3m2!1i1024!2i768!4f13.1!3m3!1m2!1s0xd723d8e8a4c8ca3%3A0xf2d54543ce75fe0c!2sLa%20Granada%20Residence!5e0!3m2!1snl!2sfr!4v1648237365170!5m2!1snl!2sfr\" width=\"100%\" height=\"450\" style=\"border:0;\" allowfullscreen=\"\" loading=\"lazy\" referrerpolicy=\"no-referrer-when-downgrade\"><\/iframe>[\/et_pb_fullwidth_code][\/et_pb_section]<\/p>\n","protected":false},"excerpt":{"rendered":"<p>El sendero de El SaltilloA pocos kil\u00f3metros de C\u00f3mpeta, en lo alto de las monta\u00f1as, se encuentra el pueblo de Canillas de Aceituno. All\u00ed comienza la ruta de senderismo aventurero al r\u00edo Almanchares y Saltillo. Una ruta a la que llaman el peque\u00f1o Caminito del Rey. El puente colgante El Saltillo El principal atractivo del [&hellip;]<\/p>\n","protected":false},"author":1,"featured_media":0,"parent":0,"menu_order":0,"comment_status":"closed","ping_status":"closed","template":"","meta":{"_et_pb_use_builder":"on","_et_pb_old_content":"","_et_gb_content_width":"","footnotes":""},"class_list":["post-1723","page","type-page","status-publish","hentry"],"_links":{"self":[{"href":"https:\/\/competa-suites.com\/es\/wp-json\/wp\/v2\/pages\/1723","targetHints":{"allow":["GET"]}}],"collection":[{"href":"https:\/\/competa-suites.com\/es\/wp-json\/wp\/v2\/pages"}],"about":[{"href":"https:\/\/competa-suites.com\/es\/wp-json\/wp\/v2\/types\/page"}],"author":[{"embeddable":true,"href":"https:\/\/competa-suites.com\/es\/wp-json\/wp\/v2\/users\/1"}],"replies":[{"embeddable":true,"href":"https:\/\/competa-suites.com\/es\/wp-json\/wp\/v2\/comments?post=1723"}],"version-history":[{"count":19,"href":"https:\/\/competa-suites.com\/es\/wp-json\/wp\/v2\/pages\/1723\/revisions"}],"predecessor-version":[{"id":3942,"href":"https:\/\/competa-suites.com\/es\/wp-json\/wp\/v2\/pages\/1723\/revisions\/3942"}],"wp:attachment":[{"href":"https:\/\/competa-suites.com\/es\/wp-json\/wp\/v2\/media?parent=1723"}],"curies":[{"name":"wp","href":"https:\/\/api.w.org\/{rel}","templated":true}]}}