{"id":1696,"date":"2022-03-26T10:31:53","date_gmt":"2022-03-26T10:31:53","guid":{"rendered":"https:\/\/lagranadaresidence.com\/?page_id=1696"},"modified":"2025-04-25T12:54:16","modified_gmt":"2025-04-25T12:54:16","slug":"declaracion-de-privacidad","status":"publish","type":"page","link":"https:\/\/competa-suites.com\/es\/declaracion-de-privacidad\/","title":{"rendered":"Declaraci\u00f3n de privacidad"},"content":{"rendered":"<p>[et_pb_section fb_built=\u00bb1&#8243; next_background_color=\u00bb#ffffff\u00bb admin_label=\u00bbOur Specialties Section\u00bb _builder_version=\u00bb4.16&#8243; background_color=\u00bb#E88033&#8243; custom_padding=\u00bb3em||0px||false|false\u00bb bottom_divider_style=\u00bbwave2&#8243; global_colors_info=\u00bb{}\u00bb][et_pb_row admin_label=\u00bbTitle Area\u00bb _builder_version=\u00bb4.16&#8243; custom_padding=\u00bb||3em||false|false\u00bb global_colors_info=\u00bb{}\u00bb][et_pb_column type=\u00bb4_4&#8243; _builder_version=\u00bb4.16&#8243; custom_padding=\u00bb|||\u00bb global_colors_info=\u00bb{}\u00bb custom_padding__hover=\u00bb|||\u00bb][et_pb_text admin_label=\u00bbTitle\u00bb _builder_version=\u00bb4.21.0&#8243; text_font=\u00bb||||||||\u00bb header_font=\u00bb||||||||\u00bb header_text_align=\u00bbcenter\u00bb header_text_color=\u00bb#52EEFF\u00bb header_font_size=\u00bb48px\u00bb header_line_height=\u00bb1.3em\u00bb header_2_font=\u00bb|700|||||||\u00bb header_2_text_align=\u00bbcenter\u00bb header_2_text_color=\u00bb#52EEFF\u00bb header_2_font_size=\u00bb48px\u00bb header_2_line_height=\u00bb1.3em\u00bb custom_margin=\u00bb||20px|\u00bb animation_style=\u00bbslide\u00bb animation_direction=\u00bbtop\u00bb animation_intensity_slide=\u00bb30%\u00bb animation_starting_opacity=\u00bb100%\u00bb header_font_size_tablet=\u00bb48px\u00bb header_font_size_phone=\u00bb36px\u00bb header_font_size_last_edited=\u00bbon|phone\u00bb global_colors_info=\u00bb{}\u00bb]<\/p>\n<h1>Declaraci\u00f3n de privacidad<\/h1>\n<p>[\/et_pb_text][et_pb_divider color=\u00bb#E88033&#8243; divider_weight=\u00bb3px\u00bb _builder_version=\u00bb4.16&#8243; max_width=\u00bb60px\u00bb module_alignment=\u00bbcenter\u00bb custom_margin=\u00bb||10px|\u00bb animation_style=\u00bbslide\u00bb animation_direction=\u00bbtop\u00bb animation_intensity_slide=\u00bb30%\u00bb animation_starting_opacity=\u00bb100%\u00bb global_colors_info=\u00bb{}\u00bb][\/et_pb_divider][\/et_pb_column][\/et_pb_row][\/et_pb_section][et_pb_section fb_built=\u00bb1&#8243; admin_label=\u00bbOur Specialties Section\u00bb _builder_version=\u00bb4.16&#8243; custom_padding=\u00bb1em||0px||false|false\u00bb global_colors_info=\u00bb{}\u00bb][et_pb_row admin_label=\u00bbTitle Area\u00bb _builder_version=\u00bb4.16&#8243; custom_margin=\u00bb||||false|false\u00bb custom_padding=\u00bb0px||3em||false|false\u00bb global_colors_info=\u00bb{}\u00bb][et_pb_column type=\u00bb4_4&#8243; _builder_version=\u00bb4.16&#8243; custom_padding=\u00bb|||\u00bb global_colors_info=\u00bb{}\u00bb custom_padding__hover=\u00bb|||\u00bb][et_pb_text _builder_version=\u00bb4.27.2&#8243; _module_preset=\u00bbdefault\u00bb header_3_font=\u00bbMontserrat||||||||\u00bb header_3_font_size=\u00bb20px\u00bb global_colors_info=\u00bb{}\u00bb]<\/p>\n<p><em>Sobre la p\u00e1gina web <a href=\"https:\/\/competa-suites.com\/es\/\">competa-suites.com<\/a> &#8211; C\u00f3mpeta\/Espa\u00f1a, versi\u00f3n 003, fecha 04\/10\/2024<\/em><\/p>\n<h3>Pol\u00edtica de privacidad<\/h3>\n<p>Creemos que es nuestra obligaci\u00f3n proteger sus datos, por lo que hemos establecido una pol\u00edtica de privacidad. Aqu\u00ed le explicamos cu\u00e1les son los datos recopilados y cu\u00e1les son usados. Esta pol\u00edtica evidentemente s\u00f3lo se puede aplicar a los servicios de C\u00f3mpeta Suites, y no a terceros. Debe conocer que no nos haremos responsables de otras pol\u00edticas de privacidad que puedan aparecer en una p\u00e1gina que nosotros hemos mencionado como enlace. Al hacer uso de la p\u00e1gina competa-suites.com accepta nuestra pol\u00edtica de privacidad.<\/p>\n<h3>Prop\u00f3sito<\/h3>\n<p>El sitio web competa-suites.com recopila y utiliza datos personales \u00fanicamente para los fines declarados descritos en nuestra pol\u00edtica de privacidad, a menos que usted lo apruebe previamente por escrito<\/p>\n<h3>Terceros<\/h3>\n<p>La informaci\u00f3n solo se almacena en nuestro propio servidor y no se comparte con terceros, excepto cuando sea necesario para cumplir con una obligaci\u00f3n legal.<\/p>\n<h3>Formularios<\/h3>\n<p>La informaci\u00f3n de contacto registrada por nosotros, nombre, direcci\u00f3n, n\u00famero de tel\u00e9fono y direcci\u00f3n de correo electr\u00f3nico solo se utiliza para poder responder a las preguntas formuladas. Al completar un formulario, usted acepta el procesamiento de estos datos.<\/p>\n<h3>Correo electr\u00f3nico<\/h3>\n<p>Cuando nos env\u00eda un correo electr\u00f3nico u otros mensajes, podemos almacenar esos mensajes. Estos datos personales se almacenan en nuestro servidor seguro. Estos datos personales no se proporcionan a terceros y\/o se utilizan para fines distintos a la prestaci\u00f3n de nuestros servicios.<\/p>\n<h3>Contabilidad<\/h3>\n<p>Los detalles de su reserva se compartir\u00e1n con el contador\/gestor local para la liquidaci\u00f3n del IVA y la declaraci\u00f3n de impuestos en el lugar.<\/p>\n<h3>Guardia Civil<\/h3>\n<p>Estamos legalmente obligados a mencionar a todos los hu\u00e9spedes de nuestro(s) alojamiento(s) a la Guardia Civil mediante un documento oficial con sus datos personales completos.<\/p>\n<h3>Informaci\u00f3n personal<\/h3>\n<p>La informaci\u00f3n personal no ser\u00e1 proporcionada por nosotros a terceros, a menos que con su permiso o mediante una orden judicial.<\/p>\n<p>Datos personales a informar:<\/p>\n<ul>\n<li>Nombre<\/li>\n<li>Apellido<\/li>\n<li>Direcci\u00f3n<\/li>\n<li>Sexo<\/li>\n<li>Fecha de nacimiento<\/li>\n<li>Nacionalidad<\/li>\n<li>Tipo Documento<\/li>\n<li>Fecha de emisi\u00f3n Documento de viaje<\/li>\n<\/ul>\n<h3>Sitios de reserva externos<\/h3>\n<p>Si recibimos sus datos a trav\u00e9s de sitios de reservas externos (Booking.com, Expedia.com, Airbnb.com y posiblemente otros), solo utilizamos estos datos personales para poder prestarle los servicios. Estos datos personales se almacenan en nuestro servidor seguro. Estos datos personales no se proporcionan a terceros y\/o se utilizan para fines distintos a la prestaci\u00f3n de nuestros servicios.<\/p>\n<h3>Cookies<\/h3>\n<p>Nuestro sitio web competa-suites.com utiliza cookies para ayudarnos a analizar c\u00f3mo los usuarios usan el sitio. La informaci\u00f3n generada por las cookies sobre su uso del sitio web se almacena en nuestro servidor seguro. Estos datos personales no se proporcionan a terceros y\/o se utilizan para fines distintos a la prestaci\u00f3n de nuestros servicios. Puede elegir si acepta o no las cookies. Algunas funciones y\/o servicios de nuestro sitio web pueden no funcionar correctamente si las cookies est\u00e1n deshabilitadas en su navegador.<\/p>\n<h3>Deshabilitar cookies<\/h3>\n<p>La mayor\u00eda de los navegadores est\u00e1n configurados para aceptar cookies de forma predeterminada, pero puede restablecer su navegador para rechazar todas las cookies o para indicar cu\u00e1ndo se env\u00eda una cookie. Sin embargo, algunas caracter\u00edsticas y\/o servicios, en nuestro y otros sitios web, pueden no funcionar correctamente si las cookies est\u00e1n deshabilitadas en su navegador.<\/p>\n<h3>Objetivos<\/h3>\n<p>El sitio web competa-suites.com recoge y utiliza los datos personales \u00fanicamente para los fines descritos en nuestra pol\u00edtica de privacidad, a menos que usted lo apruebe previamente por escrito.<\/p>\n<h3>Cambios<\/h3>\n<p>Esta pol\u00edtica de privacidad se adapta al uso y las posibilidades de nuestro sitio web competa-suites.com. Cualquier ajuste y\/o cambio a esta declaraci\u00f3n de privacidad puede ser realizado por nuestra parte sin previo aviso y dar\u00e1 lugar a cambios en nuestra pol\u00edtica de privacidad. La versi\u00f3n m\u00e1s actualizada de nuestra pol\u00edtica de privacidad est\u00e1 siempre disponible en nuestro sitio web. Por lo tanto, le recomendamos que consulte regularmente esta declaraci\u00f3n de privacidad.<\/p>\n<h3>Ver datos personales<\/h3>\n<p>Ofrecemos a todos los visitantes de nuestro sitio web competa-suites.com la oportunidad de ver, cambiar o eliminar la informaci\u00f3n personal que se encuentra actualmente en nuestro servidor. Puede enviarnos una solicitud por correo electr\u00f3nico, adjuntando una copia de su pasaporte. En ese caso, le solicitamos que los datos como el n\u00famero de pasaporte y el n\u00famero de servicio al ciudadano sean ilegibles con anticipaci\u00f3n para su privacidad.<\/p>\n<h3>Conservaci\u00f3n de datos personales<\/h3>\n<p>Nos tomamos muy en serio la seguridad de sus datos personales, hacemos todo lo posible para evitar el uso indebido, la p\u00e9rdida o el acceso no autorizado, la divulgaci\u00f3n no deseada o los cambios no autorizados. El ordenador de competa-suites.com tiene protecci\u00f3n McAffee y tus datos se almacenan en OneDrive. No almacenamos los datos personales recopilados por nosotros durante m\u00e1s tiempo del necesario para la prestaci\u00f3n de los servicios que ha indicado y para la administraci\u00f3n de la declaraci\u00f3n de impuestos en el sitio. Por la ley fiscal espa\u00f1ola estamos obligados a conservarlo durante al menos 6 a\u00f1os.<\/p>\n<h3>Preguntas y comentarios<\/h3>\n<p>C\u00f3mpeta Suites,<br \/>Calle Laberinto, 8<br \/>29754 C\u00f3mpeta, (M\u00e1laga) Spanje.<br \/>Correo electr\u00f3nico: <a href=\"mailto:info@competa-suites.com\">info@competa-suites.com<\/a><br \/>Actividad empresarial: alquiler de viviendas vacacionales en C\u00f3mpeta (M\u00e1laga) \u2013 Espa\u00f1a<\/p>\n<p>Detalles de contacto<\/p>\n<p>Ann Birkekaer y Jan R Petersen<br \/>Calle Laberinto, 8<br \/>29754 C\u00f3mpeta, (M\u00e1laga) Espa\u00f1a.<br \/>N\u00famero fiscal: X1879519M<br \/>M\u00f3vil: <a href=\"tel:0034601614652\">+34 601614652<\/a><\/p>\n<p>[\/et_pb_text][\/et_pb_column][\/et_pb_row][\/et_pb_section]<\/p>\n","protected":false},"excerpt":{"rendered":"<p>Declaraci\u00f3n de privacidadSobre la p\u00e1gina web competa-suites.com &#8211; C\u00f3mpeta\/Espa\u00f1a, versi\u00f3n 003, fecha 04\/10\/2024 Pol\u00edtica de privacidad Creemos que es nuestra obligaci\u00f3n proteger sus datos, por lo que hemos establecido una pol\u00edtica de privacidad. Aqu\u00ed le explicamos cu\u00e1les son los datos recopilados y cu\u00e1les son usados. Esta pol\u00edtica evidentemente s\u00f3lo se puede aplicar a los servicios [&hellip;]<\/p>\n","protected":false},"author":1,"featured_media":0,"parent":0,"menu_order":0,"comment_status":"closed","ping_status":"closed","template":"","meta":{"_et_pb_use_builder":"on","_et_pb_old_content":"","_et_gb_content_width":"","footnotes":""},"class_list":["post-1696","page","type-page","status-publish","hentry"],"_links":{"self":[{"href":"https:\/\/competa-suites.com\/es\/wp-json\/wp\/v2\/pages\/1696","targetHints":{"allow":["GET"]}}],"collection":[{"href":"https:\/\/competa-suites.com\/es\/wp-json\/wp\/v2\/pages"}],"about":[{"href":"https:\/\/competa-suites.com\/es\/wp-json\/wp\/v2\/types\/page"}],"author":[{"embeddable":true,"href":"https:\/\/competa-suites.com\/es\/wp-json\/wp\/v2\/users\/1"}],"replies":[{"embeddable":true,"href":"https:\/\/competa-suites.com\/es\/wp-json\/wp\/v2\/comments?post=1696"}],"version-history":[{"count":17,"href":"https:\/\/competa-suites.com\/es\/wp-json\/wp\/v2\/pages\/1696\/revisions"}],"predecessor-version":[{"id":3724,"href":"https:\/\/competa-suites.com\/es\/wp-json\/wp\/v2\/pages\/1696\/revisions\/3724"}],"wp:attachment":[{"href":"https:\/\/competa-suites.com\/es\/wp-json\/wp\/v2\/media?parent=1696"}],"curies":[{"name":"wp","href":"https:\/\/api.w.org\/{rel}","templated":true}]}}