{"id":1667,"date":"2022-04-01T18:05:50","date_gmt":"2022-04-01T18:05:50","guid":{"rendered":"https:\/\/lagranadaresidence.com\/?page_id=1667"},"modified":"2025-04-13T12:00:23","modified_gmt":"2025-04-13T12:00:23","slug":"ciclismo-de-montana-en-competa","status":"publish","type":"page","link":"https:\/\/competa-suites.com\/es\/ciclismo-de-montana-en-competa\/","title":{"rendered":"Ciclismo de monta\u00f1a en C\u00f3mpeta"},"content":{"rendered":"<p>[et_pb_section fb_built=\u00bb1&#8243; next_background_color=\u00bb#ffffff\u00bb admin_label=\u00bbOur Specialties Section\u00bb _builder_version=\u00bb4.16&#8243; background_color=\u00bb#52EEFF\u00bb custom_padding=\u00bb3em||0px||false|false\u00bb bottom_divider_style=\u00bbwave2&#8243; global_colors_info=\u00bb{}\u00bb][et_pb_row admin_label=\u00bbTitle Area\u00bb _builder_version=\u00bb4.16&#8243; custom_padding=\u00bb||3em||false|false\u00bb global_colors_info=\u00bb{}\u00bb][et_pb_column type=\u00bb4_4&#8243; _builder_version=\u00bb4.16&#8243; custom_padding=\u00bb|||\u00bb global_colors_info=\u00bb{}\u00bb custom_padding__hover=\u00bb|||\u00bb][et_pb_text admin_label=\u00bbTitle\u00bb _builder_version=\u00bb4.22.2&#8243; text_font=\u00bb||||||||\u00bb header_font=\u00bb||||||||\u00bb header_text_align=\u00bbcenter\u00bb header_font_size=\u00bb48px\u00bb header_line_height=\u00bb1.3em\u00bb header_2_font=\u00bbMerienda One|700|||||||\u00bb header_2_text_align=\u00bbcenter\u00bb header_2_text_color=\u00bb#E88033&#8243; header_2_font_size=\u00bb48px\u00bb header_2_line_height=\u00bb1.3em\u00bb custom_margin=\u00bb||20px|\u00bb animation_style=\u00bbslide\u00bb animation_direction=\u00bbtop\u00bb animation_intensity_slide=\u00bb30%\u00bb animation_starting_opacity=\u00bb100%\u00bb header_font_size_tablet=\u00bb48px\u00bb header_font_size_phone=\u00bb36px\u00bb header_font_size_last_edited=\u00bbon|phone\u00bb global_colors_info=\u00bb{}\u00bb]<\/p>\n<h1>Ciclismo de monta\u00f1a en C\u00f3mpeta<\/h1>\n<p>[\/et_pb_text][et_pb_divider color=\u00bb#1499A8&#8243; divider_weight=\u00bb3px\u00bb _builder_version=\u00bb4.16&#8243; max_width=\u00bb60px\u00bb module_alignment=\u00bbcenter\u00bb custom_margin=\u00bb||10px|\u00bb animation_style=\u00bbslide\u00bb animation_direction=\u00bbtop\u00bb animation_intensity_slide=\u00bb30%\u00bb animation_starting_opacity=\u00bb100%\u00bb global_colors_info=\u00bb{}\u00bb][\/et_pb_divider][\/et_pb_column][\/et_pb_row][\/et_pb_section][et_pb_section fb_built=\u00bb1&#8243; _builder_version=\u00bb4.16&#8243; _module_preset=\u00bbdefault\u00bb custom_padding=\u00bb0px||3em||false|false\u00bb global_colors_info=\u00bb{}\u00bb][et_pb_row column_structure=\u00bb3_5,2_5&#8243; _builder_version=\u00bb4.16&#8243; _module_preset=\u00bbdefault\u00bb custom_padding=\u00bb3em||0px||false|false\u00bb global_colors_info=\u00bb{}\u00bb][et_pb_column type=\u00bb3_5&#8243; _builder_version=\u00bb4.16&#8243; _module_preset=\u00bbdefault\u00bb global_colors_info=\u00bb{}\u00bb][et_pb_text admin_label=\u00bbTitle\u00bb _builder_version=\u00bb4.16.0&#8243; text_font=\u00bb||||||||\u00bb header_font=\u00bb||||||||\u00bb header_2_font=\u00bb||||||||\u00bb header_2_text_align=\u00bbleft\u00bb header_2_font_size=\u00bb34px\u00bb header_2_line_height=\u00bb1.3em\u00bb custom_margin=\u00bb||20px|\u00bb animation_style=\u00bbslide\u00bb animation_direction=\u00bbtop\u00bb animation_intensity_slide=\u00bb30%\u00bb animation_starting_opacity=\u00bb100%\u00bb global_colors_info=\u00bb{}\u00bb]<\/p>\n<p>Ven a disfrutar del ciclismo de monta\u00f1a en el paisaje de Andaluc\u00eda a principios de primavera u oto\u00f1o. Vaya en bicicleta a un restaurante en un pueblo perdido para un delicioso almuerzo con productos locales o haga un relajante ruta por las playas del Mediterr\u00e1neo. Nuestros apartamentos se encuentran a solo escasos metros de la plaza principal del pueblo blanco C\u00f3mpeta; una plaza tan acogedora y soleada. Estamos a 640 m. de altitud y el pueblo es conocido por sus bonitas terrazas con unas vistas impresionantes.<\/p>\n<p>Llevamos organizando vacaciones en bicicleta de monta\u00f1a en Andaluc\u00eda desde 1994 y nos mantenemos en contacto para proporcionar informaci\u00f3n sobre rutas o simplemente para charlar en una terraza soleada mientras disfrutas de una copa de vino.<\/p>\n<p>[\/et_pb_text][\/et_pb_column][et_pb_column type=\u00bb2_5&#8243; _builder_version=\u00bb4.16&#8243; _module_preset=\u00bbdefault\u00bb global_colors_info=\u00bb{}\u00bb][et_pb_blurb title=\u00bbIdea\u00bb use_icon=\u00bbon\u00bb font_icon=\u00bb&#xf6ec;||fa||900&#8243; icon_color=\u00bb#52EEFF\u00bb _builder_version=\u00bb4.27.4&#8243; _module_preset=\u00bbdefault\u00bb header_text_color=\u00bb#FFFFFF\u00bb header_font_size=\u00bb28px\u00bb body_text_color=\u00bb#FFFFFF\u00bb body_link_text_color=\u00bb#52EEFF\u00bb background_color=\u00bb#E88033&#8243; transform_rotate=\u00bb0deg|0deg|3deg\u00bb custom_margin=\u00bb1em||||false|false\u00bb custom_padding=\u00bb1em|1em|1em|1em|true|true\u00bb border_radii=\u00bbon|25px|25px|25px|25px\u00bb global_colors_info=\u00bb{}\u00bb body_link_text_color__hover_enabled=\u00bbon|hover\u00bb body_link_text_color__hover=\u00bb#9C4403&#8243;]<\/p>\n<p><span>\u00bfPor qu\u00e9 no alternar el ciclismo con una jornada de\u00a0<\/span><a href=\"https:\/\/competa-suites.com\/es\/senderismo-en-andalucia\/\">senderismo<\/a><span>\u00a0en las monta\u00f1as de las inmediaciones del pueblo?<\/span><\/p>\n<p>[\/et_pb_blurb][\/et_pb_column][\/et_pb_row][et_pb_row _builder_version=\u00bb4.16.0&#8243; _module_preset=\u00bbdefault\u00bb custom_padding=\u00bb0px||0px||false|false\u00bb global_colors_info=\u00bb{}\u00bb][et_pb_column type=\u00bb4_4&#8243; _builder_version=\u00bb4.16&#8243; _module_preset=\u00bbdefault\u00bb global_colors_info=\u00bb{}\u00bb][et_pb_gallery gallery_ids=\u00bb1066,1232,946,1228&#8243; show_title_and_caption=\u00bboff\u00bb show_pagination=\u00bboff\u00bb zoom_icon_color=\u00bb#33D6E8&#8243; _builder_version=\u00bb4.17.3&#8243; _module_preset=\u00bbdefault\u00bb custom_margin=\u00bb3em||||false|false\u00bb border_radii_image=\u00bbon|10px|10px|10px|10px\u00bb box_shadow_style_image=\u00bbpreset3&#8243; global_colors_info=\u00bb{}\u00bb][\/et_pb_gallery][\/et_pb_column][\/et_pb_row][\/et_pb_section][et_pb_section fb_built=\u00bb1&#8243; prev_background_color=\u00bb#ffffff\u00bb _builder_version=\u00bb4.16&#8243; _module_preset=\u00bbdefault\u00bb background_color=\u00bb#33D6E8&#8243; top_divider_style=\u00bbwave2&#8243; global_colors_info=\u00bb{}\u00bb][et_pb_row _builder_version=\u00bb4.16&#8243; _module_preset=\u00bbdefault\u00bb custom_padding=\u00bb3em||||false|false\u00bb global_colors_info=\u00bb{}\u00bb][et_pb_column type=\u00bb4_4&#8243; _builder_version=\u00bb4.16&#8243; _module_preset=\u00bbdefault\u00bb global_colors_info=\u00bb{}\u00bb][et_pb_text _builder_version=\u00bb4.16.0&#8243; _module_preset=\u00bbdefault\u00bb header_2_font=\u00bb|600|||||||\u00bb header_2_text_align=\u00bbcenter\u00bb header_2_text_color=\u00bb#E88033&#8243; global_colors_info=\u00bb{}\u00bb]<\/p>\n<h2>Rutas de MBT<\/h2>\n<p>[\/et_pb_text][\/et_pb_column][\/et_pb_row][et_pb_row _builder_version=\u00bb4.16&#8243; _module_preset=\u00bbdefault\u00bb custom_padding=\u00bb0px||0px||true|false\u00bb global_colors_info=\u00bb{}\u00bb][et_pb_column type=\u00bb4_4&#8243; _builder_version=\u00bb4.16&#8243; _module_preset=\u00bbdefault\u00bb global_colors_info=\u00bb{}\u00bb][et_pb_text _builder_version=\u00bb4.27.4&#8243; _module_preset=\u00bbdefault\u00bb text_text_color=\u00bb#421C01&#8243; link_text_color=\u00bb#E88033&#8243; header_3_text_color=\u00bb#E88033&#8243; header_3_font_size=\u00bb21px\u00bb global_colors_info=\u00bb{}\u00bb link_text_color__hover_enabled=\u00bbon|hover\u00bb link_text_color__hover=\u00bb#9C4403&#8243;]<\/p>\n<p><span>Puede descargar rutas GPS bien documentadas desde sitios web como las plataformas\u00a0<\/span><a href=\"https:\/\/nl.wikiloc.com\/wikiloc\/map.do?sw=36.82563959056963%2C-3.9745570373506167&amp;ne=36.83106580943517%2C-3.967777862649383&amp;place=Competa%20&amp;page=1\" target=\"_blank\" rel=\"noopener\">Wikiloc.com<\/a><span>,\u00a0<\/span><a href=\"https:\/\/www.bikemap.net\/en\/u\/albertodos1946\/routes\/created\/\" target=\"_blank\" rel=\"noopener\">Bikemap.net<\/a><span>\u00a0y\u00a0<\/span><a href=\"https:\/\/www.alltrails.com\/nl-nl\/spain\/malaga\/competa\" target=\"_blank\" rel=\"noopener\">Alltrails.com<\/a><span>. Tambi\u00e9n puede ver los paseos de\u00a0<\/span><a href=\"https:\/\/www.strava.com\/athletes\/6032637?hl=es-ES\" target=\"_blank\" rel=\"noopener\">Strava de un ciclista local<\/a><span>\u00a0para inspirarse.<\/span><\/p>\n<p>[\/et_pb_text][et_pb_gallery gallery_ids=\u00bb1064,1062,1060,1058&#8243; show_title_and_caption=\u00bboff\u00bb show_pagination=\u00bboff\u00bb zoom_icon_color=\u00bb#33D6E8&#8243; _builder_version=\u00bb4.17.0&#8243; _module_preset=\u00bbdefault\u00bb custom_margin=\u00bb3em||||false|false\u00bb border_radii_image=\u00bbon|10px|10px|10px|10px\u00bb box_shadow_style_image=\u00bbpreset3&#8243; global_colors_info=\u00bb{}\u00bb][\/et_pb_gallery][\/et_pb_column][\/et_pb_row][et_pb_row _builder_version=\u00bb4.16.0&#8243; _module_preset=\u00bbdefault\u00bb custom_margin=\u00bb2em||||false|false\u00bb custom_padding=\u00bb||0px||false|false\u00bb global_colors_info=\u00bb{}\u00bb][et_pb_column type=\u00bb4_4&#8243; _builder_version=\u00bb4.16.0&#8243; _module_preset=\u00bbdefault\u00bb global_colors_info=\u00bb{}\u00bb][et_pb_button button_url=\u00bbhttps:\/\/competa-suites.com\/es\/precios-y-disponibilidad\/#reserveringsaanvraag\u00bb button_text=\u00bbHaz una reserva\u00bb _builder_version=\u00bb4.16.0&#8243; _module_preset=\u00bb902681e6-674d-492b-9085-57793e5d214f\u00bb button_bg_color=\u00bb#E88033&#8243; custom_margin=\u00bb0em||1em||false|false\u00bb global_colors_info=\u00bb{}\u00bb button_bg_color__hover=\u00bb#1499A8&#8243; button_bg_enable_color__hover=\u00bbon\u00bb][\/et_pb_button][\/et_pb_column][\/et_pb_row][\/et_pb_section][et_pb_section fb_built=\u00bb1&#8243; _builder_version=\u00bb4.16&#8243; _module_preset=\u00bbdefault\u00bb custom_padding=\u00bb0px||3em||false|false\u00bb global_colors_info=\u00bb{}\u00bb][et_pb_row _builder_version=\u00bb4.16&#8243; _module_preset=\u00bbdefault\u00bb custom_padding=\u00bb3em||0px||false|false\u00bb global_colors_info=\u00bb{}\u00bb][et_pb_column type=\u00bb4_4&#8243; _builder_version=\u00bb4.16&#8243; _module_preset=\u00bbdefault\u00bb global_colors_info=\u00bb{}\u00bb][et_pb_text admin_label=\u00bbTitle\u00bb _builder_version=\u00bb4.27.4&#8243; text_font=\u00bb||||||||\u00bb header_font=\u00bb||||||||\u00bb header_2_font=\u00bb||||||||\u00bb header_2_text_align=\u00bbleft\u00bb header_2_font_size=\u00bb34px\u00bb header_2_line_height=\u00bb1.3em\u00bb custom_margin=\u00bb||20px|\u00bb animation_style=\u00bbslide\u00bb animation_direction=\u00bbtop\u00bb animation_intensity_slide=\u00bb30%\u00bb animation_starting_opacity=\u00bb100%\u00bb global_colors_info=\u00bb{}\u00bb]<\/p>\n<h2>Alquilar una bicicleta de monta\u00f1a en Andaluc\u00eda<\/h2>\n<p>Si no trae su propia bicicleta, puede alquilar una en <a href=\"http:\/\/www.cyclemalaga.com\/\" target=\"_blank\" rel=\"noopener\">Cycle Malaga<\/a> o <a href=\"http:\/\/www.competabyebike.com\/\" target=\"_blank\" rel=\"noopener\">C\u00f3mpeta by e-Bike<\/a>.<\/p>\n<p>Puede guardar su bicicleta de forma segura en C\u00f3mpeta Suites.<\/p>\n<p>[\/et_pb_text][\/et_pb_column][\/et_pb_row][\/et_pb_section][et_pb_section fb_built=\u00bb1&#8243; prev_background_color=\u00bb#ffffff\u00bb _builder_version=\u00bb4.16&#8243; _module_preset=\u00bbdefault\u00bb background_color=\u00bb#33D6E8&#8243; top_divider_style=\u00bbwave2&#8243; global_colors_info=\u00bb{}\u00bb][et_pb_row _builder_version=\u00bb4.16&#8243; _module_preset=\u00bbdefault\u00bb custom_padding=\u00bb3em||||false|false\u00bb global_colors_info=\u00bb{}\u00bb][et_pb_column type=\u00bb4_4&#8243; _builder_version=\u00bb4.16&#8243; _module_preset=\u00bbdefault\u00bb global_colors_info=\u00bb{}\u00bb][et_pb_text _builder_version=\u00bb4.16.0&#8243; _module_preset=\u00bbdefault\u00bb header_2_font=\u00bb|600|||||||\u00bb header_2_text_align=\u00bbleft\u00bb header_2_text_color=\u00bb#E88033&#8243; global_colors_info=\u00bb{}\u00bb]<\/p>\n<h2>Ciclismo de monta\u00f1a para grupos en Andaluc\u00eda<\/h2>\n<p>Disponemos de alojamiento suficiente en C\u00f3mpeta Suites para grupos de 6 a 14 personas. Estaremos encantados de hacerle una oferta a medida para sus vacaciones en bicicleta de monta\u00f1a en Andaluc\u00eda, que incluye traslados al aeropuerto, alojamiento, desayuno, cena, alquiler de bicicletas, seguros y traslados personales a\/desde las diferentes secciones de la ruta en las monta\u00f1as.<\/p>\n<p>[\/et_pb_text][\/et_pb_column][\/et_pb_row][et_pb_row _builder_version=\u00bb4.17.1&#8243; _module_preset=\u00bbdefault\u00bb custom_padding=\u00bb0px||0px||true|false\u00bb global_colors_info=\u00bb{}\u00bb][et_pb_column type=\u00bb4_4&#8243; _builder_version=\u00bb4.16&#8243; _module_preset=\u00bbdefault\u00bb global_colors_info=\u00bb{}\u00bb][et_pb_gallery gallery_ids=\u00bb1016,1054,1056,1068&#8243; show_title_and_caption=\u00bboff\u00bb show_pagination=\u00bboff\u00bb zoom_icon_color=\u00bb#33D6E8&#8243; _builder_version=\u00bb4.17.1&#8243; _module_preset=\u00bbdefault\u00bb custom_margin=\u00bb1em||0px||false|false\u00bb custom_padding=\u00bb||||false|false\u00bb border_radii_image=\u00bbon|10px|10px|10px|10px\u00bb box_shadow_style_image=\u00bbpreset3&#8243; global_colors_info=\u00bb{}\u00bb][\/et_pb_gallery][et_pb_button button_url=\u00bbhttps:\/\/competa-suites.com\/es\/precios-y-disponibilidad\/#reserveringsaanvraag\u00bb button_text=\u00bbHaz una reserva\u00bb _builder_version=\u00bb4.16.0&#8243; _module_preset=\u00bb902681e6-674d-492b-9085-57793e5d214f\u00bb button_bg_color=\u00bb#E88033&#8243; custom_margin=\u00bb0em||1em||false|false\u00bb global_colors_info=\u00bb{}\u00bb button_bg_color__hover=\u00bb#1499A8&#8243; button_bg_enable_color__hover=\u00bbon\u00bb][\/et_pb_button][\/et_pb_column][\/et_pb_row][\/et_pb_section][et_pb_section fb_built=\u00bb1&#8243; admin_label=\u00bbFooter Section\u00bb _builder_version=\u00bb4.16&#8243; custom_padding=\u00bb3em||3em||true|false\u00bb global_colors_info=\u00bb{}\u00bb][et_pb_row admin_label=\u00bbTitle Area\u00bb _builder_version=\u00bb4.16&#8243; custom_padding=\u00bb0px||0px||true|false\u00bb locked=\u00bboff\u00bb global_colors_info=\u00bb{}\u00bb][et_pb_column type=\u00bb4_4&#8243; _builder_version=\u00bb4.16&#8243; custom_padding=\u00bb|||\u00bb global_colors_info=\u00bb{}\u00bb custom_padding__hover=\u00bb|||\u00bb][et_pb_text admin_label=\u00bbTitle\u00bb _builder_version=\u00bb4.16&#8243; text_font=\u00bb||||||||\u00bb header_font=\u00bb||||||||\u00bb header_2_font=\u00bb|600|||||||\u00bb header_2_text_align=\u00bbcenter\u00bb header_2_font_size=\u00bb42px\u00bb header_2_line_height=\u00bb1.3em\u00bb custom_margin=\u00bb||20px|\u00bb animation_style=\u00bbslide\u00bb animation_direction=\u00bbtop\u00bb animation_intensity_slide=\u00bb30%\u00bb animation_starting_opacity=\u00bb100%\u00bb global_colors_info=\u00bb{}\u00bb]<\/p>\n<h2>Lo que escribi\u00f3 un invitado<\/h2>\n<p>[\/et_pb_text][et_pb_divider color=\u00bb#E88033&#8243; divider_weight=\u00bb3px\u00bb _builder_version=\u00bb4.16&#8243; max_width=\u00bb60px\u00bb module_alignment=\u00bbcenter\u00bb custom_margin=\u00bb||10px|\u00bb animation_style=\u00bbslide\u00bb animation_direction=\u00bbtop\u00bb animation_intensity_slide=\u00bb30%\u00bb animation_starting_opacity=\u00bb100%\u00bb global_colors_info=\u00bb{}\u00bb][\/et_pb_divider][et_pb_text _builder_version=\u00bb4.27.4&#8243; _module_preset=\u00bbdefault\u00bb custom_padding=\u00bb||||false|false\u00bb hover_enabled=\u00bb0&#8243; global_colors_info=\u00bb{}\u00bb sticky_enabled=\u00bb0&#8243;]<\/p>\n<div class=\"strong-view strong-view-id-14 default wpmtst-default\" data-count=\"1\"><div class=\"strong-content strong-normal columns-1\"><div class=\"wpmtst-testimonial testimonial post-1666\"><div class=\"wpmtst-testimonial-inner testimonial-inner\"><h3 class=\"wpmtst-testimonial-heading testimonial-heading\">Todo lo que necesitas para unas vacaciones en bicicleta<\/h3><div    class=\"wpmtst-testimonial-content testimonial-content\"><div class=\"maybe-clear\"><\/div><p>Hermoso clima, hermosa regi\u00f3n, buena comida y buen ambiente; bebiendo, retos m\u00e1s que suficientes en la monta\u00f1a para unas vacaciones exitosas en bicicleta de monta\u00f1a en Andaluc\u00eda, etc, etc\u2026\u2026\u2026<\/p><p>C\u00f3mpeta Suites tiene literalmente todo lo que necesitas para unas vacaciones en bicicleta; una pr\u00e1ctica cocina, hermosos ba\u00f1os, un dormitorio muy espacioso y, por supuesto, la hermosa terraza en la azotea con barbacoa y<br \/>\ntumbonas<\/p><p>Muchas gracias por la informaci\u00f3n \u00fatil sobre la regi\u00f3n, las agradables tabernas en el camino, las tiendas y los restaurantes locales. Especialmente idartha on te Rock con buena comida en el gran jard\u00edn y un servicio amable.<\/p><\/div><div class=\"wpmtst-testimonial-field testimonial-field testimonial-name\">Peter, Patrick, Bert &amp; No\u00ebl - B\u00e9lgica<\/div><div class=\"clear\"><\/div><\/div><\/div><\/div><\/div>\n<p>[\/et_pb_text][et_pb_button button_url=\"https:\/\/competa-suites.com\/es\/testimonios\/\" button_text=\"M\u00e1s testimonios\" _builder_version=\"4.16\" _module_preset=\"902681e6-674d-492b-9085-57793e5d214f\" button_bg_color=\"#33D6E8\" global_colors_info=\"{}\" button_bg_color__hover_enabled=\"on|desktop\" button_bg_color__hover=\"#33D6E8\"][\/et_pb_button][\/et_pb_column][\/et_pb_row][\/et_pb_section][et_pb_section fb_built=\"1\" prev_background_color=\"#ffffff\" admin_label=\"Our Specialties Section\" _builder_version=\"4.16\" background_color=\"#33D6E8\" custom_padding=\"6em||2em||false|false\" top_divider_style=\"wave2\" global_colors_info=\"{}\"][et_pb_row column_structure=\"1_3,1_3,1_3\" _builder_version=\"4.16\" _module_preset=\"default\" global_module=\"2928\" global_colors_info=\"{}\"][et_pb_column type=\"1_3\" _builder_version=\"4.16\" _module_preset=\"default\" global_colors_info=\"{}\"][et_pb_blurb use_icon=\"on\" font_icon=\"&#xe009;||divi||400\" icon_color=\"#33D6E8\" image_icon_background_color=\"#E88033\" image_icon_width=\"48px\" _builder_version=\"4.22.2\" _module_preset=\"default\" body_text_align=\"center\" body_text_color=\"#FFFFFF\" image_icon_custom_padding=\"25px|25px|25px|25px|true|true\" border_radii_image=\"on|100%|100%|100%|100%\" border_width_all_image=\"2px\" border_color_all_image=\"#52EEFF\" global_colors_info=\"{}\"]<\/p>\n<p><strong>C\u00f3mpeta Suites<\/strong><br \/>Calle Laberinto, 8<br \/>29754 C\u00f3mpeta (M\u00e1laga)<br \/>Espa\u00f1a<\/p>\n<p>[\/et_pb_blurb][\/et_pb_column][et_pb_column type=\"1_3\" _builder_version=\"4.16\" _module_preset=\"default\" global_colors_info=\"{}\"][et_pb_blurb use_icon=\"on\" font_icon=\"&#xe010;||divi||400\" icon_color=\"#33D6E8\" image_icon_background_color=\"#E88033\" image_icon_width=\"48px\" _builder_version=\"4.16\" _module_preset=\"default\" body_font=\"|600|||||||\" body_text_align=\"center\" body_link_text_color=\"#E88033\" image_icon_custom_padding=\"25px|25px|25px|25px|true|true\" border_radii_image=\"on|100%|100%|100%|100%\" border_width_all_image=\"2px\" border_color_all_image=\"#52EEFF\" global_colors_info=\"{}\" body_text_color__hover_enabled=\"on|hover\" body_link_text_color__hover_enabled=\"on|hover\" body_link_text_color__hover=\"#33D6E8\"]<\/p>\n<p><a href=\"mailto:info@competa-suites.com\">info@competa-suites.com<\/a><\/p>\n<p>[\/et_pb_blurb][\/et_pb_column][et_pb_column type=\"1_3\" _builder_version=\"4.16\" _module_preset=\"default\" global_colors_info=\"{}\"][et_pb_blurb use_icon=\"on\" font_icon=\"&#xf095;||fa||900\" icon_color=\"#33D6E8\" image_icon_background_color=\"#E88033\" image_icon_width=\"48px\" _builder_version=\"4.27.2\" _module_preset=\"default\" body_text_align=\"center\" body_text_color=\"#FFFFFF\" body_link_font=\"|600|||||||\" body_link_text_color=\"#E88033\" image_icon_custom_padding=\"25px|25px|25px|25px|true|true\" border_radii_image=\"on|100%|100%|100%|100%\" border_width_all_image=\"2px\" border_color_all_image=\"#52EEFF\" global_colors_info=\"{}\" body_link_text_color__hover_enabled=\"on|hover\" body_link_text_color__hover=\"#33D6E8\"]Ll\u00e1manos <a href=\"tel:0034601614652\"> al +34 601614652<\/a><br \/>\no cont\u00e1ctanos por <a href=\"https:\/\/api.whatsapp.com\/send?phone=34601614652\" target=\"_blank\" rel=\"noopener\">WhatsApp<\/a><a href=\"tel:0034629031167\"><\/a>[\/et_pb_blurb][\/et_pb_column][\/et_pb_row][\/et_pb_section][et_pb_section fb_built=\"1\" fullwidth=\"on\" _builder_version=\"4.16\" _module_preset=\"default\" saved_tabs=\"all\" global_colors_info=\"{}\" global_module=\"3648\" theme_builder_area=\"post_content\"][et_pb_fullwidth_code _builder_version=\"4.27.4\" _module_preset=\"default\" background_color=\"#33D6E8\" global_colors_info=\"{}\" theme_builder_area=\"post_content\"]<iframe src=\"https:\/\/www.google.com\/maps\/embed?pb=!1m18!1m12!1m3!1d12774.247897538187!2d-3.98764135713926!3d36.829014963246905!2m3!1f0!2f0!3f0!3m2!1i1024!2i768!4f13.1!3m3!1m2!1s0x9df103884962859%3A0x960cacacd4df4f8d!2sCompeta-Suites!5e0!3m2!1snl!2sfr!4v1744538293078!5m2!1snl!2sfr\" width=\"100%\" height=\"450\" style=\"border:0;\" allowfullscreen=\"\" loading=\"lazy\" referrerpolicy=\"no-referrer-when-downgrade\"><\/iframe>[\/et_pb_fullwidth_code][\/et_pb_section]<\/p>\n","protected":false},"excerpt":{"rendered":"<p>Ciclismo de monta\u00f1a en C\u00f3mpetaVen a disfrutar del ciclismo de monta\u00f1a en el paisaje de Andaluc\u00eda a principios de primavera u oto\u00f1o. Vaya en bicicleta a un restaurante en un pueblo perdido para un delicioso almuerzo con productos locales o haga un relajante ruta por las playas del Mediterr\u00e1neo. Nuestros apartamentos se encuentran a solo [&hellip;]<\/p>\n","protected":false},"author":1,"featured_media":0,"parent":0,"menu_order":0,"comment_status":"closed","ping_status":"closed","template":"","meta":{"_et_pb_use_builder":"on","_et_pb_old_content":"","_et_gb_content_width":"","footnotes":""},"class_list":["post-1667","page","type-page","status-publish","hentry"],"_links":{"self":[{"href":"https:\/\/competa-suites.com\/es\/wp-json\/wp\/v2\/pages\/1667","targetHints":{"allow":["GET"]}}],"collection":[{"href":"https:\/\/competa-suites.com\/es\/wp-json\/wp\/v2\/pages"}],"about":[{"href":"https:\/\/competa-suites.com\/es\/wp-json\/wp\/v2\/types\/page"}],"author":[{"embeddable":true,"href":"https:\/\/competa-suites.com\/es\/wp-json\/wp\/v2\/users\/1"}],"replies":[{"embeddable":true,"href":"https:\/\/competa-suites.com\/es\/wp-json\/wp\/v2\/comments?post=1667"}],"version-history":[{"count":45,"href":"https:\/\/competa-suites.com\/es\/wp-json\/wp\/v2\/pages\/1667\/revisions"}],"predecessor-version":[{"id":3661,"href":"https:\/\/competa-suites.com\/es\/wp-json\/wp\/v2\/pages\/1667\/revisions\/3661"}],"wp:attachment":[{"href":"https:\/\/competa-suites.com\/es\/wp-json\/wp\/v2\/media?parent=1667"}],"curies":[{"name":"wp","href":"https:\/\/api.w.org\/{rel}","templated":true}]}}