{"id":1656,"date":"2022-04-01T09:29:41","date_gmt":"2022-04-01T09:29:41","guid":{"rendered":"https:\/\/lagranadaresidence.com\/?page_id=1656"},"modified":"2025-05-04T10:12:13","modified_gmt":"2025-05-04T10:12:13","slug":"ciclismo-de-carretera-en-andalucia","status":"publish","type":"page","link":"https:\/\/competa-suites.com\/es\/ciclismo-de-carretera-en-andalucia\/","title":{"rendered":"Ciclismo de carretera en Andaluc\u00eda"},"content":{"rendered":"<p>[et_pb_section fb_built=\u00bb1&#8243; next_background_color=\u00bb#ffffff\u00bb admin_label=\u00bbOur Specialties Section\u00bb _builder_version=\u00bb4.16&#8243; background_color=\u00bb#52EEFF\u00bb custom_padding=\u00bb3em||0px||false|false\u00bb bottom_divider_style=\u00bbwave2&#8243; global_colors_info=\u00bb{}\u00bb][et_pb_row admin_label=\u00bbTitle Area\u00bb _builder_version=\u00bb4.16&#8243; custom_padding=\u00bb||3em||false|false\u00bb global_colors_info=\u00bb{}\u00bb][et_pb_column type=\u00bb4_4&#8243; _builder_version=\u00bb4.16&#8243; custom_padding=\u00bb|||\u00bb global_colors_info=\u00bb{}\u00bb custom_padding__hover=\u00bb|||\u00bb][et_pb_text admin_label=\u00bbTitle\u00bb _builder_version=\u00bb4.21.0&#8243; text_font=\u00bb||||||||\u00bb header_font=\u00bb||||||||\u00bb header_text_align=\u00bbcenter\u00bb header_font_size=\u00bb48px\u00bb header_line_height=\u00bb1.3em\u00bb header_2_font=\u00bbMerienda One|700|||||||\u00bb header_2_text_align=\u00bbcenter\u00bb header_2_text_color=\u00bb#E88033&#8243; header_2_font_size=\u00bb48px\u00bb header_2_line_height=\u00bb1.3em\u00bb custom_margin=\u00bb||20px|\u00bb animation_style=\u00bbslide\u00bb animation_direction=\u00bbtop\u00bb animation_intensity_slide=\u00bb30%\u00bb animation_starting_opacity=\u00bb100%\u00bb header_font_size_tablet=\u00bb48px\u00bb header_font_size_phone=\u00bb36px\u00bb header_font_size_last_edited=\u00bbon|phone\u00bb global_colors_info=\u00bb{}\u00bb]<\/p>\n<h1>Ciclismo de carretera en Andaluc\u00eda<\/h1>\n<p>[\/et_pb_text][et_pb_divider color=\u00bb#1499A8&#8243; divider_weight=\u00bb3px\u00bb _builder_version=\u00bb4.16&#8243; max_width=\u00bb60px\u00bb module_alignment=\u00bbcenter\u00bb custom_margin=\u00bb||10px|\u00bb animation_style=\u00bbslide\u00bb animation_direction=\u00bbtop\u00bb animation_intensity_slide=\u00bb30%\u00bb animation_starting_opacity=\u00bb100%\u00bb global_colors_info=\u00bb{}\u00bb][\/et_pb_divider][\/et_pb_column][\/et_pb_row][\/et_pb_section][et_pb_section fb_built=\u00bb1&#8243; _builder_version=\u00bb4.16&#8243; _module_preset=\u00bbdefault\u00bb custom_padding=\u00bb0px||3em||false|false\u00bb global_colors_info=\u00bb{}\u00bb][et_pb_row column_structure=\u00bb3_5,2_5&#8243; _builder_version=\u00bb4.16&#8243; _module_preset=\u00bbdefault\u00bb custom_padding=\u00bb3em||0px||false|false\u00bb global_colors_info=\u00bb{}\u00bb][et_pb_column type=\u00bb3_5&#8243; _builder_version=\u00bb4.16&#8243; _module_preset=\u00bbdefault\u00bb global_colors_info=\u00bb{}\u00bb][et_pb_text admin_label=\u00bbTitle\u00bb _builder_version=\u00bb4.16.0&#8243; text_font=\u00bb||||||||\u00bb header_font=\u00bb||||||||\u00bb header_2_font=\u00bb||||||||\u00bb header_2_text_align=\u00bbleft\u00bb header_2_font_size=\u00bb34px\u00bb header_2_line_height=\u00bb1.3em\u00bb custom_margin=\u00bb||20px|\u00bb animation_style=\u00bbslide\u00bb animation_direction=\u00bbtop\u00bb animation_intensity_slide=\u00bb30%\u00bb animation_starting_opacity=\u00bb100%\u00bb global_colors_info=\u00bb{}\u00bb]<\/p>\n<p>Ven a montar en bicicleta por Andaluc\u00eda por hermosas y sobre todo tranquilas carreteras en el variado paisaje monta\u00f1oso a lo largo de las playas del mar Mediterr\u00e1neo. Literalmente a la vuelta de la esquina de la acogedora y soleada plaza del pueblo blanco de monta\u00f1a de C\u00f3mpeta, a 640 m de altitud con acogedoras terrazas, encontrar\u00e1 nuestros c\u00f3modos apartamentos tipo estudio de C\u00f3mpeta Suites.<\/p>\n<p>Ciclismo relajante en las colinas de la verde comarca de la Axarqu\u00eda o ciclismo deportivo en los Pirineos del Sur. La zona es conocida por la Vuelta y la Ruta del Sol.<\/p>\n<p>Llevamos organizando vacaciones en bicicleta de carretera en Andaluc\u00eda desde 1994 y nos mantenemos en contacto para aconsejarte rutas o simplemente para ponerte al d\u00eda en una terraza soleada mientras disfrutas de una copa de vino.<\/p>\n<p>[\/et_pb_text][\/et_pb_column][et_pb_column type=\u00bb2_5&#8243; _builder_version=\u00bb4.16&#8243; _module_preset=\u00bbdefault\u00bb global_colors_info=\u00bb{}\u00bb][et_pb_blurb title=\u00bbIdea\u00bb use_icon=\u00bbon\u00bb font_icon=\u00bb&#xf6ec;||fa||900&#8243; icon_color=\u00bb#52EEFF\u00bb _builder_version=\u00bb4.18.0&#8243; _module_preset=\u00bbdefault\u00bb header_text_color=\u00bb#FFFFFF\u00bb header_font_size=\u00bb28px\u00bb body_text_color=\u00bb#FFFFFF\u00bb body_link_text_color=\u00bb#52EEFF\u00bb background_color=\u00bb#E88033&#8243; transform_rotate=\u00bb0deg|0deg|3deg\u00bb custom_margin=\u00bb1em||||false|false\u00bb custom_padding=\u00bb1em|1em|1em|1em|true|true\u00bb border_radii=\u00bbon|25px|25px|25px|25px\u00bb global_colors_info=\u00bb{}\u00bb body_link_text_color__hover_enabled=\u00bbon|hover\u00bb body_link_text_color__hover=\u00bb#9C4403&#8243;]<\/p>\n<p>\u00bfPor qu\u00e9 no alternar el ciclismo con una jornada de <a href=\"https:\/\/competa-suites.com\/es\/senderismo-en-andalucia\/\">senderismo<\/a> en las monta\u00f1as de las inmediaciones del pueblo?<\/p>\n<p>[\/et_pb_blurb][\/et_pb_column][\/et_pb_row][et_pb_row _builder_version=\u00bb4.16.0&#8243; _module_preset=\u00bbdefault\u00bb custom_padding=\u00bb0px||0px||false|false\u00bb global_colors_info=\u00bb{}\u00bb][et_pb_column type=\u00bb4_4&#8243; _builder_version=\u00bb4.16&#8243; _module_preset=\u00bbdefault\u00bb global_colors_info=\u00bb{}\u00bb][et_pb_gallery gallery_ids=\u00bb1046,1042,1040,1221&#8243; show_title_and_caption=\u00bboff\u00bb show_pagination=\u00bboff\u00bb zoom_icon_color=\u00bb#33D6E8&#8243; _builder_version=\u00bb4.17.3&#8243; _module_preset=\u00bbdefault\u00bb custom_margin=\u00bb3em||||false|false\u00bb border_radii_image=\u00bbon|10px|10px|10px|10px\u00bb box_shadow_style_image=\u00bbpreset3&#8243; global_colors_info=\u00bb{}\u00bb][\/et_pb_gallery][\/et_pb_column][\/et_pb_row][\/et_pb_section][et_pb_section fb_built=\u00bb1&#8243; prev_background_color=\u00bb#ffffff\u00bb _builder_version=\u00bb4.16&#8243; _module_preset=\u00bbdefault\u00bb background_color=\u00bb#33D6E8&#8243; top_divider_style=\u00bbwave2&#8243; global_colors_info=\u00bb{}\u00bb][et_pb_row _builder_version=\u00bb4.16&#8243; _module_preset=\u00bbdefault\u00bb custom_padding=\u00bb3em||||false|false\u00bb global_colors_info=\u00bb{}\u00bb][et_pb_column type=\u00bb4_4&#8243; _builder_version=\u00bb4.16&#8243; _module_preset=\u00bbdefault\u00bb global_colors_info=\u00bb{}\u00bb][et_pb_text _builder_version=\u00bb4.16.0&#8243; _module_preset=\u00bbdefault\u00bb header_2_font=\u00bb|600|||||||\u00bb header_2_text_align=\u00bbcenter\u00bb header_2_text_color=\u00bb#E88033&#8243; global_colors_info=\u00bb{}\u00bb]<\/p>\n<h2>Rutas de ciclismo de carretera en Andaluc\u00eda<\/h2>\n<p>[\/et_pb_text][\/et_pb_column][\/et_pb_row][et_pb_row _builder_version=\u00bb4.16&#8243; _module_preset=\u00bbdefault\u00bb custom_padding=\u00bb0px||0px||true|false\u00bb global_colors_info=\u00bb{}\u00bb][et_pb_column type=\u00bb4_4&#8243; _builder_version=\u00bb4.16&#8243; _module_preset=\u00bbdefault\u00bb global_colors_info=\u00bb{}\u00bb][et_pb_text _builder_version=\u00bb4.16.0&#8243; _module_preset=\u00bbdefault\u00bb text_text_color=\u00bb#421C01&#8243; link_text_color=\u00bb#E88033&#8243; header_3_text_color=\u00bb#E88033&#8243; header_3_font_size=\u00bb21px\u00bb global_colors_info=\u00bb{}\u00bb link_text_color__hover_enabled=\u00bbon|hover\u00bb link_text_color__hover=\u00bb#9C4403&#8243;]<\/p>\n<p>Puede descargar rutas GPS bien documentadas desde sitios web como las plataformas <a href=\"https:\/\/nl.wikiloc.com\/wikiloc\/map.do?sw=36.82563959056963%2C-3.9745570373506167&amp;ne=36.83106580943517%2C-3.967777862649383&amp;place=Competa%20&amp;page=1\" target=\"_blank\" rel=\"noopener\">Wikiloc.com<\/a>, <a href=\"https:\/\/www.bikemap.net\/en\/u\/albertodos1946\/routes\/created\/\" target=\"_blank\" rel=\"noopener\">Bikemap.net<\/a> y <a href=\"https:\/\/www.alltrails.com\/nl-nl\/spain\/malaga\/competa\" target=\"_blank\" rel=\"noopener\">Alltrails.com<\/a>. Tambi\u00e9n puede ver los paseos de <a href=\"https:\/\/www.strava.com\/athletes\/6032637?hl=es-ES\" target=\"_blank\" rel=\"noopener\">Strava de un ciclista local<\/a> para inspirarse.<\/p>\n<p>[\/et_pb_text][et_pb_gallery gallery_ids=\u00bb1018,1225,1038,1050&#8243; show_title_and_caption=\u00bboff\u00bb show_pagination=\u00bboff\u00bb zoom_icon_color=\u00bb#33D6E8&#8243; _builder_version=\u00bb4.17.3&#8243; _module_preset=\u00bbdefault\u00bb custom_margin=\u00bb3em||||false|false\u00bb border_radii_image=\u00bbon|10px|10px|10px|10px\u00bb box_shadow_style_image=\u00bbpreset3&#8243; global_colors_info=\u00bb{}\u00bb][\/et_pb_gallery][\/et_pb_column][\/et_pb_row][et_pb_row _builder_version=\u00bb4.16.0&#8243; _module_preset=\u00bbdefault\u00bb custom_margin=\u00bb2em||||false|false\u00bb custom_padding=\u00bb||0px||false|false\u00bb global_colors_info=\u00bb{}\u00bb][et_pb_column type=\u00bb4_4&#8243; _builder_version=\u00bb4.16.0&#8243; _module_preset=\u00bbdefault\u00bb global_colors_info=\u00bb{}\u00bb][et_pb_button button_url=\u00bbhttps:\/\/competa-suites.com\/es\/precios-y-disponibilidad\/#solicitud-de-reserva\u00bb button_text=\u00bbHaz una reserva\u00bb _builder_version=\u00bb4.18.0&#8243; _module_preset=\u00bb902681e6-674d-492b-9085-57793e5d214f\u00bb button_bg_color=\u00bb#E88033&#8243; custom_margin=\u00bb0em||1em||false|false\u00bb global_colors_info=\u00bb{}\u00bb button_bg_color__hover=\u00bb#1499A8&#8243; button_bg_enable_color__hover=\u00bbon\u00bb][\/et_pb_button][\/et_pb_column][\/et_pb_row][\/et_pb_section][et_pb_section fb_built=\u00bb1&#8243; _builder_version=\u00bb4.16&#8243; _module_preset=\u00bbdefault\u00bb custom_padding=\u00bb0px||3em||false|false\u00bb global_colors_info=\u00bb{}\u00bb][et_pb_row _builder_version=\u00bb4.16&#8243; _module_preset=\u00bbdefault\u00bb custom_padding=\u00bb3em||0px||false|false\u00bb global_colors_info=\u00bb{}\u00bb][et_pb_column type=\u00bb4_4&#8243; _builder_version=\u00bb4.16&#8243; _module_preset=\u00bbdefault\u00bb global_colors_info=\u00bb{}\u00bb][et_pb_text admin_label=\u00bbTitle\u00bb _builder_version=\u00bb4.27.4&#8243; text_font=\u00bb||||||||\u00bb header_font=\u00bb||||||||\u00bb header_2_font=\u00bb||||||||\u00bb header_2_text_align=\u00bbleft\u00bb header_2_font_size=\u00bb34px\u00bb header_2_line_height=\u00bb1.3em\u00bb custom_margin=\u00bb||20px|\u00bb animation_style=\u00bbslide\u00bb animation_direction=\u00bbtop\u00bb animation_intensity_slide=\u00bb30%\u00bb animation_starting_opacity=\u00bb100%\u00bb global_colors_info=\u00bb{}\u00bb]<\/p>\n<h2>Alquiler de bicicletas de carretera por Andaluc\u00eda<\/h2>\n<p>Si no trae su propia bicicleta, puede alquilar una en <a href=\"http:\/\/www.cyclemalaga.com\/\" target=\"_blank\" rel=\"noopener\">Cycle Malaga<\/a> o <a href=\"http:\/\/www.competabyebike.com\/\" target=\"_blank\" rel=\"noopener\">C\u00f3mpeta by e-Bike<\/a>.<\/p>\n<p>Puede guardar su bicicleta de forma segura en C\u00f3mpeta Suites.<\/p>\n<p>[\/et_pb_text][\/et_pb_column][\/et_pb_row][\/et_pb_section][et_pb_section fb_built=\u00bb1&#8243; prev_background_color=\u00bb#ffffff\u00bb _builder_version=\u00bb4.16&#8243; _module_preset=\u00bbdefault\u00bb background_color=\u00bb#33D6E8&#8243; top_divider_style=\u00bbwave2&#8243; global_colors_info=\u00bb{}\u00bb][et_pb_row _builder_version=\u00bb4.16&#8243; _module_preset=\u00bbdefault\u00bb custom_padding=\u00bb3em||||false|false\u00bb global_colors_info=\u00bb{}\u00bb][et_pb_column type=\u00bb4_4&#8243; _builder_version=\u00bb4.16&#8243; _module_preset=\u00bbdefault\u00bb global_colors_info=\u00bb{}\u00bb][et_pb_text _builder_version=\u00bb4.18.0&#8243; _module_preset=\u00bbdefault\u00bb header_2_font=\u00bb|600|||||||\u00bb header_2_text_align=\u00bbleft\u00bb header_2_text_color=\u00bb#E88033&#8243; global_colors_info=\u00bb{}\u00bb]<\/p>\n<h2>Vacaciones en bicicleta de carretera en Andaluc\u00eda para grupos<\/h2>\n<p>Disponemos de espacio suficiente en C\u00f3mpeta Suites para grupos de hasta 6 personas. Para grupos de hasta 12 personas, colaboramos con el alojamiento de nuestros vecinos de la esquina. Estamos encantados de <a href=\"https:\/\/competa-suites.com\/es\/contacto\/\">hacer una oferta de grupo \u00abhecha a medida\u00bb<\/a> para sus vacaciones en bicicleta de carretera en Andaluc\u00eda, que incluye traslados al aeropuerto, alojamiento, desayuno, cena, alquiler de bicicletas, seguros y traslados personales hacia\/desde las diversas opciones de ruta para usted.<\/p>\n<p>[\/et_pb_text][et_pb_text _builder_version=\u00bb4.16.1&#8243; _module_preset=\u00bbdefault\u00bb link_text_color=\u00bb#E88033&#8243; header_2_font=\u00bb|600|||||||\u00bb header_2_text_align=\u00bbleft\u00bb header_2_text_color=\u00bb#E88033&#8243; global_colors_info=\u00bb{}\u00bb link_text_color__hover_enabled=\u00bbon|desktop\u00bb link_text_color__hover=\u00bb#52EEFF\u00bb]<\/p>\n<h2>Ciclismo de carretera con gu\u00eda<\/h2>\n<p>En colaboraci\u00f3n con nuestro socio <a href=\"https:\/\/cyclemalaga.com\/\" target=\"_blank\" rel=\"noopener\">Cycle Malaga.com<\/a>, ofrecemos excursiones guiadas de un d\u00eda en bicicleta de carretera en Andaluc\u00eda <a href=\"https:\/\/competa-suites.com\/contact\/\">bajo petici\u00f3n<\/a>. Durante estos recorridos, usar\u00e1s una bicicleta de carretera de carbono Specialized Roubaix, Giant Propel o TCR.<\/p>\n<p>[\/et_pb_text][\/et_pb_column][\/et_pb_row][et_pb_row _builder_version=\u00bb4.16&#8243; _module_preset=\u00bbdefault\u00bb custom_padding=\u00bb0px||0px||true|false\u00bb global_colors_info=\u00bb{}\u00bb][et_pb_column type=\u00bb4_4&#8243; _builder_version=\u00bb4.16&#8243; _module_preset=\u00bbdefault\u00bb global_colors_info=\u00bb{}\u00bb][et_pb_gallery gallery_ids=\u00bb1022,1048,1044,1052&#8243; show_title_and_caption=\u00bboff\u00bb show_pagination=\u00bboff\u00bb zoom_icon_color=\u00bb#33D6E8&#8243; _builder_version=\u00bb4.17.0&#8243; _module_preset=\u00bbdefault\u00bb custom_margin=\u00bb3em||||false|false\u00bb border_radii_image=\u00bbon|10px|10px|10px|10px\u00bb box_shadow_style_image=\u00bbpreset3&#8243; global_colors_info=\u00bb{}\u00bb][\/et_pb_gallery][et_pb_button button_url=\u00bbhttps:\/\/competa-suites.com\/es\/precios-y-disponibilidad\/#solicitud-de-reserva\u00bb button_text=\u00bbHaz una reserva\u00bb _builder_version=\u00bb4.18.0&#8243; _module_preset=\u00bb902681e6-674d-492b-9085-57793e5d214f\u00bb button_bg_color=\u00bb#E88033&#8243; custom_margin=\u00bb0em||1em||false|false\u00bb global_colors_info=\u00bb{}\u00bb button_bg_color__hover=\u00bb#1499A8&#8243; button_bg_enable_color__hover=\u00bbon\u00bb][\/et_pb_button][\/et_pb_column][\/et_pb_row][\/et_pb_section][et_pb_section fb_built=\u00bb1&#8243; admin_label=\u00bbFooter Section\u00bb _builder_version=\u00bb4.16&#8243; custom_padding=\u00bb3em||3em||true|false\u00bb global_colors_info=\u00bb{}\u00bb][et_pb_row admin_label=\u00bbTitle Area\u00bb _builder_version=\u00bb4.16&#8243; custom_padding=\u00bb0px||0px||true|false\u00bb locked=\u00bboff\u00bb global_colors_info=\u00bb{}\u00bb][et_pb_column type=\u00bb4_4&#8243; _builder_version=\u00bb4.16&#8243; custom_padding=\u00bb|||\u00bb global_colors_info=\u00bb{}\u00bb custom_padding__hover=\u00bb|||\u00bb][et_pb_text admin_label=\u00bbTitle\u00bb _builder_version=\u00bb4.16&#8243; text_font=\u00bb||||||||\u00bb header_font=\u00bb||||||||\u00bb header_2_font=\u00bb|600|||||||\u00bb header_2_text_align=\u00bbcenter\u00bb header_2_font_size=\u00bb42px\u00bb header_2_line_height=\u00bb1.3em\u00bb custom_margin=\u00bb||20px|\u00bb animation_style=\u00bbslide\u00bb animation_direction=\u00bbtop\u00bb animation_intensity_slide=\u00bb30%\u00bb animation_starting_opacity=\u00bb100%\u00bb global_colors_info=\u00bb{}\u00bb]<\/p>\n<h2>Lo que escribi\u00f3 un invitado<\/h2>\n<p>[\/et_pb_text][et_pb_divider color=\u00bb#E88033&#8243; divider_weight=\u00bb3px\u00bb _builder_version=\u00bb4.16&#8243; max_width=\u00bb60px\u00bb module_alignment=\u00bbcenter\u00bb custom_margin=\u00bb||10px|\u00bb animation_style=\u00bbslide\u00bb animation_direction=\u00bbtop\u00bb animation_intensity_slide=\u00bb30%\u00bb animation_starting_opacity=\u00bb100%\u00bb global_colors_info=\u00bb{}\u00bb][\/et_pb_divider][et_pb_text _builder_version=\u00bb4.18.0&#8243; _module_preset=\u00bbdefault\u00bb custom_padding=\u00bb||||false|false\u00bb global_colors_info=\u00bb{}\u00bb]<\/p>\n<div class=\"strong-view strong-view-id-16 default wpmtst-default\" data-count=\"1\"><div class=\"strong-content strong-normal columns-1\"><div class=\"wpmtst-testimonial testimonial post-1661\"><div class=\"wpmtst-testimonial-inner testimonial-inner\"><h3 class=\"wpmtst-testimonial-heading testimonial-heading\">El anfitri\u00f3n perfecto<\/h3><div    class=\"wpmtst-testimonial-content testimonial-content\"><div class=\"maybe-clear\"><\/div><p>\u00a1Gracias de nuevo por facilitarnos nuestras vacaciones en bicicleta y cuidarnos durante nuestra semana en C\u00f3mpeta!. Los apartamentos eran muy acogedores y estaban impecables.<\/p><p>C\u00f3mpeta es una buena base para hermosos paseos en bicicleta desde 45 hasta 130 km en la zona monta\u00f1osa. En resumen, una estancia que puedo recomendar a todo turista (ciclista).<\/p><p>Precio\/calidad para el paquete vacaciones en bicicleta m\u00e1xima calificaci\u00f3n!<\/p><\/div><div class=\"wpmtst-testimonial-field testimonial-field testimonial-name\">Grupo Goethals - B\u00e9lgica<\/div><div class=\"clear\"><\/div><\/div><\/div><\/div><\/div>\n<p>[\/et_pb_text][et_pb_button button_url=\"https:\/\/competa-suites.com\/es\/testimonios\/\" button_text=\"M\u00e1s testimonios\" _builder_version=\"4.18.0\" _module_preset=\"902681e6-674d-492b-9085-57793e5d214f\" button_bg_color=\"#33D6E8\" global_colors_info=\"{}\" button_bg_color__hover_enabled=\"on|desktop\" button_bg_color__hover=\"#33D6E8\"][\/et_pb_button][\/et_pb_column][\/et_pb_row][\/et_pb_section][et_pb_section fb_built=\"1\" fullwidth=\"on\" _builder_version=\"4.16\" _module_preset=\"default\" saved_tabs=\"all\" global_colors_info=\"{}\" global_module=\"3648\" theme_builder_area=\"post_content\"][et_pb_fullwidth_code _builder_version=\"4.27.4\" _module_preset=\"default\" background_color=\"#33D6E8\" global_colors_info=\"{}\" theme_builder_area=\"post_content\"]<iframe src=\"https:\/\/www.google.com\/maps\/embed?pb=!1m18!1m12!1m3!1d12774.247897538187!2d-3.98764135713926!3d36.829014963246905!2m3!1f0!2f0!3f0!3m2!1i1024!2i768!4f13.1!3m3!1m2!1s0x9df103884962859%3A0x960cacacd4df4f8d!2sCompeta-Suites!5e0!3m2!1snl!2sfr!4v1744538293078!5m2!1snl!2sfr\" width=\"100%\" height=\"450\" style=\"border:0;\" allowfullscreen=\"\" loading=\"lazy\" referrerpolicy=\"no-referrer-when-downgrade\"><\/iframe>[\/et_pb_fullwidth_code][\/et_pb_section]<\/p>\n","protected":false},"excerpt":{"rendered":"<p>Ciclismo de carretera en Andaluc\u00edaVen a montar en bicicleta por Andaluc\u00eda por hermosas y sobre todo tranquilas carreteras en el variado paisaje monta\u00f1oso a lo largo de las playas del mar Mediterr\u00e1neo. Literalmente a la vuelta de la esquina de la acogedora y soleada plaza del pueblo blanco de monta\u00f1a de C\u00f3mpeta, a 640 m [&hellip;]<\/p>\n","protected":false},"author":1,"featured_media":0,"parent":0,"menu_order":0,"comment_status":"closed","ping_status":"closed","template":"","meta":{"_et_pb_use_builder":"on","_et_pb_old_content":"","_et_gb_content_width":"","footnotes":""},"class_list":["post-1656","page","type-page","status-publish","hentry"],"_links":{"self":[{"href":"https:\/\/competa-suites.com\/es\/wp-json\/wp\/v2\/pages\/1656","targetHints":{"allow":["GET"]}}],"collection":[{"href":"https:\/\/competa-suites.com\/es\/wp-json\/wp\/v2\/pages"}],"about":[{"href":"https:\/\/competa-suites.com\/es\/wp-json\/wp\/v2\/types\/page"}],"author":[{"embeddable":true,"href":"https:\/\/competa-suites.com\/es\/wp-json\/wp\/v2\/users\/1"}],"replies":[{"embeddable":true,"href":"https:\/\/competa-suites.com\/es\/wp-json\/wp\/v2\/comments?post=1656"}],"version-history":[{"count":35,"href":"https:\/\/competa-suites.com\/es\/wp-json\/wp\/v2\/pages\/1656\/revisions"}],"predecessor-version":[{"id":3938,"href":"https:\/\/competa-suites.com\/es\/wp-json\/wp\/v2\/pages\/1656\/revisions\/3938"}],"wp:attachment":[{"href":"https:\/\/competa-suites.com\/es\/wp-json\/wp\/v2\/media?parent=1656"}],"curies":[{"name":"wp","href":"https:\/\/api.w.org\/{rel}","templated":true}]}}