{"id":1644,"date":"2022-03-26T17:10:02","date_gmt":"2022-03-26T17:10:02","guid":{"rendered":"https:\/\/lagranadaresidence.com\/?page_id=1644"},"modified":"2025-04-13T11:55:53","modified_gmt":"2025-04-13T11:55:53","slug":"el-entorno-de-competa","status":"publish","type":"page","link":"https:\/\/competa-suites.com\/es\/el-entorno-de-competa\/","title":{"rendered":"El entorno de C\u00f3mpeta"},"content":{"rendered":"<p>[et_pb_section fb_built=\u00bb1&#8243; next_background_color=\u00bb#ffffff\u00bb admin_label=\u00bbOur Specialties Section\u00bb _builder_version=\u00bb4.16&#8243; background_color=\u00bb#52EEFF\u00bb custom_padding=\u00bb3em||0px||false|false\u00bb bottom_divider_style=\u00bbwave2&#8243; global_colors_info=\u00bb{}\u00bb][et_pb_row admin_label=\u00bbTitle Area\u00bb _builder_version=\u00bb4.16&#8243; custom_padding=\u00bb||3em||false|false\u00bb global_colors_info=\u00bb{}\u00bb][et_pb_column type=\u00bb4_4&#8243; _builder_version=\u00bb4.16&#8243; custom_padding=\u00bb|||\u00bb global_colors_info=\u00bb{}\u00bb custom_padding__hover=\u00bb|||\u00bb][et_pb_text admin_label=\u00bbTitle\u00bb _builder_version=\u00bb4.21.0&#8243; text_font=\u00bb||||||||\u00bb header_font=\u00bb||||||||\u00bb header_text_align=\u00bbcenter\u00bb header_font_size=\u00bb48px\u00bb header_line_height=\u00bb1.3em\u00bb header_2_font=\u00bbMerienda One|700|||||||\u00bb header_2_text_align=\u00bbcenter\u00bb header_2_text_color=\u00bb#E88033&#8243; header_2_font_size=\u00bb48px\u00bb header_2_line_height=\u00bb1.3em\u00bb custom_margin=\u00bb||20px|\u00bb animation_style=\u00bbslide\u00bb animation_direction=\u00bbtop\u00bb animation_intensity_slide=\u00bb30%\u00bb animation_starting_opacity=\u00bb100%\u00bb header_font_size_tablet=\u00bb48px\u00bb header_font_size_phone=\u00bb36px\u00bb header_font_size_last_edited=\u00bbon|phone\u00bb global_colors_info=\u00bb{}\u00bb]<\/p>\n<h1>El entorno de C\u00f3mpeta<\/h1>\n<p>[\/et_pb_text][et_pb_divider color=\u00bb#1499A8&#8243; divider_weight=\u00bb3px\u00bb _builder_version=\u00bb4.16&#8243; max_width=\u00bb60px\u00bb module_alignment=\u00bbcenter\u00bb custom_margin=\u00bb||10px|\u00bb animation_style=\u00bbslide\u00bb animation_direction=\u00bbtop\u00bb animation_intensity_slide=\u00bb30%\u00bb animation_starting_opacity=\u00bb100%\u00bb global_colors_info=\u00bb{}\u00bb][\/et_pb_divider][\/et_pb_column][\/et_pb_row][\/et_pb_section][et_pb_section fb_built=\u00bb1&#8243; _builder_version=\u00bb4.16&#8243; _module_preset=\u00bbdefault\u00bb custom_padding=\u00bb0px||3em||false|false\u00bb global_colors_info=\u00bb{}\u00bb][et_pb_row _builder_version=\u00bb4.16&#8243; _module_preset=\u00bbdefault\u00bb custom_padding=\u00bb3em||0px||false|false\u00bb global_colors_info=\u00bb{}\u00bb][et_pb_column type=\u00bb4_4&#8243; _builder_version=\u00bb4.16&#8243; _module_preset=\u00bbdefault\u00bb global_colors_info=\u00bb{}\u00bb][et_pb_text admin_label=\u00bbTitle\u00bb _builder_version=\u00bb4.16&#8243; text_font=\u00bb||||||||\u00bb header_font=\u00bb||||||||\u00bb header_2_font=\u00bb||||||||\u00bb header_2_text_align=\u00bbleft\u00bb header_2_font_size=\u00bb34px\u00bb header_2_line_height=\u00bb1.3em\u00bb custom_margin=\u00bb||20px|\u00bb animation_style=\u00bbslide\u00bb animation_direction=\u00bbtop\u00bb animation_intensity_slide=\u00bb30%\u00bb animation_starting_opacity=\u00bb100%\u00bb global_colors_info=\u00bb{}\u00bb]<\/p>\n<p>El pueblo blanco de C\u00f3mpeta est\u00e1 situado en la verde comarca de la Axarqu\u00eda al este de la ciudad de M\u00e1laga. La regi\u00f3n es conocida por sus plantaciones de vino Moscatel, aguacate y mango. C\u00f3mpeta est\u00e1 rodeada por la sierra de Tejeda y Almijara con los montes La Maroma (2063m) y Cerro Lucero (1797m). La zona forma parte del parque natural.   <\/p>\n<h2>Pueblos blancos<\/h2>\n<p>Alrededor del pueblo encontrar\u00e1s muchos peque\u00f1os pueblos blancos contra las laderas de las monta\u00f1as con plazas acogedoras con bares y callejones estrechos donde el tiempo parece haberse detenido.<\/p>\n<p>[\/et_pb_text][et_pb_gallery gallery_ids=\u00bb1010,950,938,1008&#8243; show_title_and_caption=\u00bboff\u00bb show_pagination=\u00bboff\u00bb zoom_icon_color=\u00bb#33D6E8&#8243; _builder_version=\u00bb4.18.0&#8243; _module_preset=\u00bbdefault\u00bb custom_margin=\u00bb3em||0px||false|false\u00bb border_radii_image=\u00bbon|10px|10px|10px|10px\u00bb box_shadow_style_image=\u00bbpreset3&#8243; global_colors_info=\u00bb{}\u00bb][\/et_pb_gallery][et_pb_text _builder_version=\u00bb4.18.0&#8243; _module_preset=\u00bbdefault\u00bb global_colors_info=\u00bb{}\u00bb]<\/p>\n<h2>Comida y bebida<\/h2>\n<p>\u00a1En C\u00f3mpeta se come y se bebe excelente y asequible!<\/p>\n<p>El pueblo tiene muchos bares y restaurantes con terrazas al sol donde podr\u00e1 relajarse. El siguiente mapa muestra una descripci\u00f3n general de las diversas opciones gastron\u00f3micas.<\/p>\n<p>[\/et_pb_text][et_pb_code _builder_version=\u00bb4.17.3&#8243; _module_preset=\u00bbdefault\u00bb custom_padding=\u00bb||3em||false|false\u00bb global_colors_info=\u00bb{}\u00bb]<iframe src=\"https:\/\/www.google.com\/maps\/embed?pb=!1m16!1m12!1m3!1d3193.449418582824!2d-3.9763633342324516!3d36.83171137362409!2m3!1f0!2f0!3f0!3m2!1i1024!2i768!4f13.1!2m1!1scomer%20en%20competa!5e0!3m2!1snl!2sfr!4v1650911329568!5m2!1snl!2sfr\" width=\"100%\" height=\"450\" style=\"border:0;\" allowfullscreen=\"\" loading=\"lazy\" referrerpolicy=\"no-referrer-when-downgrade\"><\/iframe>[\/et_pb_code][\/et_pb_column][\/et_pb_row][et_pb_row _builder_version=\u00bb4.17.2&#8243; _module_preset=\u00bbdefault\u00bb custom_padding=\u00bb0px||||false|false\u00bb global_colors_info=\u00bb{}\u00bb][et_pb_column type=\u00bb4_4&#8243; _builder_version=\u00bb4.17.2&#8243; _module_preset=\u00bbdefault\u00bb global_colors_info=\u00bb{}\u00bb][et_pb_text _builder_version=\u00bb4.18.0&#8243; _module_preset=\u00bbdefault\u00bb global_colors_info=\u00bb{}\u00bb]<\/p>\n<h2>El Acebuchal<\/h2>\n<p>Este pueblo, tambi\u00e9n conocido como \u2018el pueblo perdido\u2019, se encuentra en medio de la Sierra Tejeda y Almijara. El segundo nombre que se le ha dado a este pueblo surge durante la Guerra Civil Espa\u00f1ola, ya que m\u00e1s de 200 habitantes ayudaron a esconder a los maquis de la Guardia Civil. Cuando sali\u00f3 a la luz este suceso tuvieron que abandonar el pueblo en 1949. Los 50 a\u00f1os posteriores el pueblo qued\u00f3 totalmente vac\u00edo; s\u00f3lo recibiendo alguna visita de un antiguo habitante que regresaba a coger sus pertenencias.<\/p>\n<p>En 1998 comenz\u00f3 una nueva generaci\u00f3n que decidi\u00f3 comprar 14 parcelas hechas en ruinas para reformarlo. Despu\u00e9s de muchos a\u00f1os de trabajo consiguieron crear un precioso pueblo blanco.<\/p>\n<p>Senderistas y ciclistas suelen parar en el maravilloso restaurante que tiene este pueblo. Incluso partiendo de nuestro alojamiento hay un sendero precioso para llegar al Acebuchal, pasando por un riachuelo y la naturaleza que le rodea.<\/p>\n<p>[\/et_pb_text][et_pb_gallery gallery_ids=\u00bb1210,1207,1203,1247&#8243; show_title_and_caption=\u00bboff\u00bb show_pagination=\u00bboff\u00bb zoom_icon_color=\u00bb#33D6E8&#8243; _builder_version=\u00bb4.17.3&#8243; _module_preset=\u00bbdefault\u00bb custom_margin=\u00bb3em||||false|false\u00bb border_radii_image=\u00bbon|10px|10px|10px|10px\u00bb box_shadow_style_image=\u00bbpreset3&#8243; global_colors_info=\u00bb{}\u00bb][\/et_pb_gallery][\/et_pb_column][\/et_pb_row][\/et_pb_section][et_pb_section fb_built=\u00bb1&#8243; prev_background_color=\u00bb#ffffff\u00bb next_background_color=\u00bb#ffffff\u00bb _builder_version=\u00bb4.17.2&#8243; _module_preset=\u00bbdefault\u00bb background_color=\u00bb#33D6E8&#8243; custom_padding=\u00bb||6em||false|false\u00bb top_divider_style=\u00bbwave2&#8243; bottom_divider_style=\u00bbwave2&#8243; global_colors_info=\u00bb{}\u00bb][et_pb_row column_structure=\u00bb3_5,2_5&#8243; _builder_version=\u00bb4.17.2&#8243; _module_preset=\u00bbdefault\u00bb custom_padding=\u00bb5em||0px||false|false\u00bb global_colors_info=\u00bb{}\u00bb][et_pb_column type=\u00bb3_5&#8243; _builder_version=\u00bb4.16&#8243; _module_preset=\u00bbdefault\u00bb global_colors_info=\u00bb{}\u00bb][et_pb_text _builder_version=\u00bb4.17.2&#8243; _module_preset=\u00bbdefault\u00bb header_2_font=\u00bb|600|||||||\u00bb header_2_text_align=\u00bbleft\u00bb header_2_text_color=\u00bb#E88033&#8243; global_colors_info=\u00bb{}\u00bb]<\/p>\n<h2>Actividades alrededor de C\u00f3mpeta<\/h2>\n<p>[\/et_pb_text][et_pb_text _builder_version=\u00bb4.18.0&#8243; _module_preset=\u00bbdefault\u00bb text_text_color=\u00bb#421C01&#8243; link_text_color=\u00bb#E88033&#8243; header_3_text_color=\u00bb#E88033&#8243; header_3_font_size=\u00bb21px\u00bb global_colors_info=\u00bb{}\u00bb link_text_color__hover_enabled=\u00bbon|hover\u00bb link_text_color__hover=\u00bb#9C4403&#8243;]<\/p>\n<p>C\u00f3mpeta es la puerta de entrada al <a href=\"https:\/\/www.juntadeandalucia.es\/medioambiente\/portal\/web\/ventanadelvisitante\/detalle-buscador-mapa\/-\/asset_publisher\/Jlbxh2qB3NwR\/content\/sierra-de-aracena-y-picos-de-aroche-8\/255035\" target=\"_blank\" rel=\"noopener\">Parque Natural de Tejeda, Almijara y Alhama<\/a>. Caminando kil\u00f3metros y kil\u00f3metros de rutas de <a href=\"https:\/\/competa-suites.com\/es\/senderismo-en-andalucia\/\">senderismo<\/a> o montar tu <a href=\"https:\/\/competa-suites.com\/es\/ciclismo-de-montana-en-competa\/\">bicicleta de monta\u00f1a<\/a> por caminos y veredas a lo largo de los picos m\u00e1s altos de las monta\u00f1as circundantes disfrutando la hermosas vistas sobre Sierra Nevada o las monta\u00f1as Riff en el norte de \u00c1frica. Nos invita a rutas de <a href=\"https:\/\/competa-suites.com\/es\/ciclismo-de-carretera-en-andalucia\/\">bicicleta de carretera<\/a> pedaleando por los \u2018Pueblos Blancos\u2019 de la Axarquia o bajando al orilla del Mediterraneo.<\/p>\n<h3>Con una bicicleta escaladora<\/h3>\n<p>A los pies de la monta\u00f1a se puede disfrutar en bicicleta por las playas del mar Mediterr\u00e1neo con paseos mar\u00edtimos y chiringuitos. Pero, por supuesto, tambi\u00e9n hay muchas oportunidades, si se desea, de llegar a grandes altitudes.<\/p>\n<p>[\/et_pb_text][\/et_pb_column][et_pb_column type=\u00bb2_5&#8243; _builder_version=\u00bb4.17.2&#8243; _module_preset=\u00bbdefault\u00bb background_color=\u00bb#FFFFFF\u00bb custom_padding=\u00bb1em|1em|1em|1em|true|true\u00bb border_radii=\u00bbon|25px|25px|25px|25px\u00bb global_colors_info=\u00bb{}\u00bb][et_pb_text _builder_version=\u00bb4.18.0&#8243; _module_preset=\u00bbdefault\u00bb header_2_font=\u00bbMontserrat||||||||\u00bb header_2_font_size=\u00bb18px\u00bb header_2_line_height=\u00bb1.5em\u00bb global_colors_info=\u00bb{}\u00bb]<\/p>\n<h2>Descargue el pr\u00e1ctico mapa tur\u00edstico para obtener a\u00fan m\u00e1s inspiraci\u00f3n medioambiental<\/h2>\n<p>[\/et_pb_text][et_pb_image src=\u00bbhttps:\/\/competa-suites.com\/wp-content\/uploads\/2022\/04\/toerische-kaart-axarquia-costa-del-sol-1.jpg\u00bb alt=\u00bbMapa tur\u00edstico Axarqu\u00eda y Costa del Sol\u00bb title_text=\u00bbMapa tur\u00edstico Axarqu\u00eda y Costa del Sol\u00bb url=\u00bbhttps:\/\/competa-suites.com\/wp-content\/uploads\/2022\/04\/toeristische-kaart-omgeving-competa.pdf\u00bb _builder_version=\u00bb4.17.2&#8243; _module_preset=\u00bbdefault\u00bb global_colors_info=\u00bb{}\u00bb][\/et_pb_image][\/et_pb_column][\/et_pb_row][et_pb_row _builder_version=\u00bb4.17.2&#8243; _module_preset=\u00bbdefault\u00bb custom_padding=\u00bb0px||0px||true|false\u00bb global_colors_info=\u00bb{}\u00bb][et_pb_column type=\u00bb4_4&#8243; _builder_version=\u00bb4.16&#8243; _module_preset=\u00bbdefault\u00bb global_colors_info=\u00bb{}\u00bb][et_pb_text _builder_version=\u00bb4.17.3&#8243; _module_preset=\u00bbdefault\u00bb text_text_color=\u00bb#421C01&#8243; link_text_color=\u00bb#E88033&#8243; header_3_text_color=\u00bb#E88033&#8243; header_3_font_size=\u00bb21px\u00bb global_colors_info=\u00bb{}\u00bb link_text_color__hover_enabled=\u00bbon|hover\u00bb link_text_color__hover=\u00bb#9C4403&#8243;]<\/p>\n<h3>Bodegas Almijara<\/h3>\n<p>A lo largo de la carretera de C\u00f3mpeta a Canillas de Albaida encontrar\u00e1 <a href=\"http:\/\/www.bodegasalmijara.com\/\" target=\"_blank\" rel=\"noopener\">Bodegas Almijara<\/a> a poca distancia del pueblo. Una tradicional empresa familiar, iniciada en 1993, donde se elaboran de forma artesanal los famosos vinos Jarel de uva moscatel de esta comarca. Para el vino dulce se utilizan pasas que se dejan secar al aire libre en grandes camas al sol antes de ser prensadas y convertidas en vino dulce de gran calidad. Durante una visita muestran todo el proceso: desde la vid, prensado en grandes esteras redondas, fermentaci\u00f3n y almacenamiento en grandes toneles de madera. Si te reservamos una visita, \u00a1puedes participar en una acogedora cata de vinos con tapas bajo las vides en la terraza!   <\/p>\n<p>[\/et_pb_text][et_pb_gallery gallery_ids=\u00bb1187,1194,1198,1192&#8243; show_title_and_caption=\u00bboff\u00bb show_pagination=\u00bboff\u00bb zoom_icon_color=\u00bb#33D6E8&#8243; _builder_version=\u00bb4.17.1&#8243; _module_preset=\u00bbdefault\u00bb custom_margin=\u00bb||0px||false|false\u00bb border_radii_image=\u00bbon|10px|10px|10px|10px\u00bb box_shadow_style_image=\u00bbpreset3&#8243; global_colors_info=\u00bb{}\u00bb][\/et_pb_gallery][et_pb_code _builder_version=\u00bb4.17.3&#8243; _module_preset=\u00bbdefault\u00bb box_shadow_style=\u00bbpreset3&#8243; global_colors_info=\u00bb{}\u00bb]<iframe loading=\"lazy\" width=\"560\" height=\"315\" src=\"https:\/\/www.youtube.com\/embed\/Xk0WX8VJgIQ\" title=\"YouTube video player\" frameborder=\"0\" allow=\"accelerometer; autoplay; clipboard-write; encrypted-media; gyroscope; picture-in-picture\" allowfullscreen=\"\"><\/iframe>[\/et_pb_code][et_pb_text _builder_version=\u00bb4.17.3&#8243; _module_preset=\u00bbdefault\u00bb text_text_color=\u00bb#421C01&#8243; link_text_color=\u00bb#E88033&#8243; header_3_text_color=\u00bb#E88033&#8243; header_3_font_size=\u00bb21px\u00bb custom_padding=\u00bb2em||||false|false\u00bb global_colors_info=\u00bb{}\u00bb link_text_color__hover_enabled=\u00bbon|hover\u00bb link_text_color__hover=\u00bb#9C4403&#8243;]<\/p>\n<h3>La Ruta del Sol y del Vino<\/h3>\n<p>C\u00f3mpeta forma parte de la Ruta del Sol y del Vino,una ruta que te lleva en coche por los pueblos de la zona. Las iglesias y algunos manantiales de la Ruta del Sol y del Vino solo abren por la ma\u00f1ana los fines de semana, pero siempre hay alguien del pueblo que te dar\u00e1 la llave en otros horarios sin ning\u00fan problema si se la pides con cari\u00f1o! <\/p>\n<p>[\/et_pb_text][et_pb_button button_url=\u00bbhttps:\/\/competa-suites.com\/es\/precios-y-disponibilidad\/\u00bb button_text=\u00bbHaz clic aqu\u00ed para ver nuestros precios y la disponibilidad\u00bb _builder_version=\u00bb4.18.0&#8243; _module_preset=\u00bb902681e6-674d-492b-9085-57793e5d214f\u00bb button_bg_color=\u00bb#E88033&#8243; custom_margin=\u00bb0em||1em||false|false\u00bb global_colors_info=\u00bb{}\u00bb button_bg_color__hover=\u00bb#1499A8&#8243; button_bg_enable_color__hover=\u00bbon\u00bb][\/et_pb_button][\/et_pb_column][\/et_pb_row][\/et_pb_section][et_pb_section fb_built=\u00bb1&#8243; _builder_version=\u00bb4.16&#8243; _module_preset=\u00bbdefault\u00bb custom_padding=\u00bb0px||3em||false|false\u00bb global_colors_info=\u00bb{}\u00bb][et_pb_row _builder_version=\u00bb4.17.2&#8243; _module_preset=\u00bbdefault\u00bb custom_padding=\u00bb0px||0px||true|false\u00bb global_colors_info=\u00bb{}\u00bb][et_pb_column type=\u00bb4_4&#8243; _builder_version=\u00bb4.16&#8243; _module_preset=\u00bbdefault\u00bb global_colors_info=\u00bb{}\u00bb][et_pb_text admin_label=\u00bbTitle\u00bb _builder_version=\u00bb4.18.0&#8243; text_font=\u00bb||||||||\u00bb header_font=\u00bb||||||||\u00bb header_2_font=\u00bb||||||||\u00bb header_2_text_align=\u00bbleft\u00bb header_2_font_size=\u00bb34px\u00bb header_2_line_height=\u00bb1.3em\u00bb custom_margin=\u00bb||20px|\u00bb animation_style=\u00bbslide\u00bb animation_direction=\u00bbtop\u00bb animation_intensity_slide=\u00bb30%\u00bb animation_starting_opacity=\u00bb100%\u00bb global_colors_info=\u00bb{}\u00bb]<\/p>\n<h2>Conocer en centro y las playas de M\u00e1laga a trav\u00e9s de un gu\u00eda<\/h2>\n<p>Esta ciudad es f\u00e1cilmente accesible en transporte p\u00fablico. La M\u00e1laga milenaria y cosmopolita de anta\u00f1o conserva intactas sus ra\u00edces hist\u00f3ricas. En tiempos lejanos, ha sido testimonio de los or\u00edgenes del hombre y de la cultura mediterr\u00e1nea. Llamada Malaka por los fenicios, la ciudad de M\u00e1laga se incorpor\u00f3 tras la invasi\u00f3n musulmana del siglo VIII y m\u00e1s tarde pas\u00f3 a formar parte del reino nazar\u00ed de Granada.<\/p>\n<p>A\u00fan hoy M\u00e1laga \u2013ubicada en la costa donde \u2018nunca llega el invierno\u2019\u2013 es una ciudad acogedora con muchas calles estrechas en el casco antiguo con terrazas a la sombra del y con sol y siempre con un ambiente muy agradable. Adem\u00e1s, hay muchos museos como el <a href=\"https:\/\/www.museopicassomalaga.org\/\" target=\"_blank\" rel=\"noopener\">Picasso Museum<\/a>, el <a href=\"https:\/\/museocasanatalpicasso.malaga.eu\/\" target=\"_blank\" rel=\"noopener\">Lugar de nacimiento de Pablo Picasso<\/a>, el <a href=\"https:\/\/carmenthyssenmalaga.org\/\" target=\"_blank\" rel=\"noopener\">Museo Carmen Thysse<\/a>n y el <a href=\"https:\/\/carmenthyssenmalaga.org\/\" target=\"_blank\" rel=\"noopener\">Museo Pompidou<\/a> en el puerto con restaurantes y tiendas. Es muy agradable hacer un <a href=\"https:\/\/www.biketoursmalaga.com\/es\/rutas-guiadas-en-bicicleta-malaga-andalucia\/malaga-ruta-en-biciclta-city-bike-tour\" target=\"_blank\" rel=\"noopener\">City Bike Tour<\/a> para poder conocer M\u00e1laga desde una perspectiva m\u00e1s deportiva.<\/p>\n<p>[\/et_pb_text][et_pb_gallery gallery_ids=\u00bb1022,1243,1020,1239&#8243; show_title_and_caption=\u00bboff\u00bb show_pagination=\u00bboff\u00bb zoom_icon_color=\u00bb#33D6E8&#8243; _builder_version=\u00bb4.17.3&#8243; _module_preset=\u00bbdefault\u00bb custom_margin=\u00bb3em||||false|false\u00bb border_radii_image=\u00bbon|10px|10px|10px|10px\u00bb box_shadow_style_image=\u00bbpreset3&#8243; global_colors_info=\u00bb{}\u00bb][\/et_pb_gallery][\/et_pb_column][\/et_pb_row][\/et_pb_section][et_pb_section fb_built=\u00bb1&#8243; admin_label=\u00bbFooter Section\u00bb _builder_version=\u00bb4.16&#8243; custom_padding=\u00bb3em||3em||true|false\u00bb global_colors_info=\u00bb{}\u00bb][et_pb_row admin_label=\u00bbTitle Area\u00bb _builder_version=\u00bb4.16&#8243; custom_padding=\u00bb0px||0px||true|false\u00bb locked=\u00bboff\u00bb global_colors_info=\u00bb{}\u00bb][et_pb_column type=\u00bb4_4&#8243; _builder_version=\u00bb4.16&#8243; custom_padding=\u00bb|||\u00bb global_colors_info=\u00bb{}\u00bb custom_padding__hover=\u00bb|||\u00bb][et_pb_text admin_label=\u00bbTitle\u00bb _builder_version=\u00bb4.16&#8243; text_font=\u00bb||||||||\u00bb header_font=\u00bb||||||||\u00bb header_2_font=\u00bb|600|||||||\u00bb header_2_text_align=\u00bbcenter\u00bb header_2_font_size=\u00bb42px\u00bb header_2_line_height=\u00bb1.3em\u00bb custom_margin=\u00bb||20px|\u00bb animation_style=\u00bbslide\u00bb animation_direction=\u00bbtop\u00bb animation_intensity_slide=\u00bb30%\u00bb animation_starting_opacity=\u00bb100%\u00bb global_colors_info=\u00bb{}\u00bb]<\/p>\n<h2>Lo que escribi\u00f3 un invitado<\/h2>\n<p>[\/et_pb_text][et_pb_divider color=\u00bb#E88033&#8243; divider_weight=\u00bb3px\u00bb _builder_version=\u00bb4.16&#8243; max_width=\u00bb60px\u00bb module_alignment=\u00bbcenter\u00bb custom_margin=\u00bb||10px|\u00bb animation_style=\u00bbslide\u00bb animation_direction=\u00bbtop\u00bb animation_intensity_slide=\u00bb30%\u00bb animation_starting_opacity=\u00bb100%\u00bb global_colors_info=\u00bb{}\u00bb][\/et_pb_divider][et_pb_text _builder_version=\u00bb4.18.0&#8243; _module_preset=\u00bbdefault\u00bb custom_padding=\u00bb||||false|false\u00bb global_colors_info=\u00bb{}\u00bb]<\/p>\n<div class=\"strong-view strong-view-id-12 default wpmtst-default\" data-count=\"1\"><div class=\"strong-content strong-normal columns-1\"><div class=\"wpmtst-testimonial testimonial post-1648\"><div class=\"wpmtst-testimonial-inner testimonial-inner\"><h3 class=\"wpmtst-testimonial-heading testimonial-heading\">Acogedor y relajado<\/h3><div    class=\"wpmtst-testimonial-content testimonial-content\"><div class=\"maybe-clear\"><\/div><p>Nos gustar\u00eda agradecerle por las excelentes vacaciones que tuvimos en Competa gracias a usted. Nos alojamos por 5 noches del 5 al 10 de marzo de 2022 en el apartamento Tokio en C\u00f3mpeta Suites, a la vuelta de la esquina de Mes\u00f3n Hospederia. El apartamento estaba completamente equipado, limpio, espacioso y con una gran vista desde la terraza.<br \/>\nDesde el apartamento hicimos caminatas r\u00e1pidas y hermosas, hicimos un gran viaje en bicicleta de carretera y un gran viaje en BTT a Acebuchal. Despu\u00e9s de eso, siempre hab\u00eda comida deliciosa en uno de los buenos restaurantes de C\u00f3mpeta. El desayuno en la plaza del pueblo tambi\u00e9n fue excelente, pero tambi\u00e9n pude tomar un excelente desayuno en el apartamento.<br \/>\nC\u00f3mpeta es una buena base desde la que explorar los hermosos alrededores. Un atractivo y aut\u00e9ntico \u00abpueblo blanco\u00bb.<\/p><p>Fuimos en un autob\u00fas desde M\u00e1laga, no era necesario un coche de alquiler. Recomendamos encarecidamente su alojamiento.<\/p><\/div><div class=\"wpmtst-testimonial-field testimonial-field testimonial-name\">Jeroen y Monique<\/div><div class=\"clear\"><\/div><\/div><\/div><\/div><\/div>\n<p>[\/et_pb_text][et_pb_button button_url=\"https:\/\/competa-suites.com\/es\/testimonios\/\" button_text=\"M\u00e1s testimonios\" _builder_version=\"4.16\" _module_preset=\"902681e6-674d-492b-9085-57793e5d214f\" button_bg_color=\"#33D6E8\" global_colors_info=\"{}\" button_bg_color__hover_enabled=\"on|desktop\" button_bg_color__hover=\"#33D6E8\"][\/et_pb_button][\/et_pb_column][\/et_pb_row][\/et_pb_section][et_pb_section fb_built=\"1\" prev_background_color=\"#ffffff\" admin_label=\"Our Specialties Section\" _builder_version=\"4.16\" background_color=\"#33D6E8\" custom_padding=\"6em||2em||false|false\" top_divider_style=\"wave2\" global_colors_info=\"{}\"][et_pb_row column_structure=\"1_3,1_3,1_3\" _builder_version=\"4.16\" _module_preset=\"default\" global_module=\"2928\" global_colors_info=\"{}\"][et_pb_column type=\"1_3\" _builder_version=\"4.16\" _module_preset=\"default\" global_colors_info=\"{}\"][et_pb_blurb use_icon=\"on\" font_icon=\"&#xe009;||divi||400\" icon_color=\"#33D6E8\" image_icon_background_color=\"#E88033\" image_icon_width=\"48px\" _builder_version=\"4.22.2\" _module_preset=\"default\" body_text_align=\"center\" body_text_color=\"#FFFFFF\" image_icon_custom_padding=\"25px|25px|25px|25px|true|true\" border_radii_image=\"on|100%|100%|100%|100%\" border_width_all_image=\"2px\" border_color_all_image=\"#52EEFF\" global_colors_info=\"{}\"]<\/p>\n<p><strong>C\u00f3mpeta Suites<\/strong><br \/>Calle Laberinto, 8<br \/>29754 C\u00f3mpeta (M\u00e1laga)<br \/>Espa\u00f1a<\/p>\n<p>[\/et_pb_blurb][\/et_pb_column][et_pb_column type=\"1_3\" _builder_version=\"4.16\" _module_preset=\"default\" global_colors_info=\"{}\"][et_pb_blurb use_icon=\"on\" font_icon=\"&#xe010;||divi||400\" icon_color=\"#33D6E8\" image_icon_background_color=\"#E88033\" image_icon_width=\"48px\" _builder_version=\"4.16\" _module_preset=\"default\" body_font=\"|600|||||||\" body_text_align=\"center\" body_link_text_color=\"#E88033\" image_icon_custom_padding=\"25px|25px|25px|25px|true|true\" border_radii_image=\"on|100%|100%|100%|100%\" border_width_all_image=\"2px\" border_color_all_image=\"#52EEFF\" global_colors_info=\"{}\" body_text_color__hover_enabled=\"on|hover\" body_link_text_color__hover_enabled=\"on|hover\" body_link_text_color__hover=\"#33D6E8\"]<\/p>\n<p><a href=\"mailto:info@competa-suites.com\">info@competa-suites.com<\/a><\/p>\n<p>[\/et_pb_blurb][\/et_pb_column][et_pb_column type=\"1_3\" _builder_version=\"4.16\" _module_preset=\"default\" global_colors_info=\"{}\"][et_pb_blurb use_icon=\"on\" font_icon=\"&#xf095;||fa||900\" icon_color=\"#33D6E8\" image_icon_background_color=\"#E88033\" image_icon_width=\"48px\" _builder_version=\"4.27.2\" _module_preset=\"default\" body_text_align=\"center\" body_text_color=\"#FFFFFF\" body_link_font=\"|600|||||||\" body_link_text_color=\"#E88033\" image_icon_custom_padding=\"25px|25px|25px|25px|true|true\" border_radii_image=\"on|100%|100%|100%|100%\" border_width_all_image=\"2px\" border_color_all_image=\"#52EEFF\" global_colors_info=\"{}\" body_link_text_color__hover_enabled=\"on|hover\" body_link_text_color__hover=\"#33D6E8\"]Ll\u00e1manos <a href=\"tel:0034601614652\"> al +34 601614652<\/a><br \/>\no cont\u00e1ctanos por <a href=\"https:\/\/api.whatsapp.com\/send?phone=34601614652\" target=\"_blank\" rel=\"noopener\">WhatsApp<\/a><a href=\"tel:0034629031167\"><\/a>[\/et_pb_blurb][\/et_pb_column][\/et_pb_row][\/et_pb_section][et_pb_section fb_built=\"1\" fullwidth=\"on\" _builder_version=\"4.16\" _module_preset=\"default\" saved_tabs=\"all\" global_colors_info=\"{}\" global_module=\"3648\" theme_builder_area=\"post_content\"][et_pb_fullwidth_code _builder_version=\"4.27.4\" _module_preset=\"default\" background_color=\"#33D6E8\" global_colors_info=\"{}\" theme_builder_area=\"post_content\"]<iframe src=\"https:\/\/www.google.com\/maps\/embed?pb=!1m18!1m12!1m3!1d12774.247897538187!2d-3.98764135713926!3d36.829014963246905!2m3!1f0!2f0!3f0!3m2!1i1024!2i768!4f13.1!3m3!1m2!1s0x9df103884962859%3A0x960cacacd4df4f8d!2sCompeta-Suites!5e0!3m2!1snl!2sfr!4v1744538293078!5m2!1snl!2sfr\" width=\"100%\" height=\"450\" style=\"border:0;\" allowfullscreen=\"\" loading=\"lazy\" referrerpolicy=\"no-referrer-when-downgrade\"><\/iframe>[\/et_pb_fullwidth_code][\/et_pb_section]<\/p>\n","protected":false},"excerpt":{"rendered":"<p>El entorno de C\u00f3mpetaEl pueblo blanco de C\u00f3mpeta est\u00e1 situado en la verde comarca de la Axarqu\u00eda al este de la ciudad de M\u00e1laga. La regi\u00f3n es conocida por sus plantaciones de vino Moscatel, aguacate y mango. C\u00f3mpeta est\u00e1 rodeada por la sierra de Tejeda y Almijara con los montes La Maroma (2063m) y Cerro [&hellip;]<\/p>\n","protected":false},"author":1,"featured_media":0,"parent":0,"menu_order":0,"comment_status":"closed","ping_status":"closed","template":"","meta":{"_et_pb_use_builder":"on","_et_pb_old_content":"","_et_gb_content_width":"","footnotes":""},"class_list":["post-1644","page","type-page","status-publish","hentry"],"_links":{"self":[{"href":"https:\/\/competa-suites.com\/es\/wp-json\/wp\/v2\/pages\/1644","targetHints":{"allow":["GET"]}}],"collection":[{"href":"https:\/\/competa-suites.com\/es\/wp-json\/wp\/v2\/pages"}],"about":[{"href":"https:\/\/competa-suites.com\/es\/wp-json\/wp\/v2\/types\/page"}],"author":[{"embeddable":true,"href":"https:\/\/competa-suites.com\/es\/wp-json\/wp\/v2\/users\/1"}],"replies":[{"embeddable":true,"href":"https:\/\/competa-suites.com\/es\/wp-json\/wp\/v2\/comments?post=1644"}],"version-history":[{"count":40,"href":"https:\/\/competa-suites.com\/es\/wp-json\/wp\/v2\/pages\/1644\/revisions"}],"predecessor-version":[{"id":3654,"href":"https:\/\/competa-suites.com\/es\/wp-json\/wp\/v2\/pages\/1644\/revisions\/3654"}],"wp:attachment":[{"href":"https:\/\/competa-suites.com\/es\/wp-json\/wp\/v2\/media?parent=1644"}],"curies":[{"name":"wp","href":"https:\/\/api.w.org\/{rel}","templated":true}]}}