{"id":1633,"date":"2022-03-24T20:18:46","date_gmt":"2022-03-24T20:18:46","guid":{"rendered":"https:\/\/lagranadaresidence.com\/?page_id=1633"},"modified":"2025-05-04T10:11:49","modified_gmt":"2025-05-04T10:11:49","slug":"apartamento-estudio-tokio","status":"publish","type":"page","link":"https:\/\/competa-suites.com\/es\/apartamento-estudio-tokio\/","title":{"rendered":"Apartamento Estudio Tokio"},"content":{"rendered":"<p>[et_pb_section fb_built=\u00bb1&#8243; next_background_color=\u00bb#ffffff\u00bb admin_label=\u00bbOur Specialties Section\u00bb _builder_version=\u00bb4.16&#8243; background_color=\u00bb#E88033&#8243; custom_padding=\u00bb3em||0px||false|false\u00bb bottom_divider_style=\u00bbwave2&#8243; global_colors_info=\u00bb{}\u00bb][et_pb_row admin_label=\u00bbTitle Area\u00bb _builder_version=\u00bb4.16&#8243; custom_padding=\u00bb||3em||false|false\u00bb global_colors_info=\u00bb{}\u00bb][et_pb_column type=\u00bb4_4&#8243; _builder_version=\u00bb4.16&#8243; custom_padding=\u00bb|||\u00bb global_colors_info=\u00bb{}\u00bb custom_padding__hover=\u00bb|||\u00bb][et_pb_text admin_label=\u00bbTitle\u00bb _builder_version=\u00bb4.21.0&#8243; text_font=\u00bb||||||||\u00bb header_font=\u00bb||||||||\u00bb header_text_align=\u00bbcenter\u00bb header_text_color=\u00bb#52EEFF\u00bb header_font_size=\u00bb48px\u00bb header_line_height=\u00bb1.3em\u00bb header_2_font=\u00bbMerienda One|700|||||||\u00bb header_2_text_align=\u00bbcenter\u00bb header_2_text_color=\u00bb#52EEFF\u00bb header_2_font_size=\u00bb48px\u00bb header_2_line_height=\u00bb1.3em\u00bb custom_margin=\u00bb||20px|\u00bb animation_style=\u00bbslide\u00bb animation_direction=\u00bbtop\u00bb animation_intensity_slide=\u00bb30%\u00bb animation_starting_opacity=\u00bb100%\u00bb header_font_size_tablet=\u00bb48px\u00bb header_font_size_phone=\u00bb36px\u00bb header_font_size_last_edited=\u00bbon|phone\u00bb global_colors_info=\u00bb{}\u00bb]<\/p>\n<h1>Apartamento Estudio Tokio<\/h1>\n<p>[\/et_pb_text][et_pb_divider color=\u00bb#E88033&#8243; divider_weight=\u00bb3px\u00bb _builder_version=\u00bb4.16&#8243; max_width=\u00bb60px\u00bb module_alignment=\u00bbcenter\u00bb custom_margin=\u00bb||10px|\u00bb animation_style=\u00bbslide\u00bb animation_direction=\u00bbtop\u00bb animation_intensity_slide=\u00bb30%\u00bb animation_starting_opacity=\u00bb100%\u00bb global_colors_info=\u00bb{}\u00bb][\/et_pb_divider][\/et_pb_column][\/et_pb_row][\/et_pb_section][et_pb_section fb_built=\u00bb1&#8243; _builder_version=\u00bb4.16&#8243; _module_preset=\u00bbdefault\u00bb custom_padding=\u00bb0px||1em||false|false\u00bb global_colors_info=\u00bb{}\u00bb][et_pb_row column_structure=\u00bb3_5,2_5&#8243; _builder_version=\u00bb4.16&#8243; _module_preset=\u00bbdefault\u00bb custom_padding=\u00bb3em||0px||false|false\u00bb global_colors_info=\u00bb{}\u00bb][et_pb_column type=\u00bb3_5&#8243; _builder_version=\u00bb4.16&#8243; _module_preset=\u00bbdefault\u00bb global_colors_info=\u00bb{}\u00bb][et_pb_text admin_label=\u00bbTitle\u00bb _builder_version=\u00bb4.27.4&#8243; text_font=\u00bb||||||||\u00bb header_font=\u00bb||||||||\u00bb header_2_font=\u00bb||||||||\u00bb header_2_text_align=\u00bbleft\u00bb header_2_font_size=\u00bb42px\u00bb header_2_line_height=\u00bb1.3em\u00bb custom_margin=\u00bb||20px|\u00bb animation_style=\u00bbslide\u00bb animation_direction=\u00bbtop\u00bb animation_intensity_slide=\u00bb30%\u00bb animation_starting_opacity=\u00bb100%\u00bb global_colors_info=\u00bb{}\u00bb]<\/p>\n<p>El espacioso y muy c\u00f3modo estudio Tokyo con decoraci\u00f3n japonesa se encuentra en el segundo piso de C\u00f3mpeta Suites.<\/p>\n<p>El apartamento tiene un amplio ba\u00f1o privado con ducha a ras de suelo, inodoro y bid\u00e9 y es adecuado para un m\u00e1ximo de 2 personas y posiblemente 1 ni\u00f1o de hasta 15 a\u00f1os en una cama adicional.<\/p>\n<p>El apartamento tiene una cocina totalmente equipada con cafetera Nespresso, sala de estar soleada, con combinaci\u00f3n de radio\/CD, TV con canales internacionales y mesa de comedor.<\/p>\n<p>Las puertas del balc\u00f3n dan una vista sobre el patio y el pueblo. La gran terraza de la azotea con barbacoa de gas ofrece suficientes muebles y privacidad para disfrutar del desayuno al sol con vistas al pueblo y al mar Mediterr\u00e1neo en la distancia. En la azotea hay una cocina con nevera, lavadora y secadora. El cobertizo\/taller de bicicletas para nuestros hu\u00e9spedes ciclistas se encuentra en el s\u00f3tano.<\/p>\n<p>[\/et_pb_text][\/et_pb_column][et_pb_column type=\u00bb2_5&#8243; _builder_version=\u00bb4.16&#8243; _module_preset=\u00bbdefault\u00bb global_colors_info=\u00bb{}\u00bb][et_pb_image src=\u00bbhttps:\/\/competa-suites.com\/wp-content\/uploads\/2022\/03\/tokyo-zitgedeelte-bij-houtkachel.jpg\u00bb alt=\u00bbZona de estar con estufa de pellets en el estudio Tokio\u00bb title_text=\u00bbZona de estar con estufa de pellets en el estudio Tokio\u00bb show_in_lightbox=\u00bbon\u00bb _builder_version=\u00bb4.16&#8243; _module_preset=\u00bb469b733a-48aa-416b-83c7-f49583e8d07e\u00bb global_colors_info=\u00bb{}\u00bb][\/et_pb_image][\/et_pb_column][\/et_pb_row][\/et_pb_section][et_pb_section fb_built=\u00bb1&#8243; prev_background_color=\u00bb#ffffff\u00bb _builder_version=\u00bb4.16&#8243; _module_preset=\u00bbdefault\u00bb background_color=\u00bb#E88033&#8243; top_divider_style=\u00bbwave2&#8243; global_colors_info=\u00bb{}\u00bb][et_pb_row _builder_version=\u00bb4.16&#8243; _module_preset=\u00bbdefault\u00bb custom_padding=\u00bb3em||||false|false\u00bb global_colors_info=\u00bb{}\u00bb][et_pb_column type=\u00bb4_4&#8243; _builder_version=\u00bb4.16&#8243; _module_preset=\u00bbdefault\u00bb global_colors_info=\u00bb{}\u00bb][et_pb_text _builder_version=\u00bb4.16&#8243; _module_preset=\u00bbdefault\u00bb header_2_font=\u00bb|600|||||||\u00bb header_2_text_align=\u00bbcenter\u00bb header_2_text_color=\u00bb#FFFFFF\u00bb global_colors_info=\u00bb{}\u00bb]<\/p>\n<h2>Acerca de Apartamento Estudio Tokio<\/h2>\n<p>[\/et_pb_text][\/et_pb_column][\/et_pb_row][et_pb_row _builder_version=\u00bb4.16&#8243; _module_preset=\u00bbdefault\u00bb custom_padding=\u00bb0px||0px||true|false\u00bb global_colors_info=\u00bb{}\u00bb][et_pb_column type=\u00bb4_4&#8243; _builder_version=\u00bb4.16&#8243; _module_preset=\u00bbdefault\u00bb global_colors_info=\u00bb{}\u00bb][et_pb_blurb title=\u00bbSuperficie 62,65 m2&#8243; use_icon=\u00bbon\u00bb font_icon=\u00bb&#xf547;||fa||900&#8243; icon_color=\u00bb#FFFFFF\u00bb icon_placement=\u00bbleft\u00bb image_icon_width=\u00bb24px\u00bb content_max_width=\u00bb1280px\u00bb _builder_version=\u00bb4.17.1&#8243; _module_preset=\u00bbdefault\u00bb header_font=\u00bbMontserrat|500|||||||\u00bb header_text_color=\u00bb#FFFFFF\u00bb header_font_size=\u00bb17px\u00bb custom_margin=\u00bb||0px||false|false\u00bb global_colors_info=\u00bb{}\u00bb][\/et_pb_blurb][et_pb_blurb title=\u00bbApto para 2 personas y posiblemente un ni\u00f1o. Para los ni\u00f1os peque\u00f1os disponemos de cuna con ropa de cama, trona y parque infantil de forma gratuita. Disponemos de una cama suplementaria de 80&#215;180 cm para ni\u00f1os de hasta 15 a\u00f1os. Los costes para esto son: \u20ac 15\/noche.   \u00bb use_icon=\u00bbon\u00bb font_icon=\u00bb&#xf0c0;||fa||900&#8243; icon_color=\u00bb#FFFFFF\u00bb icon_placement=\u00bbleft\u00bb image_icon_width=\u00bb24px\u00bb content_max_width=\u00bb1280px\u00bb _builder_version=\u00bb4.17.1&#8243; _module_preset=\u00bbdefault\u00bb header_font=\u00bbMontserrat|500|||||||\u00bb header_text_color=\u00bb#FFFFFF\u00bb header_font_size=\u00bb17px\u00bb custom_margin=\u00bb||0px||false|false\u00bb global_colors_info=\u00bb{}\u00bb][\/et_pb_blurb][et_pb_blurb title=\u00bbCamas: Las excelentes camas est\u00e1n equipadas con edredones y se pueden pedir en configuraci\u00f3n doble (180&#215;200 cm) o individual (90&#215;200 cm).\u00bb use_icon=\u00bbon\u00bb font_icon=\u00bb&#xf236;||fa||900&#8243; icon_color=\u00bb#FFFFFF\u00bb icon_placement=\u00bbleft\u00bb image_icon_width=\u00bb24px\u00bb content_max_width=\u00bb1280px\u00bb _builder_version=\u00bb4.17.1&#8243; _module_preset=\u00bbdefault\u00bb header_font=\u00bbMontserrat|500|||||||\u00bb header_text_color=\u00bb#FFFFFF\u00bb header_font_size=\u00bb17px\u00bb custom_margin=\u00bb||0px||false|false\u00bb global_colors_info=\u00bb{}\u00bb][\/et_pb_blurb][et_pb_blurb title=\u00bbEl amplio cuarto de ba\u00f1o con ducha a ras de suelo, inodoro y bid\u00e9 est\u00e1 equipado con un mont\u00f3n de toallas, art\u00edculos de tocador y secador de pelo.\u00bb use_icon=\u00bbon\u00bb font_icon=\u00bb&#xf2cc;||fa||900&#8243; icon_color=\u00bb#FFFFFF\u00bb icon_placement=\u00bbleft\u00bb image_icon_width=\u00bb24px\u00bb content_max_width=\u00bb1280px\u00bb _builder_version=\u00bb4.17.1&#8243; _module_preset=\u00bbdefault\u00bb header_font=\u00bbMontserrat|500|||||||\u00bb header_text_color=\u00bb#FFFFFF\u00bb header_font_size=\u00bb17px\u00bb custom_margin=\u00bb||0px||false|false\u00bb global_colors_info=\u00bb{}\u00bb][\/et_pb_blurb][et_pb_blurb title=\u00bbEl apartamento tiene TV con canales internacionales.\u00bb use_icon=\u00bbon\u00bb font_icon=\u00bb&#xf26c;||fa||900&#8243; icon_color=\u00bb#FFFFFF\u00bb icon_placement=\u00bbleft\u00bb image_icon_width=\u00bb24px\u00bb content_max_width=\u00bb1280px\u00bb _builder_version=\u00bb4.17.1&#8243; _module_preset=\u00bbdefault\u00bb header_font=\u00bbMontserrat|500|||||||\u00bb header_text_color=\u00bb#FFFFFF\u00bb header_font_size=\u00bb17px\u00bb custom_margin=\u00bb||0px||false|false\u00bb global_colors_info=\u00bb{}\u00bb][\/et_pb_blurb][et_pb_blurb title=\u00bbHay una conexi\u00f3n gratuita a Internet de fibra \u00f3ptica Wimax de 15 Mbps.\u00bb use_icon=\u00bbon\u00bb font_icon=\u00bb&#xf1eb;||fa||900&#8243; icon_color=\u00bb#FFFFFF\u00bb icon_placement=\u00bbleft\u00bb image_icon_width=\u00bb24px\u00bb content_max_width=\u00bb1280px\u00bb _builder_version=\u00bb4.17.1&#8243; _module_preset=\u00bbdefault\u00bb header_font=\u00bbMontserrat|500|||||||\u00bb header_text_color=\u00bb#FFFFFF\u00bb header_font_size=\u00bb17px\u00bb custom_margin=\u00bb||0px||false|false\u00bb global_colors_info=\u00bb{}\u00bb][\/et_pb_blurb][et_pb_blurb title=\u00bbAparcamiento: parking\/garaje a 200m.\u00bb use_icon=\u00bbon\u00bb font_icon=\u00bb&#xf540;||fa||900&#8243; icon_color=\u00bb#FFFFFF\u00bb icon_placement=\u00bbleft\u00bb image_icon_width=\u00bb24px\u00bb content_max_width=\u00bb1280px\u00bb _builder_version=\u00bb4.17.1&#8243; _module_preset=\u00bbdefault\u00bb header_font=\u00bbMontserrat|500|||||||\u00bb header_text_color=\u00bb#FFFFFF\u00bb header_font_size=\u00bb17px\u00bb custom_margin=\u00bb||0px||false|false\u00bb global_colors_info=\u00bb{}\u00bb][\/et_pb_blurb][et_pb_blurb title=\u00bbTiendas y restaurantes a 25 m.\u00bb use_icon=\u00bbon\u00bb font_icon=\u00bb&#xf2e7;||fa||900&#8243; icon_color=\u00bb#FFFFFF\u00bb icon_placement=\u00bbleft\u00bb image_icon_width=\u00bb24px\u00bb content_max_width=\u00bb1280px\u00bb _builder_version=\u00bb4.17.1&#8243; _module_preset=\u00bbdefault\u00bb header_font=\u00bbMontserrat|500|||||||\u00bb header_text_color=\u00bb#FFFFFF\u00bb header_font_size=\u00bb17px\u00bb custom_margin=\u00bb||0px||false|false\u00bb global_colors_info=\u00bb{}\u00bb][\/et_pb_blurb][\/et_pb_column][\/et_pb_row][et_pb_row _builder_version=\u00bb4.16&#8243; _module_preset=\u00bbdefault\u00bb global_colors_info=\u00bb{}\u00bb][et_pb_column type=\u00bb4_4&#8243; _builder_version=\u00bb4.16&#8243; _module_preset=\u00bbdefault\u00bb global_colors_info=\u00bb{}\u00bb][et_pb_button button_url=\u00bbhttps:\/\/competa-suites.com\/es\/precios-y-disponibilidad\/\u00bb button_text=\u00bbComprueba nuestros precios y disponibilidad\u00bb _builder_version=\u00bb4.18.0&#8243; _module_preset=\u00bb902681e6-674d-492b-9085-57793e5d214f\u00bb global_colors_info=\u00bb{}\u00bb button_bg_color__hover=\u00bb#33D6E8&#8243; button_bg_enable_color__hover=\u00bbon\u00bb button_bg_color__hover_enabled=\u00bbon|desktop\u00bb][\/et_pb_button][\/et_pb_column][\/et_pb_row][\/et_pb_section][et_pb_section fb_built=\u00bb1&#8243; admin_label=\u00bbGallery Row\u00bb _builder_version=\u00bb4.16&#8243; custom_padding=\u00bb0px|0px|0px|0px\u00bb global_colors_info=\u00bb{}\u00bb][et_pb_row _builder_version=\u00bb4.16&#8243; _module_preset=\u00bbdefault\u00bb global_colors_info=\u00bb{}\u00bb][et_pb_column type=\u00bb4_4&#8243; _builder_version=\u00bb4.16&#8243; _module_preset=\u00bbdefault\u00bb global_colors_info=\u00bb{}\u00bb][et_pb_gallery gallery_ids=\u00bb1004,1006,1002,1000,992,988,998,986,2313,994,990,984,1594,1591,942,952&#8243; posts_number=\u00bb30&#8243; show_title_and_caption=\u00bboff\u00bb show_pagination=\u00bboff\u00bb zoom_icon_color=\u00bb#33D6E8&#8243; _builder_version=\u00bb4.19.5&#8243; _module_preset=\u00bbdefault\u00bb custom_margin=\u00bb3em||||false|false\u00bb border_radii_image=\u00bbon|10px|10px|10px|10px\u00bb box_shadow_style_image=\u00bbpreset3&#8243; global_colors_info=\u00bb{}\u00bb][\/et_pb_gallery][\/et_pb_column][\/et_pb_row][\/et_pb_section][et_pb_section fb_built=\u00bb1&#8243; admin_label=\u00bbFooter Section\u00bb _builder_version=\u00bb4.16&#8243; custom_padding=\u00bb3em||3em||true|false\u00bb global_colors_info=\u00bb{}\u00bb][et_pb_row admin_label=\u00bbTitle Area\u00bb _builder_version=\u00bb4.16&#8243; custom_padding=\u00bb0px||0px||true|false\u00bb locked=\u00bboff\u00bb global_colors_info=\u00bb{}\u00bb][et_pb_column type=\u00bb4_4&#8243; _builder_version=\u00bb4.16&#8243; custom_padding=\u00bb|||\u00bb global_colors_info=\u00bb{}\u00bb custom_padding__hover=\u00bb|||\u00bb][et_pb_text admin_label=\u00bbTitle\u00bb _builder_version=\u00bb4.16&#8243; text_font=\u00bb||||||||\u00bb header_font=\u00bb||||||||\u00bb header_2_font=\u00bb|600|||||||\u00bb header_2_text_align=\u00bbcenter\u00bb header_2_font_size=\u00bb42px\u00bb header_2_line_height=\u00bb1.3em\u00bb custom_margin=\u00bb||20px|\u00bb animation_style=\u00bbslide\u00bb animation_direction=\u00bbtop\u00bb animation_intensity_slide=\u00bb30%\u00bb animation_starting_opacity=\u00bb100%\u00bb global_colors_info=\u00bb{}\u00bb]<\/p>\n<h2>Lo que escribi\u00f3 un invitado<\/h2>\n<p>[\/et_pb_text][et_pb_divider color=\u00bb#E88033&#8243; divider_weight=\u00bb3px\u00bb _builder_version=\u00bb4.16&#8243; max_width=\u00bb60px\u00bb module_alignment=\u00bbcenter\u00bb custom_margin=\u00bb||10px|\u00bb animation_style=\u00bbslide\u00bb animation_direction=\u00bbtop\u00bb animation_intensity_slide=\u00bb30%\u00bb animation_starting_opacity=\u00bb100%\u00bb global_colors_info=\u00bb{}\u00bb][\/et_pb_divider][et_pb_text _builder_version=\u00bb4.18.0&#8243; _module_preset=\u00bbdefault\u00bb custom_padding=\u00bb||||false|false\u00bb global_colors_info=\u00bb{}\u00bb]<\/p>\n<div class=\"strong-view strong-view-id-15 default wpmtst-default\" data-count=\"1\"><div class=\"strong-content strong-normal columns-1\"><div class=\"wpmtst-testimonial testimonial post-1648\"><div class=\"wpmtst-testimonial-inner testimonial-inner\"><h3 class=\"wpmtst-testimonial-heading testimonial-heading\">Acogedor y relajado<\/h3><div    class=\"wpmtst-testimonial-content testimonial-content\"><div class=\"maybe-clear\"><\/div><p>Nos gustar\u00eda agradecerle por las excelentes vacaciones que tuvimos en Competa gracias a usted. Nos alojamos por 5 noches del 5 al 10 de marzo de 2022 en el apartamento Tokio en C\u00f3mpeta Suites, a la vuelta de la esquina de Mes\u00f3n Hospederia. El apartamento estaba completamente equipado, limpio, espacioso y con una gran vista desde la terraza.<br \/>\nDesde el apartamento hicimos caminatas r\u00e1pidas y hermosas, hicimos un gran viaje en bicicleta de carretera y un gran viaje en BTT a Acebuchal. Despu\u00e9s de eso, siempre hab\u00eda comida deliciosa en uno de los buenos restaurantes de C\u00f3mpeta. El desayuno en la plaza del pueblo tambi\u00e9n fue excelente, pero tambi\u00e9n pude tomar un excelente desayuno en el apartamento.<br \/>\nC\u00f3mpeta es una buena base desde la que explorar los hermosos alrededores. Un atractivo y aut\u00e9ntico \u00abpueblo blanco\u00bb.<\/p><p>Fuimos en un autob\u00fas desde M\u00e1laga, no era necesario un coche de alquiler. Recomendamos encarecidamente su alojamiento.<\/p><\/div><div class=\"wpmtst-testimonial-field testimonial-field testimonial-name\">Jeroen y Monique<\/div><div class=\"clear\"><\/div><\/div><\/div><\/div><\/div>\n<p>[\/et_pb_text][et_pb_button button_url=\"https:\/\/competa-suites.com\/es\/testimonios\/\" button_text=\"M\u00e1s testimonios\" _builder_version=\"4.16\" _module_preset=\"902681e6-674d-492b-9085-57793e5d214f\" global_colors_info=\"{}\"][\/et_pb_button][\/et_pb_column][\/et_pb_row][\/et_pb_section][et_pb_section fb_built=\"1\" prev_background_color=\"#ffffff\" admin_label=\"Our Specialties Section\" _builder_version=\"4.16\" background_color=\"#1499A8\" custom_padding=\"6em||2em||false|false\" top_divider_style=\"wave2\" global_colors_info=\"{}\"][et_pb_row column_structure=\"1_3,1_3,1_3\" _builder_version=\"4.16\" _module_preset=\"default\" global_module=\"2928\" global_colors_info=\"{}\"][et_pb_column type=\"1_3\" _builder_version=\"4.16\" _module_preset=\"default\" global_colors_info=\"{}\"][et_pb_blurb use_icon=\"on\" font_icon=\"&#xe009;||divi||400\" icon_color=\"#33D6E8\" image_icon_background_color=\"#E88033\" image_icon_width=\"48px\" _builder_version=\"4.22.2\" _module_preset=\"default\" body_text_align=\"center\" body_text_color=\"#FFFFFF\" image_icon_custom_padding=\"25px|25px|25px|25px|true|true\" border_radii_image=\"on|100%|100%|100%|100%\" border_width_all_image=\"2px\" border_color_all_image=\"#52EEFF\" global_colors_info=\"{}\"]<\/p>\n<p><strong>C\u00f3mpeta Suites<\/strong><br \/>Calle Laberinto, 8<br \/>29754 C\u00f3mpeta (M\u00e1laga)<br \/>Espa\u00f1a<\/p>\n<p>[\/et_pb_blurb][\/et_pb_column][et_pb_column type=\"1_3\" _builder_version=\"4.16\" _module_preset=\"default\" global_colors_info=\"{}\"][et_pb_blurb use_icon=\"on\" font_icon=\"&#xe010;||divi||400\" icon_color=\"#33D6E8\" image_icon_background_color=\"#E88033\" image_icon_width=\"48px\" _builder_version=\"4.16\" _module_preset=\"default\" body_font=\"|600|||||||\" body_text_align=\"center\" body_link_text_color=\"#E88033\" image_icon_custom_padding=\"25px|25px|25px|25px|true|true\" border_radii_image=\"on|100%|100%|100%|100%\" border_width_all_image=\"2px\" border_color_all_image=\"#52EEFF\" global_colors_info=\"{}\" body_text_color__hover_enabled=\"on|hover\" body_link_text_color__hover_enabled=\"on|hover\" body_link_text_color__hover=\"#33D6E8\"]<\/p>\n<p><a href=\"mailto:info@competa-suites.com\">info@competa-suites.com<\/a><\/p>\n<p>[\/et_pb_blurb][\/et_pb_column][et_pb_column type=\"1_3\" _builder_version=\"4.16\" _module_preset=\"default\" global_colors_info=\"{}\"][et_pb_blurb use_icon=\"on\" font_icon=\"&#xf095;||fa||900\" icon_color=\"#33D6E8\" image_icon_background_color=\"#E88033\" image_icon_width=\"48px\" _builder_version=\"4.27.2\" _module_preset=\"default\" body_text_align=\"center\" body_text_color=\"#FFFFFF\" body_link_font=\"|600|||||||\" body_link_text_color=\"#E88033\" image_icon_custom_padding=\"25px|25px|25px|25px|true|true\" border_radii_image=\"on|100%|100%|100%|100%\" border_width_all_image=\"2px\" border_color_all_image=\"#52EEFF\" global_colors_info=\"{}\" body_link_text_color__hover_enabled=\"on|hover\" body_link_text_color__hover=\"#33D6E8\"]Ll\u00e1manos <a href=\"tel:0034601614652\"> al +34 601614652<\/a><br \/>\no cont\u00e1ctanos por <a href=\"https:\/\/api.whatsapp.com\/send?phone=34601614652\" target=\"_blank\" rel=\"noopener\">WhatsApp<\/a><a href=\"tel:0034629031167\"><\/a>[\/et_pb_blurb][\/et_pb_column][\/et_pb_row][\/et_pb_section][et_pb_section fb_built=\"1\" fullwidth=\"on\" _builder_version=\"4.16\" _module_preset=\"default\" saved_tabs=\"all\" global_colors_info=\"{}\" global_module=\"3648\" theme_builder_area=\"post_content\"][et_pb_fullwidth_code _builder_version=\"4.27.4\" _module_preset=\"default\" background_color=\"#33D6E8\" global_colors_info=\"{}\" theme_builder_area=\"post_content\"]<iframe src=\"https:\/\/www.google.com\/maps\/embed?pb=!1m18!1m12!1m3!1d12774.247897538187!2d-3.98764135713926!3d36.829014963246905!2m3!1f0!2f0!3f0!3m2!1i1024!2i768!4f13.1!3m3!1m2!1s0x9df103884962859%3A0x960cacacd4df4f8d!2sCompeta-Suites!5e0!3m2!1snl!2sfr!4v1744538293078!5m2!1snl!2sfr\" width=\"100%\" height=\"450\" style=\"border:0;\" allowfullscreen=\"\" loading=\"lazy\" referrerpolicy=\"no-referrer-when-downgrade\"><\/iframe>[\/et_pb_fullwidth_code][\/et_pb_section]<\/p>\n","protected":false},"excerpt":{"rendered":"<p>Apartamento Estudio TokioEl espacioso y muy c\u00f3modo estudio Tokyo con decoraci\u00f3n japonesa se encuentra en el segundo piso de C\u00f3mpeta Suites. El apartamento tiene un amplio ba\u00f1o privado con ducha a ras de suelo, inodoro y bid\u00e9 y es adecuado para un m\u00e1ximo de 2 personas y posiblemente 1 ni\u00f1o de hasta 15 a\u00f1os en [&hellip;]<\/p>\n","protected":false},"author":1,"featured_media":0,"parent":0,"menu_order":0,"comment_status":"closed","ping_status":"closed","template":"","meta":{"_et_pb_use_builder":"on","_et_pb_old_content":"","_et_gb_content_width":"","footnotes":""},"class_list":["post-1633","page","type-page","status-publish","hentry"],"_links":{"self":[{"href":"https:\/\/competa-suites.com\/es\/wp-json\/wp\/v2\/pages\/1633","targetHints":{"allow":["GET"]}}],"collection":[{"href":"https:\/\/competa-suites.com\/es\/wp-json\/wp\/v2\/pages"}],"about":[{"href":"https:\/\/competa-suites.com\/es\/wp-json\/wp\/v2\/types\/page"}],"author":[{"embeddable":true,"href":"https:\/\/competa-suites.com\/es\/wp-json\/wp\/v2\/users\/1"}],"replies":[{"embeddable":true,"href":"https:\/\/competa-suites.com\/es\/wp-json\/wp\/v2\/comments?post=1633"}],"version-history":[{"count":31,"href":"https:\/\/competa-suites.com\/es\/wp-json\/wp\/v2\/pages\/1633\/revisions"}],"predecessor-version":[{"id":3936,"href":"https:\/\/competa-suites.com\/es\/wp-json\/wp\/v2\/pages\/1633\/revisions\/3936"}],"wp:attachment":[{"href":"https:\/\/competa-suites.com\/es\/wp-json\/wp\/v2\/media?parent=1633"}],"curies":[{"name":"wp","href":"https:\/\/api.w.org\/{rel}","templated":true}]}}