{"id":1611,"date":"2022-03-25T20:19:58","date_gmt":"2022-03-25T20:19:58","guid":{"rendered":"https:\/\/lagranadaresidence.com\/?page_id=1611"},"modified":"2025-03-26T14:59:52","modified_gmt":"2025-03-26T14:59:52","slug":"sobre-nosotros","status":"publish","type":"page","link":"https:\/\/competa-suites.com\/es\/sobre-nosotros\/","title":{"rendered":"Sobre nosotros"},"content":{"rendered":"<p>[et_pb_section fb_built=\u00bb1&#8243; next_background_color=\u00bb#ffffff\u00bb admin_label=\u00bbOur Specialties Section\u00bb _builder_version=\u00bb4.16&#8243; background_color=\u00bb#33D6E8&#8243; custom_padding=\u00bb3em||0px||false|false\u00bb bottom_divider_style=\u00bbwave2&#8243; global_colors_info=\u00bb{}\u00bb][et_pb_row admin_label=\u00bbTitle Area\u00bb _builder_version=\u00bb4.16&#8243; custom_padding=\u00bb||3em||false|false\u00bb global_colors_info=\u00bb{}\u00bb][et_pb_column type=\u00bb4_4&#8243; _builder_version=\u00bb4.16&#8243; custom_padding=\u00bb|||\u00bb global_colors_info=\u00bb{}\u00bb custom_padding__hover=\u00bb|||\u00bb][et_pb_text admin_label=\u00bbTitle\u00bb _builder_version=\u00bb4.27.4&#8243; text_font=\u00bb||||||||\u00bb header_font=\u00bb||||||||\u00bb header_text_align=\u00bbcenter\u00bb header_font_size=\u00bb48px\u00bb header_line_height=\u00bb1.3em\u00bb header_2_font=\u00bb|600|||||||\u00bb header_2_text_align=\u00bbcenter\u00bb header_2_text_color=\u00bb#E88033&#8243; header_2_font_size=\u00bb48px\u00bb header_2_line_height=\u00bb1.3em\u00bb custom_margin=\u00bb||20px|\u00bb animation_style=\u00bbslide\u00bb animation_direction=\u00bbtop\u00bb animation_intensity_slide=\u00bb30%\u00bb animation_starting_opacity=\u00bb100%\u00bb header_font_size_tablet=\u00bb48px\u00bb header_font_size_phone=\u00bb36px\u00bb header_font_size_last_edited=\u00bbon|phone\u00bb global_colors_info=\u00bb{}\u00bb]<\/p>\n<h1>Sobre nosotros<\/h1>\n<p>[\/et_pb_text][et_pb_divider color=\u00bb#9C4403&#8243; divider_weight=\u00bb3px\u00bb _builder_version=\u00bb4.16&#8243; max_width=\u00bb60px\u00bb module_alignment=\u00bbcenter\u00bb custom_margin=\u00bb||10px|\u00bb animation_style=\u00bbslide\u00bb animation_direction=\u00bbtop\u00bb animation_intensity_slide=\u00bb30%\u00bb animation_starting_opacity=\u00bb100%\u00bb global_colors_info=\u00bb{}\u00bb][\/et_pb_divider][\/et_pb_column][\/et_pb_row][\/et_pb_section][et_pb_section fb_built=\u00bb1&#8243; _builder_version=\u00bb4.16&#8243; _module_preset=\u00bbdefault\u00bb custom_margin=\u00bb1em||||false|false\u00bb custom_padding=\u00bb0px||2em||false|false\u00bb global_colors_info=\u00bb{}\u00bb][et_pb_row column_structure=\u00bb3_5,2_5&#8243; use_custom_gutter=\u00bbon\u00bb gutter_width=\u00bb2&#8243; _builder_version=\u00bb4.16&#8243; _module_preset=\u00bbdefault\u00bb custom_padding=\u00bb0px||0px||false|false\u00bb global_colors_info=\u00bb{}\u00bb][et_pb_column type=\u00bb3_5&#8243; _builder_version=\u00bb4.16&#8243; _module_preset=\u00bbdefault\u00bb global_colors_info=\u00bb{}\u00bb][et_pb_text _builder_version=\u00bb4.27.4&#8243; _module_preset=\u00bbdefault\u00bb link_text_color=\u00bb#E88033&#8243; header_2_font=\u00bb|600|||||||\u00bb header_2_font_size=\u00bb28px\u00bb header_3_font=\u00bb|600|||||||\u00bb header_3_text_color=\u00bb#1499A8&#8243; header_3_font_size=\u00bb23px\u00bb global_colors_info=\u00bb{}\u00bb link_text_color__hover_enabled=\u00bbon|hover\u00bb link_text_color__hover=\u00bb#33D6E8&#8243;]<\/p>\n<p>En enero de 2020 llegamos a C\u00f3mpeta por primera vez. Quer\u00edamos encontrar una casa en Torrox Costa, pero el agente inmobiliario nos ense\u00f1\u00f3 una casa en las monta\u00f1as. Despu\u00e9s de solo una hora y medio nos sentimos convencidos de que quer\u00edamos vivir en C\u00f3mpeta. Nos sentimos c\u00f3modos como en casa enseguida y nos encant\u00f3 el clima, las monta\u00f1as, la gente, la vista al mar y la forma de vivir aqu\u00ed.<\/p>\n<p>Despu\u00e9s de haber pasado muchos a\u00f1os en Groenlandia, Jan teniendo su negocio y Ann trabajando en el sistema sanitario, y al mismo tiempo ten\u00edamos 4 hijos, decidimos en 2023 mudarnos a Espa\u00f1a. As\u00ed podr\u00edamos estar m\u00e1s cerca de nuestros padres mayores y nuestros hijos estudiantes, y tambi\u00e9n disfrutar de un clima mejor y jornadas laborales m\u00e1s cortas.<\/p>\n<p>En 2024 compramos C\u00f3mpeta Suites al holand\u00e9s Albert, quien se jubil\u00f3. \u00c9l hab\u00eda trabajado con muchos esfuerzos para crear alojamientos con encanto, y ten\u00eda mucho cari\u00f1o y energ\u00eda para el lugar. Es un gran placer para nosotros seguir alquilando los pisos de la misma forma. Esperamos poder darle la bienvenida en C\u00f3mpeta cuando venga para hacer senderismo, andar de bicicleta, o quiz\u00e1s simplemente para descansar al pie del Parque Natural \u201dSierras Tejeda, Almijara y Alhama\u201d.<\/p>\n<h3>Ann Birkek\u00e6r &amp; Jan R. Petersen<\/h3>\n<p>&nbsp;<\/p>\n<p>[\/et_pb_text][\/et_pb_column][et_pb_column type=\u00bb2_5&#8243; _builder_version=\u00bb4.16&#8243; _module_preset=\u00bbdefault\u00bb global_colors_info=\u00bb{}\u00bb][et_pb_image src=\u00bbhttps:\/\/competa-suites.com\/wp-content\/uploads\/2024\/10\/Ann-Birkekaer-Jan-R-Petersen-competa-suites.jpg\u00bb alt=\u00bbAnn Birkekaer y Jan R Petersen, C\u00f3mpeta Suites\u00bb title_text=\u00bbAnn Birkekaer y Jan R Petersen, C\u00f3mpeta Suites\u00bb show_in_lightbox=\u00bbon\u00bb _builder_version=\u00bb4.27.4&#8243; _module_preset=\u00bb469b733a-48aa-416b-83c7-f49583e8d07e\u00bb global_colors_info=\u00bb{}\u00bb][\/et_pb_image][\/et_pb_column][\/et_pb_row][\/et_pb_section]<\/p>\n","protected":false},"excerpt":{"rendered":"<p>Sobre nosotrosEn enero de 2020 llegamos a C\u00f3mpeta por primera vez. Quer\u00edamos encontrar una casa en Torrox Costa, pero el agente inmobiliario nos ense\u00f1\u00f3 una casa en las monta\u00f1as. Despu\u00e9s de solo una hora y medio nos sentimos convencidos de que quer\u00edamos vivir en C\u00f3mpeta. Nos sentimos c\u00f3modos como en casa enseguida y nos encant\u00f3 [&hellip;]<\/p>\n","protected":false},"author":1,"featured_media":0,"parent":0,"menu_order":0,"comment_status":"closed","ping_status":"closed","template":"","meta":{"_et_pb_use_builder":"on","_et_pb_old_content":"","_et_gb_content_width":"","footnotes":""},"class_list":["post-1611","page","type-page","status-publish","hentry"],"_links":{"self":[{"href":"https:\/\/competa-suites.com\/es\/wp-json\/wp\/v2\/pages\/1611","targetHints":{"allow":["GET"]}}],"collection":[{"href":"https:\/\/competa-suites.com\/es\/wp-json\/wp\/v2\/pages"}],"about":[{"href":"https:\/\/competa-suites.com\/es\/wp-json\/wp\/v2\/types\/page"}],"author":[{"embeddable":true,"href":"https:\/\/competa-suites.com\/es\/wp-json\/wp\/v2\/users\/1"}],"replies":[{"embeddable":true,"href":"https:\/\/competa-suites.com\/es\/wp-json\/wp\/v2\/comments?post=1611"}],"version-history":[{"count":9,"href":"https:\/\/competa-suites.com\/es\/wp-json\/wp\/v2\/pages\/1611\/revisions"}],"predecessor-version":[{"id":3450,"href":"https:\/\/competa-suites.com\/es\/wp-json\/wp\/v2\/pages\/1611\/revisions\/3450"}],"wp:attachment":[{"href":"https:\/\/competa-suites.com\/es\/wp-json\/wp\/v2\/media?parent=1611"}],"curies":[{"name":"wp","href":"https:\/\/api.w.org\/{rel}","templated":true}]}}