{"id":1541,"date":"2022-04-19T13:49:06","date_gmt":"2022-04-19T13:49:06","guid":{"rendered":"https:\/\/lagranadaresidence.com\/?page_id=1541"},"modified":"2023-05-04T13:42:04","modified_gmt":"2023-05-04T13:42:04","slug":"sendero-de-los-molinos","status":"publish","type":"page","link":"https:\/\/competa-suites.com\/es\/sendero-de-los-molinos\/","title":{"rendered":"Sendero de Los Molinos"},"content":{"rendered":"<p>[et_pb_section fb_built=\u00bb1&#8243; next_background_color=\u00bb#ffffff\u00bb admin_label=\u00bbOur Specialties Section\u00bb _builder_version=\u00bb4.16&#8243; background_color=\u00bb#52EEFF\u00bb custom_padding=\u00bb3em||0px||false|false\u00bb bottom_divider_style=\u00bbwave2&#8243; global_colors_info=\u00bb{}\u00bb][et_pb_row admin_label=\u00bbTitle Area\u00bb _builder_version=\u00bb4.16&#8243; custom_padding=\u00bb||3em||false|false\u00bb global_colors_info=\u00bb{}\u00bb][et_pb_column type=\u00bb4_4&#8243; _builder_version=\u00bb4.16&#8243; custom_padding=\u00bb|||\u00bb global_colors_info=\u00bb{}\u00bb custom_padding__hover=\u00bb|||\u00bb][et_pb_text admin_label=\u00bbTitle\u00bb _builder_version=\u00bb4.21.0&#8243; text_font=\u00bb||||||||\u00bb header_font=\u00bb||||||||\u00bb header_text_align=\u00bbcenter\u00bb header_font_size=\u00bb48px\u00bb header_line_height=\u00bb1.3em\u00bb header_2_font=\u00bbMerienda One|700|||||||\u00bb header_2_text_align=\u00bbcenter\u00bb header_2_text_color=\u00bb#E88033&#8243; header_2_font_size=\u00bb48px\u00bb header_2_line_height=\u00bb1.3em\u00bb custom_margin=\u00bb||20px|\u00bb animation_style=\u00bbslide\u00bb animation_direction=\u00bbtop\u00bb animation_intensity_slide=\u00bb30%\u00bb animation_starting_opacity=\u00bb100%\u00bb header_font_size_tablet=\u00bb48px\u00bb header_font_size_phone=\u00bb36px\u00bb header_font_size_last_edited=\u00bbon|phone\u00bb global_colors_info=\u00bb{}\u00bb]<\/p>\n<h1>Sendero de Los Molinos<\/h1>\n<p>[\/et_pb_text][et_pb_divider color=\u00bb#1499A8&#8243; divider_weight=\u00bb3px\u00bb _builder_version=\u00bb4.16&#8243; max_width=\u00bb60px\u00bb module_alignment=\u00bbcenter\u00bb custom_margin=\u00bb||10px|\u00bb animation_style=\u00bbslide\u00bb animation_direction=\u00bbtop\u00bb animation_intensity_slide=\u00bb30%\u00bb animation_starting_opacity=\u00bb100%\u00bb global_colors_info=\u00bb{}\u00bb][\/et_pb_divider][\/et_pb_column][\/et_pb_row][\/et_pb_section][et_pb_section fb_built=\u00bb1&#8243; _builder_version=\u00bb4.16&#8243; _module_preset=\u00bbdefault\u00bb custom_padding=\u00bb0px||3em||false|false\u00bb global_colors_info=\u00bb{}\u00bb][et_pb_row column_structure=\u00bb2_3,1_3&#8243; _builder_version=\u00bb4.16&#8243; _module_preset=\u00bbdefault\u00bb custom_padding=\u00bb3em||0px||false|false\u00bb global_colors_info=\u00bb{}\u00bb][et_pb_column type=\u00bb2_3&#8243; _builder_version=\u00bb4.16&#8243; _module_preset=\u00bbdefault\u00bb global_colors_info=\u00bb{}\u00bb][et_pb_text admin_label=\u00bbTitle\u00bb _builder_version=\u00bb4.17.1&#8243; text_font=\u00bb||||||||\u00bb header_font=\u00bb||||||||\u00bb header_2_font=\u00bb||||||||\u00bb header_2_text_align=\u00bbleft\u00bb header_2_font_size=\u00bb34px\u00bb header_2_line_height=\u00bb1.3em\u00bb custom_margin=\u00bb||20px|\u00bb animation_style=\u00bbslide\u00bb animation_direction=\u00bbtop\u00bb animation_intensity_slide=\u00bb30%\u00bb animation_starting_opacity=\u00bb100%\u00bb global_colors_info=\u00bb{}\u00bb]<\/p>\n<p>Es un sendero que rodea nuestros pueblos vecinos Canillas de Albaida y \u00c1rchez dentro de la Sierra Tejeda y Almijara y comparte un camino con la etapa 7 del Gran Senda de M\u00e1laga. Este sendero es paralelo al R\u00edo Turvilla y al R\u00edo Cajula y es posible hacerla en ambos sentidos.  <\/p>\n<p>Tambi\u00e9n es posible comenzar esta ruta directamente desde el alojamiento, mire la nota al final.<\/p>\n<p>[\/et_pb_text][\/et_pb_column][et_pb_column type=\u00bb1_3&#8243; _builder_version=\u00bb4.16&#8243; _module_preset=\u00bbdefault\u00bb global_colors_info=\u00bb{}\u00bb][et_pb_text admin_label=\u00bbTitle\u00bb _builder_version=\u00bb4.18.0&#8243; text_font=\u00bb||||||||\u00bb header_font=\u00bb||||||||\u00bb header_2_font=\u00bb||||||||\u00bb header_2_text_align=\u00bbleft\u00bb header_2_font_size=\u00bb34px\u00bb header_2_line_height=\u00bb1.3em\u00bb background_color=\u00bb#33D6E8&#8243; custom_margin=\u00bb||20px|\u00bb custom_padding=\u00bb1em|1em|1em|1em|true|true\u00bb animation_style=\u00bbslide\u00bb animation_direction=\u00bbtop\u00bb animation_intensity_slide=\u00bb30%\u00bb animation_starting_opacity=\u00bb100%\u00bb border_radii=\u00bbon|25px|25px|25px|25px\u00bb box_shadow_style=\u00bbpreset3&#8243; global_colors_info=\u00bb{}\u00bb]<\/p>\n<p><strong>Lugar<\/strong>: \u00c1rchez<br \/><strong>Distancia<\/strong>: 10 Km<br \/><strong>Duraci\u00f3n<\/strong>: 3h<br \/><strong>Duraci\u00f3n completa<\/strong>: 5.5h<br \/><strong>Diferencia altura<\/strong>: 408m<br \/><strong>Categor\u00eda<\/strong>: mediana<br \/><strong>Cu\u00e1ndo<\/strong>: Todo el a\u00f1o, cabe la posibilidad de terminar con los pies mojados en la \u00e9poca de invierno!<\/p>\n<p>Informaci\u00f3n de: <a href=\"https:\/\/milyunarutas.com\/\" target=\"_blank\" rel=\"noopener\">milyunarutas.com<\/a><\/p>\n<p>[\/et_pb_text][\/et_pb_column][\/et_pb_row][\/et_pb_section][et_pb_section fb_built=\u00bb1&#8243; prev_background_color=\u00bb#ffffff\u00bb _builder_version=\u00bb4.16&#8243; _module_preset=\u00bbdefault\u00bb background_color=\u00bb#33D6E8&#8243; top_divider_style=\u00bbwave2&#8243; global_colors_info=\u00bb{}\u00bb][et_pb_row _builder_version=\u00bb4.16&#8243; _module_preset=\u00bbdefault\u00bb custom_padding=\u00bb0px||0px||true|false\u00bb global_colors_info=\u00bb{}\u00bb][et_pb_column type=\u00bb4_4&#8243; _builder_version=\u00bb4.16&#8243; _module_preset=\u00bbdefault\u00bb global_colors_info=\u00bb{}\u00bb][et_pb_text _builder_version=\u00bb4.17.1&#8243; _module_preset=\u00bbdefault\u00bb text_text_color=\u00bb#421C01&#8243; link_text_color=\u00bb#E88033&#8243; header_3_text_color=\u00bb#E88033&#8243; header_3_font_size=\u00bb21px\u00bb global_colors_info=\u00bb{}\u00bb link_text_color__hover_enabled=\u00bbon|hover\u00bb link_text_color__hover=\u00bb#9C4403&#8243;]<\/p>\n<h2>Descripci\u00f3n del sendero de Los Molinos<\/h2>\n<p>Empezamos la ruta en la Avenida de Andaluc\u00eda en el pueblo de \u00c1rchez, y cruzamos la Calle Cruz donde a 100m de distancia vemos la iglesia de Nuestra Se\u00f1ora de la Encarnaci\u00f3n con un campanario de Minaret de Mud\u00e9jar que fue hecha en el siglo XIV. Continuamos en el Paseo del R\u00edo Turvilla, donde nos encontramos con el cartel informativo. A 150m hay un puente de madera para cruzar el r\u00edo, dejando el molino de Do\u00f1a Fidela a nuestro lado izquierdo.   <\/p>\n<p>Despu\u00e9s caminamos 250m sobre un camino paralelo al r\u00edo,y cruzamos dos veces el agua pasando por unas piedras puestas para lo mismo. Seguimos por un campo lleno de limones, naranjas, aguacates\u2026  Na 500 m lopen dalen we af naar de Molino Mat\u00edas met een kleine waterval en een zwempoel te zien. De Mat\u00edas-molen was de eerste elektriciteitsfabriek die in 1915 werd opgericht. Het was van laagspanning (150-155 volt) en gaf licht aan Canillas, Corumbela. Archez, Daimalos en Arenas. Het werkte tot 1920, na de oorlog werd het een korenmolen. Llegando al final vemos un puente romano, que cruzamos pasando por lo alto del R\u00edo Turvilla\/Cajula. Continuamos en direcci\u00f3n de Canillas de Albaida por lo que andamos 30m hacia la derecha. Seguimos por el camino llegando a subir 80m para llegar al pueblo y a 150m nos encontramos con la Plaza Nuestra Se\u00f1ora del Rosario, con la iglesia de Nuestra Se\u00f1ora de la Expectaci\u00f3n, el ayuntamiento y una fuente. Bajamos hacia la derecha por una callejuela al final de la plaza. A tu mano derecha est\u00e1 el restaurante El Cerezo donde puedes parar a tomar algo, y a la izquierda hay un supermercado. Continuamos 100m y abandonamos el pueblo bajando por la Calle del Carril San Ant\u00f3n* y encontramos seguidos 250m el ermita\u00f1o de San Ant\u00f3n, del siglo XVII. Despu\u00e9s de 200m giramos a la derecha y cogemos el camino que se abre hacia la izquierda y as\u00ed llegamos al punto de partida: \u00c1rchez. Es una bajada serpenteante y arenosa. Despu\u00e9s de 600 metros enlazamos con otro camino, y debe girar a la izquierda. El camino de la derecha nos llevar\u00eda de vuelta al Molino Mat\u00edas. S\u00f3lo 300 metros nos separan del lugar donde dejamos el coche en la Avenida de Andaluc\u00eda, donde finalizaremos esta ruta a pie.    <\/p>\n<p>We gaan terug omhoog en verder langs de route, tussen bomen en klimmen een kleine trap op die aan onze linkerkant begint. Na 50 m te hebben afgelegd, beginnen de metalen voetgangersbruggen, die over een greppel beginnen. Als we de trappen van de voetgangersbrug afdalen, zien we de Mirador F\u00e1brica de Jos\u00e9 Navas. We volgen de loopbrug, 400 m genietend van het landschap met een paar watervallen.   <\/p>\n<p>Aan het einde van de loopbruggen zien we de Romeinse brug. Aangezien de Romeinse weg aan onze linkerkant begint, steken we de brug over met de Turvilla\/Cajula-rivier en een paar watervallen. Om verder te gaan in de richting van het dorp Canillas de Albaida, lopen we 30 m rechtsaf langs de weg. We volgen onze route nu omhoog via de Romeinse weg met een stijging van 80 m. Aan het einde van de klim bereiken we het dorp Canillas de Albaidas. We lopen door de straten om na 150 m aan te komen op de Plaza Nuestra Se\u00f1ora del Rosario. Hier vind je de Iglesia Nuestra Se\u00f1ora de la Expectaci\u00f3n, het stadhuis en een prachtige fontein. We dalen rechtsaf via een smal straatje aan het eind van het dorpsplein. Aan je rechterkant restaurant El Cerezo waar je iets kunt drinken, en aan de linkerkant is er een supermarkt.        <\/p>\n<p>Na 100 m gaan we het dorp verlaten en dalen we de Calle del Carril San Ant\u00f3n (*) af, waar we 250 m verder de Hermitage van San Ant\u00f3n vinden, daterend uit de 17e eeuw. Na 200 meter moeten we rechtsaf en dan het pad nemen dat naar links opent, waardoor we ons beginpunt \u00c1rchez kunnen bereiken. Het is een slingerend, zanderige afdaling en voorzichtigheid bij het afdalen is zeker geboden! Na 600 meter zullen we aansluiten op een ander pad, en we zullen naar links moeten draaien. Het pad naar rechts, zou ons terug brengen naar Molino Mat\u00edas. Slechts 300 meter scheiden ons van de plaats waar we de auto hebben achtergelaten op de Avenida de Andaluc\u00eda, waar we deze wandelroute zullen be\u00ebindigen.     <\/p>\n<p>(*) Para recorrer el paseo de Los Molinos desde el alojamiento, primero seguir por la calle San Antonio v\u00eda el hotel y la ermita de San Ant\u00f3n. En la curva comienza un camino de arena que se dirige a Canillas de Albaida. Empiezas aqu\u00ed: \u201cbajamos por la Calle del Carril San Ant\u00f3n (*), d\u00f3nde 250 m m\u00e1s adelante encontramos la Ermita de San Ant\u00f3n\u201d.   In het dorp Arch\u00e9z op de Avenida de Andaluc\u00eda aangekomen volg je het begin van de routebeschrijving bovenaan deze beschrijving.<\/p>\n<p>[\/et_pb_text][et_pb_gallery gallery_ids=\u00bb1174,1176,1437,1441,1463,1156,1443,1445,1451,1455,1467,1459&#8243; posts_number=\u00bb12&#8243; show_title_and_caption=\u00bboff\u00bb show_pagination=\u00bboff\u00bb zoom_icon_color=\u00bb#33D6E8&#8243; _builder_version=\u00bb4.17.6&#8243; _module_preset=\u00bbdefault\u00bb custom_margin=\u00bb3em||||false|false\u00bb border_radii_image=\u00bbon|10px|10px|10px|10px\u00bb box_shadow_style_image=\u00bbpreset3&#8243; global_colors_info=\u00bb{}\u00bb][\/et_pb_gallery][\/et_pb_column][\/et_pb_row][et_pb_row _builder_version=\u00bb4.16.0&#8243; _module_preset=\u00bbdefault\u00bb custom_margin=\u00bb2em||||false|false\u00bb custom_padding=\u00bb||0px||false|false\u00bb global_colors_info=\u00bb{}\u00bb][et_pb_column type=\u00bb4_4&#8243; _builder_version=\u00bb4.16.0&#8243; _module_preset=\u00bbdefault\u00bb global_colors_info=\u00bb{}\u00bb][et_pb_button button_url=\u00bbhttps:\/\/competa-suites.com\/es\/precios-y-disponibilidad\/#solicitud-de-reserva\u00bb button_text=\u00bbHaz una reserva\u00bb _builder_version=\u00bb4.18.0&#8243; _module_preset=\u00bb902681e6-674d-492b-9085-57793e5d214f\u00bb button_bg_color=\u00bb#E88033&#8243; custom_margin=\u00bb0em||1em||false|false\u00bb global_colors_info=\u00bb{}\u00bb button_bg_color__hover=\u00bb#1499A8&#8243; button_bg_enable_color__hover=\u00bbon\u00bb][\/et_pb_button][\/et_pb_column][\/et_pb_row][\/et_pb_section][et_pb_section fb_built=\u00bb1&#8243; fullwidth=\u00bbon\u00bb _builder_version=\u00bb4.16&#8243; _module_preset=\u00bbdefault\u00bb global_colors_info=\u00bb{}\u00bb][et_pb_fullwidth_code _builder_version=\u00bb4.16&#8243; _module_preset=\u00bbdefault\u00bb background_color=\u00bb#33D6E8&#8243; global_colors_info=\u00bb{}\u00bb]<iframe src=\"https:\/\/www.google.com\/maps\/embed?pb=!1m18!1m12!1m3!1d18064.612186166745!2d-3.985683347452464!3d36.83283665440784!2m3!1f0!2f0!3f0!3m2!1i1024!2i768!4f13.1!3m3!1m2!1s0xd723d8e8a4c8ca3%3A0xf2d54543ce75fe0c!2sLa%20Granada%20Residence!5e0!3m2!1snl!2sfr!4v1648237365170!5m2!1snl!2sfr\" width=\"100%\" height=\"450\" style=\"border:0;\" allowfullscreen=\"\" loading=\"lazy\" referrerpolicy=\"no-referrer-when-downgrade\"><\/iframe>[\/et_pb_fullwidth_code][\/et_pb_section][et_pb_section fb_built=\u00bb1&#8243; _builder_version=\u00bb4.16&#8243; _module_preset=\u00bbdefault\u00bb background_color=\u00bb#33D6E8&#8243; custom_padding=\u00bb2em||0px||false|false\u00bb global_module=\u00bb1351&#8243; saved_tabs=\u00bball\u00bb global_colors_info=\u00bb{}\u00bb][et_pb_row column_structure=\u00bb1_3,1_3,1_3&#8243; _builder_version=\u00bb4.18.0&#8243; _module_preset=\u00bbdefault\u00bb background_color=\u00bbRGBA(255,255,255,0)\u00bb width=\u00bb70%\u00bb max_width=\u00bb100%\u00bb custom_padding=\u00bb0px||||false|false\u00bb global_colors_info=\u00bb{}\u00bb][et_pb_column type=\u00bb1_3&#8243; _builder_version=\u00bb4.16&#8243; _module_preset=\u00bbdefault\u00bb global_colors_info=\u00bb{}\u00bb][et_pb_text _builder_version=\u00bb4.16&#8243; _module_preset=\u00bbdefault\u00bb text_text_color=\u00bb#FFFFFF\u00bb global_colors_info=\u00bb{}\u00bb]<\/p>\n<p><strong>La Granada Resid\u00e9nce<\/strong><br \/>Calle Laberinto, 8<br \/>29754 C\u00f3mpeta (M\u00e1laga)<br \/>Espa\u00f1a<\/p>\n<p><em>La Granada Resid\u00e9nce \u00a92022<\/em><\/p>\n<p>[\/et_pb_text][\/et_pb_column][et_pb_column type=\u00bb1_3&#8243; _builder_version=\u00bb4.16&#8243; _module_preset=\u00bbdefault\u00bb global_colors_info=\u00bb{}\u00bb][et_pb_text _builder_version=\u00bb4.17.6&#8243; _module_preset=\u00bbdefault\u00bb text_text_color=\u00bb#FFFFFF\u00bb link_text_color=\u00bb#9C4403&#8243; global_colors_info=\u00bb{}\u00bb link_text_color__hover_enabled=\u00bbon|hover\u00bb link_text_color__hover=\u00bb#1499A8&#8243;]<a href=\"mailto:info@competa-suites.com\">info@competa-suites.com<\/a><\/p>\n<p><a href=\"tel:0034629031167\">0629 031 167<\/a><br \/>\n<a href=\"tel:0034951067717\">0951 067 717<\/a>[\/et_pb_text][\/et_pb_column][et_pb_column type=\u00bb1_3&#8243; _builder_version=\u00bb4.16&#8243; _module_preset=\u00bbdefault\u00bb global_colors_info=\u00bb{}\u00bb][et_pb_text _builder_version=\u00bb4.18.0&#8243; _module_preset=\u00bbdefault\u00bb text_text_color=\u00bb#FFFFFF\u00bb link_text_color=\u00bb#9C4403&#8243; global_colors_info=\u00bb{}\u00bb link_text_color__hover_enabled=\u00bbon|hover\u00bb link_text_color__hover=\u00bb#1499A8&#8243;]<\/p>\n<p><span><a href=\"https:\/\/competa-suites.com\/es\/terminos-y-condiciones\/\">T\u00e9rminos y condiciones<\/a><br \/><a href=\"https:\/\/competa-suites.com\/es\/declaracion-de-privacidad\/\">Declaraci\u00f3n de privacidad<\/a><br \/><\/span><\/p>\n<p><span>Licencia: RTA: A\/MA\/01370.<\/span><\/p>\n<p>[\/et_pb_text][\/et_pb_column][\/et_pb_row][\/et_pb_section]<\/p>\n","protected":false},"excerpt":{"rendered":"<p>Sendero de Los MolinosEs un sendero que rodea nuestros pueblos vecinos Canillas de Albaida y \u00c1rchez dentro de la Sierra Tejeda y Almijara y comparte un camino con la etapa 7 del Gran Senda de M\u00e1laga. Este sendero es paralelo al R\u00edo Turvilla y al R\u00edo Cajula y es posible hacerla en ambos sentidos. Tambi\u00e9n [&hellip;]<\/p>\n","protected":false},"author":1,"featured_media":0,"parent":0,"menu_order":0,"comment_status":"closed","ping_status":"closed","template":"","meta":{"_et_pb_use_builder":"on","_et_pb_old_content":"","_et_gb_content_width":"","footnotes":""},"class_list":["post-1541","page","type-page","status-publish","hentry"],"_links":{"self":[{"href":"https:\/\/competa-suites.com\/es\/wp-json\/wp\/v2\/pages\/1541","targetHints":{"allow":["GET"]}}],"collection":[{"href":"https:\/\/competa-suites.com\/es\/wp-json\/wp\/v2\/pages"}],"about":[{"href":"https:\/\/competa-suites.com\/es\/wp-json\/wp\/v2\/types\/page"}],"author":[{"embeddable":true,"href":"https:\/\/competa-suites.com\/es\/wp-json\/wp\/v2\/users\/1"}],"replies":[{"embeddable":true,"href":"https:\/\/competa-suites.com\/es\/wp-json\/wp\/v2\/comments?post=1541"}],"version-history":[{"count":31,"href":"https:\/\/competa-suites.com\/es\/wp-json\/wp\/v2\/pages\/1541\/revisions"}],"predecessor-version":[{"id":2500,"href":"https:\/\/competa-suites.com\/es\/wp-json\/wp\/v2\/pages\/1541\/revisions\/2500"}],"wp:attachment":[{"href":"https:\/\/competa-suites.com\/es\/wp-json\/wp\/v2\/media?parent=1541"}],"curies":[{"name":"wp","href":"https:\/\/api.w.org\/{rel}","templated":true}]}}