{"id":1384,"date":"2022-04-19T13:14:49","date_gmt":"2022-04-19T13:14:49","guid":{"rendered":"https:\/\/lagranadaresidence.com\/?page_id=1384"},"modified":"2023-05-04T13:38:32","modified_gmt":"2023-05-04T13:38:32","slug":"el-caminito-del-rey","status":"publish","type":"page","link":"https:\/\/competa-suites.com\/es\/el-caminito-del-rey\/","title":{"rendered":"El Caminito del Rey"},"content":{"rendered":"<p>[et_pb_section fb_built=\u00bb1&#8243; next_background_color=\u00bb#ffffff\u00bb admin_label=\u00bbOur Specialties Section\u00bb _builder_version=\u00bb4.16&#8243; background_color=\u00bb#52EEFF\u00bb custom_padding=\u00bb3em||0px||false|false\u00bb bottom_divider_style=\u00bbwave2&#8243; global_colors_info=\u00bb{}\u00bb][et_pb_row admin_label=\u00bbTitle Area\u00bb _builder_version=\u00bb4.16&#8243; custom_padding=\u00bb||3em||false|false\u00bb global_colors_info=\u00bb{}\u00bb][et_pb_column type=\u00bb4_4&#8243; _builder_version=\u00bb4.16&#8243; custom_padding=\u00bb|||\u00bb global_colors_info=\u00bb{}\u00bb custom_padding__hover=\u00bb|||\u00bb][et_pb_text admin_label=\u00bbTitle\u00bb _builder_version=\u00bb4.21.0&#8243; text_font=\u00bb||||||||\u00bb header_font=\u00bb||||||||\u00bb header_2_font=\u00bbMerienda One|700|||||||\u00bb header_2_text_align=\u00bbcenter\u00bb header_2_text_color=\u00bb#E88033&#8243; header_2_font_size=\u00bb48px\u00bb header_2_line_height=\u00bb1.3em\u00bb custom_margin=\u00bb||20px|\u00bb animation_style=\u00bbslide\u00bb animation_direction=\u00bbtop\u00bb animation_intensity_slide=\u00bb30%\u00bb animation_starting_opacity=\u00bb100%\u00bb hover_enabled=\u00bb0&#8243; global_colors_info=\u00bb{}\u00bb header_text_align=\u00bbcenter\u00bb header_font_size=\u00bb48px\u00bb header_font_size_last_edited=\u00bbon|phone\u00bb sticky_enabled=\u00bb0&#8243; header_font_size_phone=\u00bb36px\u00bb header_line_height=\u00bb1.3em\u00bb header_font_size_tablet=\u00bb48px\u00bb]<\/p>\n<h1>Caminito de Rey<\/h1>\n<p>[\/et_pb_text][et_pb_divider color=\u00bb#1499A8&#8243; divider_weight=\u00bb3px\u00bb _builder_version=\u00bb4.16&#8243; max_width=\u00bb60px\u00bb module_alignment=\u00bbcenter\u00bb custom_margin=\u00bb||10px|\u00bb animation_style=\u00bbslide\u00bb animation_direction=\u00bbtop\u00bb animation_intensity_slide=\u00bb30%\u00bb animation_starting_opacity=\u00bb100%\u00bb global_colors_info=\u00bb{}\u00bb][\/et_pb_divider][\/et_pb_column][\/et_pb_row][\/et_pb_section][et_pb_section fb_built=\u00bb1&#8243; _builder_version=\u00bb4.16&#8243; _module_preset=\u00bbdefault\u00bb custom_padding=\u00bb0px||3em||false|false\u00bb global_colors_info=\u00bb{}\u00bb][et_pb_row column_structure=\u00bb2_3,1_3&#8243; _builder_version=\u00bb4.16&#8243; _module_preset=\u00bbdefault\u00bb custom_padding=\u00bb3em||0px||false|false\u00bb global_colors_info=\u00bb{}\u00bb][et_pb_column type=\u00bb2_3&#8243; _builder_version=\u00bb4.16&#8243; _module_preset=\u00bbdefault\u00bb global_colors_info=\u00bb{}\u00bb][et_pb_text admin_label=\u00bbTitle\u00bb _builder_version=\u00bb4.17.1&#8243; text_font=\u00bb||||||||\u00bb header_font=\u00bb||||||||\u00bb header_2_font=\u00bb||||||||\u00bb header_2_text_align=\u00bbleft\u00bb header_2_font_size=\u00bb34px\u00bb header_2_line_height=\u00bb1.3em\u00bb custom_margin=\u00bb||20px|\u00bb animation_style=\u00bbslide\u00bb animation_direction=\u00bbtop\u00bb animation_intensity_slide=\u00bb30%\u00bb animation_starting_opacity=\u00bb100%\u00bb global_colors_info=\u00bb{}\u00bb]<\/p>\n<p>Es el caminito m\u00e1s famoso de M\u00e1laga, renovado por el ayuntamiento en 2015 y poco despu\u00e9s fue abierto al p\u00fablico. Es un sendero precioso que pasa por encima del Desfiladero de los Gaitanes del r\u00edo Guadalhorce.   <\/p>\n<p>El Caminito del Rey surge en 1921 cuando el rey Alfonso XIII utiliza este sendero para llegar a la nueva presa.<\/p>\n<p>[\/et_pb_text][\/et_pb_column][et_pb_column type=\u00bb1_3&#8243; _builder_version=\u00bb4.16&#8243; _module_preset=\u00bbdefault\u00bb global_colors_info=\u00bb{}\u00bb][et_pb_text admin_label=\u00bbTitle\u00bb _builder_version=\u00bb4.17.1&#8243; text_font=\u00bb||||||||\u00bb header_font=\u00bb||||||||\u00bb header_2_font=\u00bb||||||||\u00bb header_2_text_align=\u00bbleft\u00bb header_2_font_size=\u00bb34px\u00bb header_2_line_height=\u00bb1.3em\u00bb background_color=\u00bb#33D6E8&#8243; custom_margin=\u00bb||20px|\u00bb custom_padding=\u00bb1em|1em|1em|1em|true|true\u00bb animation_style=\u00bbslide\u00bb animation_direction=\u00bbtop\u00bb animation_intensity_slide=\u00bb30%\u00bb animation_starting_opacity=\u00bb100%\u00bb border_radii=\u00bbon|25px|25px|25px|25px\u00bb box_shadow_style=\u00bbpreset3&#8243; global_colors_info=\u00bb{}\u00bb]<\/p>\n<p><strong>Localizaci\u00f3n<\/strong>: Ardales \/ El Chorro<br \/><strong>Parking<\/strong>: s\u00ed<br \/><strong>Sendero<\/strong>: 7,7 km<br \/><strong>Diferencia de altura<\/strong>: 101 m<br \/><strong>Duraci\u00f3n<\/strong>: 4-5 horas<br \/><strong>Tipo de ruta<\/strong>: lineal, hay un autob\u00fas lanzadera que va desde el parking hasta el punto de partida.<br \/><strong>Dificultad<\/strong>: media<br \/><strong>Apto para ni\u00f1os<\/strong>: s\u00ed, a partir de 8 a\u00f1os.<br \/><strong>Cu\u00e1ndo<\/strong>: martes a domingo<br \/><strong>\u00c9poca<\/strong>: se puede acceder durante todo el a\u00f1o, sin embargo se recomienda los meses de abril y mayo, ya que en los meses de vacaciones est\u00e1 muy saturado.<\/p>\n<p>[\/et_pb_text][\/et_pb_column][\/et_pb_row][\/et_pb_section][et_pb_section fb_built=\u00bb1&#8243; prev_background_color=\u00bb#ffffff\u00bb _builder_version=\u00bb4.16&#8243; _module_preset=\u00bbdefault\u00bb background_color=\u00bb#33D6E8&#8243; top_divider_style=\u00bbwave2&#8243; global_colors_info=\u00bb{}\u00bb][et_pb_row _builder_version=\u00bb4.16&#8243; _module_preset=\u00bbdefault\u00bb custom_padding=\u00bb0px||0px||true|false\u00bb global_colors_info=\u00bb{}\u00bb][et_pb_column type=\u00bb4_4&#8243; _builder_version=\u00bb4.16&#8243; _module_preset=\u00bbdefault\u00bb global_colors_info=\u00bb{}\u00bb][et_pb_text _builder_version=\u00bb4.18.0&#8243; _module_preset=\u00bbdefault\u00bb text_text_color=\u00bb#421C01&#8243; link_text_color=\u00bb#E88033&#8243; header_3_text_color=\u00bb#E88033&#8243; header_3_font_size=\u00bb21px\u00bb custom_padding=\u00bb2em||||false|false\u00bb global_colors_info=\u00bb{}\u00bb link_text_color__hover_enabled=\u00bbon|hover\u00bb link_text_color__hover=\u00bb#9C4403&#8243;]<\/p>\n<h2>Sendero m\u00e1s peligroso de Europa<\/h2>\n<p>Este caminito se encuentra entre \u00c1lora, Antequera y Ardales y est\u00e1 separado por el r\u00edo Guadalhorce. Hasta hace poco era conocido como el sendero m\u00e1s peligroso de Europa. Fue creado entre 1901 y 1905.<\/p>\n<p>El sendero de apenas 80 cm de ancho estaba hecho de hormig\u00f3n sobre unos ra\u00edles y conectados con unos tri\u00e1ngulos de hierro, y adem\u00e1s clavados en la pared de la monta\u00f1a a cientos de metros por encima del r\u00edo. El camino estaba en muy mal estado, no hab\u00eda barandilla y ciertos trozos del camino se hab\u00edan desplomado. Todos estos factores sumaron a la creaci\u00f3n de una leyenda negra, ya que varios senderistas no sobrevivieron cuando intentaron cruzar.<\/p>\n<h2>Restauraci\u00f3n del Caminito del Rey<\/h2>\n<p>Como mencionado anteriormente, el Caminito del Rey fue restaurado en 2015 ya que su condici\u00f3n era ya demasiado peligrosa. El sendero tiene una longitud de 7,7 km y se tarda entre 4-5 horas dependiendo del punto de partida (Ardales 4 y \u00c1lora 5).<\/p>\n<p>\u200bActualmente se ha restaurado por completo el camino por este espectacular paraje, se ha creado un camino sobre el anterior y se ha dejado el antiguo como monumento hist\u00f3rico. Adem\u00e1s de la imponente altura, el recorrido est\u00e1 lleno de elementos que lo hacen inolvidable, como un balc\u00f3n embrujado con piso transparente donde apetece pisar el vac\u00edo, un puente colgante, un desfiladero que se estrecha a 5 metros, restos f\u00f3siles de animales prehist\u00f3ricos y un t\u00fanel con murci\u00e9lagos\u2026<\/p>\n<p>El recorrido completo a pie tiene una longitud de 7,7 km, de los cuales 4,8 km son v\u00edas de acceso y pasarelas y 2,9 km son pasarelas, de los cuales 1,5 km son senderos de altura adosados a la ladera de la monta\u00f1a y miradores de suelo transparente. El tiempo de caminata requerido es de aproximadamente 4 o 5 horas dependiendo de si se desea elegir la ruta de descenso norte\/sur en Ardales (4 horas), o la ruta de ascenso sur\/norte desde \u00c1lora (5 horas). La ruta del Caminito del Rey es lineal y tiene una dificultad media-baja, por lo que son muchos los visitantes que realizan esta ruta sin mucha experiencia en senderismo.<\/p>\n<h2>Entrada<\/h2>\n<p>La primera entrada se accede por El Chorro en \u00c1lora y la segunda es en Ardales. De Caminito del Rey route is lineair! Er is een busverbinding tussen de parkeergelegenheid van zowel de noordelijke (Ardales) en de zuidelijke (El Chorro) toegang in beide richtingen.<\/p>\n<h2>\u00bfCu\u00e1ndo hacer el Caminito del Rey?<\/h2>\n<p>Los meses de abril y mayo son los mejores meses para hacer este sendero. El verano es la \u00e9poca m\u00e1s ocupada. Ll\u00e9vate ropa c\u00f3moda y transpirable, en diferentes capas. No te olvides de una gorra, zapatos adecuados y agua.<\/p>\n<h2>Venta de entradas<\/h2>\n<p>Las entradas s\u00f3lo se pueden comprar a trav\u00e9s de la <a href=\"https:\/\/www.caminitodelrey.info\/es\/entradas\/comprar\" target=\"_blank\" rel=\"noopener\">propia p\u00e1gina del caminito<\/a> e incluyen un casco de seguridad. S\u00f3lo se permite el acceso de 50 personas a la vez, y hasta 600 personas al d\u00eda. En caso de mucho viento, se cerrar\u00e1 el sendero por tema de seguridad. Les recomendamos que reserven unos meses antes.<\/p>\n<h2>Horario<\/h2>\n<p>Visita la <a href=\"https:\/\/www.caminitodelrey.info\/\" target=\"_blank\" rel=\"noopener\">p\u00e1gina del Caminito del Rey<\/a> para m\u00e1s informaci\u00f3n.<\/p>\n<h2>Ruta desde C\u00f3mpeta<\/h2>\n<p>Desde C\u00f3mpeta coge la A-7206, pasando por Sayalonga y Algarrobo y te incorporas en la A-7 direcci\u00f3n M\u00e1laga. Despu\u00e9s la A-357 y la MA-444 por C\u00e1rtama hacia Ardales o por la A-343 hacia \u00c1lora. Tambi\u00e9n puede coger un autob\u00fas desde la terminal en M\u00e1laga, que se dirige a El Chorro.<\/p>\n<p>[\/et_pb_text][et_pb_gallery gallery_ids=\u00bb1032,1121,1030,1135,1132,1128,1124,1117&#8243; posts_number=\u00bb8&#8243; show_title_and_caption=\u00bboff\u00bb show_pagination=\u00bboff\u00bb zoom_icon_color=\u00bb#33D6E8&#8243; _builder_version=\u00bb4.17.1&#8243; _module_preset=\u00bbdefault\u00bb custom_margin=\u00bb3em||||false|false\u00bb border_radii_image=\u00bbon|10px|10px|10px|10px\u00bb box_shadow_style_image=\u00bbpreset3&#8243; global_colors_info=\u00bb{}\u00bb][\/et_pb_gallery][\/et_pb_column][\/et_pb_row][et_pb_row _builder_version=\u00bb4.17.6&#8243; _module_preset=\u00bbdefault\u00bb custom_margin=\u00bb||||false|false\u00bb custom_padding=\u00bb||0px||false|false\u00bb global_colors_info=\u00bb{}\u00bb][et_pb_column type=\u00bb4_4&#8243; _builder_version=\u00bb4.16.0&#8243; _module_preset=\u00bbdefault\u00bb global_colors_info=\u00bb{}\u00bb][et_pb_button button_url=\u00bbhttps:\/\/competa-suites.com\/es\/precios-y-disponibilidad\/#solicitud-de-reserva\u00bb button_text=\u00bbHaz una reserva\u00bb _builder_version=\u00bb4.18.0&#8243; _module_preset=\u00bb902681e6-674d-492b-9085-57793e5d214f\u00bb button_bg_color=\u00bb#E88033&#8243; custom_margin=\u00bb0em||1em||false|false\u00bb global_colors_info=\u00bb{}\u00bb button_bg_color__hover=\u00bb#1499A8&#8243; button_bg_enable_color__hover=\u00bbon\u00bb][\/et_pb_button][\/et_pb_column][\/et_pb_row][\/et_pb_section][et_pb_section fb_built=\u00bb1&#8243; fullwidth=\u00bbon\u00bb _builder_version=\u00bb4.16&#8243; _module_preset=\u00bbdefault\u00bb global_colors_info=\u00bb{}\u00bb][et_pb_fullwidth_code _builder_version=\u00bb4.16&#8243; _module_preset=\u00bbdefault\u00bb background_color=\u00bb#33D6E8&#8243; global_colors_info=\u00bb{}\u00bb]<iframe src=\"https:\/\/www.google.com\/maps\/embed?pb=!1m18!1m12!1m3!1d18064.612186166745!2d-3.985683347452464!3d36.83283665440784!2m3!1f0!2f0!3f0!3m2!1i1024!2i768!4f13.1!3m3!1m2!1s0xd723d8e8a4c8ca3%3A0xf2d54543ce75fe0c!2sLa%20Granada%20Residence!5e0!3m2!1snl!2sfr!4v1648237365170!5m2!1snl!2sfr\" width=\"100%\" height=\"450\" style=\"border:0;\" allowfullscreen=\"\" loading=\"lazy\" referrerpolicy=\"no-referrer-when-downgrade\"><\/iframe>[\/et_pb_fullwidth_code][\/et_pb_section]<\/p>\n","protected":false},"excerpt":{"rendered":"<p>Caminito de ReyEs el caminito m\u00e1s famoso de M\u00e1laga, renovado por el ayuntamiento en 2015 y poco despu\u00e9s fue abierto al p\u00fablico. Es un sendero precioso que pasa por encima del Desfiladero de los Gaitanes del r\u00edo Guadalhorce. El Caminito del Rey surge en 1921 cuando el rey Alfonso XIII utiliza este sendero para llegar [&hellip;]<\/p>\n","protected":false},"author":1,"featured_media":0,"parent":0,"menu_order":0,"comment_status":"closed","ping_status":"closed","template":"","meta":{"_et_pb_use_builder":"on","_et_pb_old_content":"","_et_gb_content_width":"","footnotes":""},"class_list":["post-1384","page","type-page","status-publish","hentry"],"_links":{"self":[{"href":"https:\/\/competa-suites.com\/es\/wp-json\/wp\/v2\/pages\/1384","targetHints":{"allow":["GET"]}}],"collection":[{"href":"https:\/\/competa-suites.com\/es\/wp-json\/wp\/v2\/pages"}],"about":[{"href":"https:\/\/competa-suites.com\/es\/wp-json\/wp\/v2\/types\/page"}],"author":[{"embeddable":true,"href":"https:\/\/competa-suites.com\/es\/wp-json\/wp\/v2\/users\/1"}],"replies":[{"embeddable":true,"href":"https:\/\/competa-suites.com\/es\/wp-json\/wp\/v2\/comments?post=1384"}],"version-history":[{"count":31,"href":"https:\/\/competa-suites.com\/es\/wp-json\/wp\/v2\/pages\/1384\/revisions"}],"predecessor-version":[{"id":2479,"href":"https:\/\/competa-suites.com\/es\/wp-json\/wp\/v2\/pages\/1384\/revisions\/2479"}],"wp:attachment":[{"href":"https:\/\/competa-suites.com\/es\/wp-json\/wp\/v2\/media?parent=1384"}],"curies":[{"name":"wp","href":"https:\/\/api.w.org\/{rel}","templated":true}]}}