{"id":3748,"date":"2022-03-20T20:10:52","date_gmt":"2022-03-20T20:10:52","guid":{"rendered":"https:\/\/competa-suites.com\/?page_id=3748"},"modified":"2025-04-29T17:07:51","modified_gmt":"2025-04-29T17:07:51","slug":"anmeldelser","status":"publish","type":"page","link":"https:\/\/competa-suites.com\/da\/anmeldelser\/","title":{"rendered":"Anmeldelser"},"content":{"rendered":"<p>[et_pb_section fb_built=&#8221;1&#8243; next_background_color=&#8221;#ffffff&#8221; admin_label=&#8221;Our Specialties Section&#8221; _builder_version=&#8221;4.16&#8243; background_color=&#8221;#E88033&#8243; custom_padding=&#8221;3em||0px||false|false&#8221; bottom_divider_style=&#8221;wave2&#8243; global_colors_info=&#8221;{}&#8221;][et_pb_row admin_label=&#8221;Title Area&#8221; _builder_version=&#8221;4.16&#8243; custom_padding=&#8221;||3em||false|false&#8221; global_colors_info=&#8221;{}&#8221;][et_pb_column type=&#8221;4_4&#8243; _builder_version=&#8221;4.16&#8243; custom_padding=&#8221;|||&#8221; global_colors_info=&#8221;{}&#8221; custom_padding__hover=&#8221;|||&#8221;][et_pb_text admin_label=&#8221;Title&#8221; _builder_version=&#8221;4.21.0&#8243; text_font=&#8221;||||||||&#8221; header_font=&#8221;||||||||&#8221; header_text_align=&#8221;center&#8221; header_text_color=&#8221;#52EEFF&#8221; header_font_size=&#8221;48px&#8221; header_line_height=&#8221;1.3em&#8221; header_2_font=&#8221;|600|||||||&#8221; header_2_text_align=&#8221;center&#8221; header_2_text_color=&#8221;#52EEFF&#8221; header_2_font_size=&#8221;48px&#8221; header_2_line_height=&#8221;1.3em&#8221; custom_margin=&#8221;||20px|&#8221; animation_style=&#8221;slide&#8221; animation_direction=&#8221;top&#8221; animation_intensity_slide=&#8221;30%&#8221; animation_starting_opacity=&#8221;100%&#8221; header_font_size_tablet=&#8221;48px&#8221; header_font_size_phone=&#8221;36px&#8221; header_font_size_last_edited=&#8221;on|phone&#8221; global_colors_info=&#8221;{}&#8221;]<\/p>\n<h1>Anmeldelser<\/h1>\n<p>[\/et_pb_text][et_pb_divider color=&#8221;#E88033&#8243; divider_weight=&#8221;3px&#8221; _builder_version=&#8221;4.16&#8243; max_width=&#8221;60px&#8221; module_alignment=&#8221;center&#8221; custom_margin=&#8221;||10px|&#8221; animation_style=&#8221;slide&#8221; animation_direction=&#8221;top&#8221; animation_intensity_slide=&#8221;30%&#8221; animation_starting_opacity=&#8221;100%&#8221; global_colors_info=&#8221;{}&#8221;][\/et_pb_divider][\/et_pb_column][\/et_pb_row][\/et_pb_section][et_pb_section fb_built=&#8221;1&#8243; custom_padding_last_edited=&#8221;on|phone&#8221; admin_label=&#8221;Our Specialties Section&#8221; _builder_version=&#8221;4.27.4&#8243; custom_padding=&#8221;3em||0px||false|false&#8221; custom_padding_tablet=&#8221;3em||0px||false|false&#8221; custom_padding_phone=&#8221;1em||0px||false|false&#8221; hover_enabled=&#8221;0&#8243; global_colors_info=&#8221;{}&#8221; sticky_enabled=&#8221;0&#8243;][et_pb_row admin_label=&#8221;Title Area&#8221; _builder_version=&#8221;4.16&#8243; custom_padding=&#8221;0px||0px||true|false&#8221; global_colors_info=&#8221;{}&#8221;][et_pb_column type=&#8221;4_4&#8243; _builder_version=&#8221;4.16&#8243; custom_padding=&#8221;|||&#8221; global_colors_info=&#8221;{}&#8221; custom_padding__hover=&#8221;|||&#8221;][et_pb_text admin_label=&#8221;Subtitle&#8221; _builder_version=&#8221;4.27.4&#8243; text_font=&#8221;||||||||&#8221; text_font_size=&#8221;16px&#8221; text_orientation=&#8221;center&#8221; max_width=&#8221;700px&#8221; module_alignment=&#8221;center&#8221; animation_style=&#8221;slide&#8221; animation_direction=&#8221;top&#8221; animation_intensity_slide=&#8221;20%&#8221; animation_starting_opacity=&#8221;100%&#8221; hover_enabled=&#8221;0&#8243; global_colors_info=&#8221;{}&#8221; sticky_enabled=&#8221;0&#8243;]<\/p>\n<p><span>Se her hvad vores g\u00e6ster har sagt om deres ophold i C\u00f3mpeta Suites<\/span><\/p>\n<p>[\/et_pb_text][\/et_pb_column][\/et_pb_row][\/et_pb_section][et_pb_section fb_built=&#8221;1&#8243; _builder_version=&#8221;4.16&#8243; _module_preset=&#8221;default&#8221; custom_padding=&#8221;0px||3em||false|false&#8221; global_colors_info=&#8221;{}&#8221;][et_pb_row _builder_version=&#8221;4.16&#8243; _module_preset=&#8221;default&#8221; custom_padding=&#8221;1em||0px||false|false&#8221; global_colors_info=&#8221;{}&#8221;][et_pb_column type=&#8221;4_4&#8243; _builder_version=&#8221;4.16&#8243; _module_preset=&#8221;default&#8221; global_colors_info=&#8221;{}&#8221;][et_pb_code _builder_version=&#8221;4.27.4&#8243; _module_preset=&#8221;default&#8221; global_colors_info=&#8221;{}&#8221;]<div class=\"strong-view strong-view-id-27 default wpmtst-default\" data-count=\"3\" data-state=\"idle\"><div class=\"strong-content strong-masonry columns-2\"><div class=\"wpmtst-testimonial testimonial post-3547\"><div class=\"wpmtst-testimonial-inner testimonial-inner\"><h3 class=\"wpmtst-testimonial-heading testimonial-heading\">Hyggeligt og afslappende<\/h3><div    class=\"wpmtst-testimonial-content testimonial-content\"><div class=\"maybe-clear\"><\/div><p>Vi boede i Tokyo-lejligheden, som var helt perfekt udstyret, ren, rummelig og fra tagterrassen var der en enest\u00e5ende udsigt. Vi tog p\u00e5 nogle smukke vandreture direkte fra lejligheden, p\u00e5 en cykeltur med almindelige cykler p\u00e5 den asfalterede landevej, og p\u00e5 en mountainbike-tur til \u201dDen Fortabte Landsby\u201d Acebuchal. Efter anstrengelserne var der altid l\u00e6kker mad at finde p\u00e5 en af de hyggelige restauranter i C\u00f3mpeta. Det var ogs\u00e5 muligt at finde god morgenmad p\u00e5 landsbyens centrale plads, men vi kunne ogs\u00e5 fint lave det selv i lejligheden. Hos C\u00f3mpeta Suites f\u00e5r man altid gode r\u00e5d og vejledning om f.eks. vandreruterne og hvor de starter. C\u00f3mpeta er en smuk, autentisk \u201chvid\u201d landsby som Andalusien jo er kendt for, og den er det helt ideelle udgangspunkt for vandre -og cykelture. Vi ankom med bus fra Malaga lufthavn, og vi synes ikke det var n\u00f8dvendigt at leje en bil, da vi blev i C\u00f3mpeta under hele vores ophold. Vi kan varmt anbefale C\u00f3mpeta Suites.<\/p><\/div><div class=\"wpmtst-testimonial-field testimonial-field testimonial-name\">Jeroen &amp; Monique<\/div><div class=\"clear\"><\/div><\/div><\/div><div class=\"wpmtst-testimonial testimonial post-3546\"><div class=\"wpmtst-testimonial-inner testimonial-inner\"><h3 class=\"wpmtst-testimonial-heading testimonial-heading\">Ser allerede frem til min n\u00e6ste vandreferie og ophold hos C\u00f3mpeta Suites<\/h3><div    class=\"wpmtst-testimonial-content testimonial-content\"><div class=\"maybe-clear\"><\/div><p>Jeg gl\u00e6der mig allerede til at komme tilbage til C\u00f3mpeta Suites igen. Jeg boede i en virkeligt hyggelig studio-lejlighed med god beliggenhed t\u00e6t p\u00e5 alting i C\u00f3mpeta. Det var s\u00e5 afslappende at v\u00e5gne op til lyden af kirkeklokker og senere h\u00f8re b\u00f8rnenes latter, n\u00e5r de var p\u00e5 vej til skole gennem landsbyens gader. K\u00f8kkenet er meget veludstyret og sengen er helt utroligt behagelig. If\u00f8lge mine erfaringer er det sj\u00e6ldent, n\u00e5r man rejser rundt i Spanien, at finde en seng som ikke er h\u00e5rd som sten og med en rigtig dyne med l\u00e6kkert senget\u00f8j, som ikke lugter af alt for st\u00e6rkt parfumeret vaskepulver. Hos C\u00f3mpeta Suites kunne man m\u00e6rke, at der bliver taget h\u00e5nd om disse ting, og til de lidt koldere efter\u00e5rsn\u00e6tter var det sk\u00f8nt med en rigtig dyne af god kvalitet.<\/p><\/div><div class=\"wpmtst-testimonial-field testimonial-field testimonial-name\">Karin Hoffmann<\/div><div class=\"clear\"><\/div><\/div><\/div><div class=\"wpmtst-testimonial testimonial post-3544\"><div class=\"wpmtst-testimonial-inner testimonial-inner\"><h3 class=\"wpmtst-testimonial-heading testimonial-heading\">God v\u00e6rdi for pengene og central beliggenhed<\/h3><div    class=\"wpmtst-testimonial-content testimonial-content\"><div class=\"maybe-clear\"><\/div><p align=\"justify\"><span style=\"font-size: medium;\"><span lang=\"da-DK\">Hos C\u00f3mpeta Suites f\u00e5r man meget for pengene. Vi boede i den st\u00f8rste lejlighed, som er stilfuldt indrettet, og har alt hvad du beh\u00f8ver. Den fantastiske tagterrasse har udsigt over hele landsbyen og ogs\u00e5 over Middelhavet. Bygningen er t\u00e6t p\u00e5 alting i C\u00f3mpeta, kun f\u00e5 minutter til fods fra landsbyens plads, hvor der er liv og restauranter. Parkering er ogs\u00e5 til r\u00e5dighed t\u00e6t p\u00e5. Stedet er helt perfekt som base for os som kommer igen for at vandre, is\u00e6r om for\u00e5ret og om efter\u00e5ret, og der er vandreruter til ethvert niveau. Ejerne af C\u00f3mpeta Suites er meget hj\u00e6lpsomme og hurtige til at svare. <\/span><\/span><\/p><\/div><div class=\"wpmtst-testimonial-field testimonial-field testimonial-name\">Christine<\/div><div class=\"clear\"><\/div><\/div><\/div><\/div><\/div>[\/et_pb_code][\/et_pb_column][\/et_pb_row][\/et_pb_section]<\/p>\n","protected":false},"excerpt":{"rendered":"<p>AnmeldelserSe her hvad vores g\u00e6ster har sagt om deres ophold i C\u00f3mpeta Suites<div class=\"strong-view strong-view-id-27 default wpmtst-default\" data-count=\"3\" data-state=\"idle\"><div class=\"strong-content strong-masonry columns-2\"><div class=\"wpmtst-testimonial testimonial post-3547\"><div class=\"wpmtst-testimonial-inner testimonial-inner\"><h3 class=\"wpmtst-testimonial-heading testimonial-heading\">Hyggeligt og afslappende<\/h3><div    class=\"wpmtst-testimonial-content testimonial-content\"><div class=\"maybe-clear\"><\/div><p>Vi boede i Tokyo-lejligheden, som var helt perfekt udstyret, ren, rummelig og fra tagterrassen var der en enest\u00e5ende udsigt. Vi tog p\u00e5 nogle smukke vandreture direkte fra lejligheden, p\u00e5 en cykeltur med almindelige cykler p\u00e5 den asfalterede landevej, og p\u00e5 en mountainbike-tur til \u201dDen Fortabte Landsby\u201d Acebuchal. Efter anstrengelserne var der altid l\u00e6kker mad at finde p\u00e5 en af de hyggelige restauranter i C\u00f3mpeta. Det var ogs\u00e5 muligt at finde god morgenmad p\u00e5 landsbyens centrale plads, men vi kunne ogs\u00e5 fint lave det selv i lejligheden. Hos C\u00f3mpeta Suites f\u00e5r man altid gode r\u00e5d og vejledning om f.eks. vandreruterne og hvor de starter. C\u00f3mpeta er en smuk, autentisk \u201chvid\u201d landsby som Andalusien jo er kendt for, og den er det helt ideelle udgangspunkt for vandre -og cykelture. Vi ankom med bus fra Malaga lufthavn, og vi synes ikke det var n\u00f8dvendigt at leje en bil, da vi blev i C\u00f3mpeta under hele vores ophold. Vi kan varmt anbefale C\u00f3mpeta Suites.<\/p><\/div><div class=\"wpmtst-testimonial-field testimonial-field testimonial-name\">Jeroen &amp; Monique<\/div><div class=\"clear\"><\/div><\/div><\/div><div class=\"wpmtst-testimonial testimonial post-3546\"><div class=\"wpmtst-testimonial-inner testimonial-inner\"><h3 class=\"wpmtst-testimonial-heading testimonial-heading\">Ser allerede frem til min n\u00e6ste vandreferie og ophold hos C\u00f3mpeta Suites<\/h3><div    class=\"wpmtst-testimonial-content testimonial-content\"><div class=\"maybe-clear\"><\/div><p>Jeg gl\u00e6der mig allerede til at komme tilbage til C\u00f3mpeta Suites igen. Jeg boede i en virkeligt hyggelig studio-lejlighed med god beliggenhed t\u00e6t p\u00e5 alting i C\u00f3mpeta. Det var s\u00e5 afslappende at v\u00e5gne op til lyden af kirkeklokker og senere h\u00f8re b\u00f8rnenes latter, n\u00e5r de var p\u00e5 vej til skole gennem landsbyens gader. K\u00f8kkenet er meget veludstyret og sengen er helt utroligt behagelig. If\u00f8lge mine erfaringer er det sj\u00e6ldent, n\u00e5r man rejser rundt i Spanien, at finde en seng som ikke er h\u00e5rd som sten og med en rigtig dyne med l\u00e6kkert senget\u00f8j, som ikke lugter af alt for st\u00e6rkt parfumeret vaskepulver. Hos C\u00f3mpeta Suites kunne man m\u00e6rke, at der bliver taget h\u00e5nd om disse ting, og til de lidt koldere efter\u00e5rsn\u00e6tter var det sk\u00f8nt med en rigtig dyne af god kvalitet.<\/p><\/div><div class=\"wpmtst-testimonial-field testimonial-field testimonial-name\">Karin Hoffmann<\/div><div class=\"clear\"><\/div><\/div><\/div><div class=\"wpmtst-testimonial testimonial post-3544\"><div class=\"wpmtst-testimonial-inner testimonial-inner\"><h3 class=\"wpmtst-testimonial-heading testimonial-heading\">God v\u00e6rdi for pengene og central beliggenhed<\/h3><div    class=\"wpmtst-testimonial-content testimonial-content\"><div class=\"maybe-clear\"><\/div><p align=\"justify\"><span style=\"font-size: medium;\"><span lang=\"da-DK\">Hos C\u00f3mpeta Suites f\u00e5r man meget for pengene. Vi boede i den st\u00f8rste lejlighed, som er stilfuldt indrettet, og har alt hvad du beh\u00f8ver. Den fantastiske tagterrasse har udsigt over hele landsbyen og ogs\u00e5 over Middelhavet. Bygningen er t\u00e6t p\u00e5 alting i C\u00f3mpeta, kun f\u00e5 minutter til fods fra landsbyens plads, hvor der er liv og restauranter. Parkering er ogs\u00e5 til r\u00e5dighed t\u00e6t p\u00e5. Stedet er helt perfekt som base for os som kommer igen for at vandre, is\u00e6r om for\u00e5ret og om efter\u00e5ret, og der er vandreruter til ethvert niveau. Ejerne af C\u00f3mpeta Suites er meget hj\u00e6lpsomme og hurtige til at svare. <\/span><\/span><\/p><\/div><div class=\"wpmtst-testimonial-field testimonial-field testimonial-name\">Christine<\/div><div class=\"clear\"><\/div><\/div><\/div><\/div><\/div><\/p>\n","protected":false},"author":1,"featured_media":0,"parent":0,"menu_order":0,"comment_status":"closed","ping_status":"closed","template":"","meta":{"_et_pb_use_builder":"on","_et_pb_old_content":"","_et_gb_content_width":"","footnotes":""},"class_list":["post-3748","page","type-page","status-publish","hentry"],"_links":{"self":[{"href":"https:\/\/competa-suites.com\/da\/wp-json\/wp\/v2\/pages\/3748","targetHints":{"allow":["GET"]}}],"collection":[{"href":"https:\/\/competa-suites.com\/da\/wp-json\/wp\/v2\/pages"}],"about":[{"href":"https:\/\/competa-suites.com\/da\/wp-json\/wp\/v2\/types\/page"}],"author":[{"embeddable":true,"href":"https:\/\/competa-suites.com\/da\/wp-json\/wp\/v2\/users\/1"}],"replies":[{"embeddable":true,"href":"https:\/\/competa-suites.com\/da\/wp-json\/wp\/v2\/comments?post=3748"}],"version-history":[{"count":5,"href":"https:\/\/competa-suites.com\/da\/wp-json\/wp\/v2\/pages\/3748\/revisions"}],"predecessor-version":[{"id":3760,"href":"https:\/\/competa-suites.com\/da\/wp-json\/wp\/v2\/pages\/3748\/revisions\/3760"}],"wp:attachment":[{"href":"https:\/\/competa-suites.com\/da\/wp-json\/wp\/v2\/media?parent=3748"}],"curies":[{"name":"wp","href":"https:\/\/api.w.org\/{rel}","templated":true}]}}