{"id":3569,"date":"2022-03-25T20:19:58","date_gmt":"2022-03-25T20:19:58","guid":{"rendered":"https:\/\/competa-suites.com\/?page_id=3569"},"modified":"2025-04-20T19:39:14","modified_gmt":"2025-04-20T19:39:14","slug":"om-os","status":"publish","type":"page","link":"https:\/\/competa-suites.com\/da\/om-os\/","title":{"rendered":"Om Os"},"content":{"rendered":"<p>[et_pb_section fb_built=&#8221;1&#8243; next_background_color=&#8221;#ffffff&#8221; admin_label=&#8221;Our Specialties Section&#8221; _builder_version=&#8221;4.16&#8243; background_color=&#8221;#33D6E8&#8243; custom_padding=&#8221;3em||0px||false|false&#8221; bottom_divider_style=&#8221;wave2&#8243; global_colors_info=&#8221;{}&#8221;][et_pb_row admin_label=&#8221;Title Area&#8221; _builder_version=&#8221;4.16&#8243; custom_padding=&#8221;||3em||false|false&#8221; global_colors_info=&#8221;{}&#8221;][et_pb_column type=&#8221;4_4&#8243; _builder_version=&#8221;4.16&#8243; custom_padding=&#8221;|||&#8221; global_colors_info=&#8221;{}&#8221; custom_padding__hover=&#8221;|||&#8221;][et_pb_text admin_label=&#8221;Title&#8221; _builder_version=&#8221;4.27.2&#8243; text_font=&#8221;||||||||&#8221; header_font=&#8221;||||||||&#8221; header_text_align=&#8221;center&#8221; header_text_color=&#8221;#E88033&#8243; header_font_size=&#8221;48px&#8221; header_line_height=&#8221;1.3em&#8221; header_2_font=&#8221;|600|||||||&#8221; header_2_text_align=&#8221;center&#8221; header_2_text_color=&#8221;#E88033&#8243; header_2_font_size=&#8221;48px&#8221; header_2_line_height=&#8221;1.3em&#8221; custom_margin=&#8221;||20px|&#8221; animation_style=&#8221;slide&#8221; animation_direction=&#8221;top&#8221; animation_intensity_slide=&#8221;30%&#8221; animation_starting_opacity=&#8221;100%&#8221; header_font_size_tablet=&#8221;48px&#8221; header_font_size_phone=&#8221;36px&#8221; header_font_size_last_edited=&#8221;on|phone&#8221; global_colors_info=&#8221;{}&#8221;]<\/p>\n<h1>Om Os<\/h1>\n<p>[\/et_pb_text][et_pb_divider color=&#8221;#9C4403&#8243; divider_weight=&#8221;3px&#8221; _builder_version=&#8221;4.16&#8243; max_width=&#8221;60px&#8221; module_alignment=&#8221;center&#8221; custom_margin=&#8221;||10px|&#8221; animation_style=&#8221;slide&#8221; animation_direction=&#8221;top&#8221; animation_intensity_slide=&#8221;30%&#8221; animation_starting_opacity=&#8221;100%&#8221; global_colors_info=&#8221;{}&#8221;][\/et_pb_divider][\/et_pb_column][\/et_pb_row][\/et_pb_section][et_pb_section fb_built=&#8221;1&#8243; _builder_version=&#8221;4.16&#8243; _module_preset=&#8221;default&#8221; custom_margin=&#8221;1em||||false|false&#8221; custom_padding=&#8221;0px||2em||false|false&#8221; global_colors_info=&#8221;{}&#8221;][et_pb_row column_structure=&#8221;3_5,2_5&#8243; use_custom_gutter=&#8221;on&#8221; gutter_width=&#8221;2&#8243; _builder_version=&#8221;4.16&#8243; _module_preset=&#8221;default&#8221; custom_padding=&#8221;0px||0px||false|false&#8221; global_colors_info=&#8221;{}&#8221;][et_pb_column type=&#8221;3_5&#8243; _builder_version=&#8221;4.16&#8243; _module_preset=&#8221;default&#8221; global_colors_info=&#8221;{}&#8221;][et_pb_text _builder_version=&#8221;4.27.4&#8243; _module_preset=&#8221;default&#8221; link_text_color=&#8221;#E88033&#8243; header_2_font=&#8221;|600|||||||&#8221; header_2_font_size=&#8221;28px&#8221; header_3_font=&#8221;|600|||||||&#8221; header_3_text_color=&#8221;#1499A8&#8243; header_3_font_size=&#8221;23px&#8221; global_colors_info=&#8221;{}&#8221; link_text_color__hover_enabled=&#8221;on|hover&#8221; link_text_color__hover=&#8221;#33D6E8&#8243;]<\/p>\n<p>I Januar 2020 ankom vi til C\u00f3mpeta for f\u00f8rste gang. Vi var oprindeligt ude efter at finde et hus i Torrox ud til kysten, men ejendomsm\u00e6gleren viste os i stedet et hus oppe i bjergene. Efter kun halvanden time f\u00f8lte vi os overbeviste om, at vi ville bo i C\u00f3mpeta. Vi f\u00f8lte os hjemme med det samme, og blev vilde med klimaet, bjergene, menneskene, udsigten over havet og den m\u00e5de man lever p\u00e5 her.<\/p>\n<p>Efter at have tilbragt mange \u00e5r i Gr\u00f8nland, hvor Jan drev en forretning og Ann arbejdede indenfor sundhedsv\u00e6senet, samtidigt med at vi havde 4 b\u00f8rn, besluttede vi i 2023 at flytte til Spanien. Her kunne vi v\u00e6re t\u00e6ttere p\u00e5 vores \u00e6ldre for\u00e6ldre og vores studerende b\u00f8rn, samt nyde et bedre klima og kortere arbejdsdage.<\/p>\n<p>I 2024 k\u00f8bte vi C\u00f3mpeta Suites af holl\u00e6nderen Albert, som gik p\u00e5 pension. Han havde lagt mange kr\u00e6fter i at drive stedet med k\u00e6rlighed og energi. Vi ville gerne forts\u00e6tte med at leje lejlighederne ud i hans \u00e5nd, og det er en forn\u00f8jelse for os at kunne.<\/p>\n<p>Vi h\u00e5ber p\u00e5 at kunne tage imod dig i C\u00f3mpeta, n\u00e5r du kommer p\u00e5 vandre- eller cykel ferie eller m\u00e5ske bare for at slappe af for foden af naturparken \u201dSierras Tejeda, Almijara y Alhama\u201d.<\/p>\n<p>&nbsp;<\/p>\n<h3>Ann Birkekaer and Jan R Petersen<\/h3>\n<p>[\/et_pb_text][\/et_pb_column][et_pb_column type=&#8221;2_5&#8243; _builder_version=&#8221;4.16&#8243; _module_preset=&#8221;default&#8221; global_colors_info=&#8221;{}&#8221;][et_pb_image src=&#8221;https:\/\/competa-suites.com\/wp-content\/uploads\/2024\/10\/Ann-Birkekaer-Jan-R-Petersen-competa-suites.jpg&#8221; alt=&#8221;Ann Birkek\u00e6r &#038; Jan R. Petersen&#8221; title_text=&#8221;Ann Birkek\u00e6r &#038; Jan R. Petersen&#8221; show_in_lightbox=&#8221;on&#8221; _builder_version=&#8221;4.27.2&#8243; _module_preset=&#8221;469b733a-48aa-416b-83c7-f49583e8d07e&#8221; global_colors_info=&#8221;{}&#8221;][\/et_pb_image][\/et_pb_column][\/et_pb_row][\/et_pb_section]<\/p>\n","protected":false},"excerpt":{"rendered":"<p>Om OsI Januar 2020 ankom vi til C\u00f3mpeta for f\u00f8rste gang. Vi var oprindeligt ude efter at finde et hus i Torrox ud til kysten, men ejendomsm\u00e6gleren viste os i stedet et hus oppe i bjergene. Efter kun halvanden time f\u00f8lte vi os overbeviste om, at vi ville bo i C\u00f3mpeta. Vi f\u00f8lte os hjemme [&hellip;]<\/p>\n","protected":false},"author":1,"featured_media":0,"parent":0,"menu_order":0,"comment_status":"closed","ping_status":"closed","template":"","meta":{"_et_pb_use_builder":"on","_et_pb_old_content":"","_et_gb_content_width":"","footnotes":""},"class_list":["post-3569","page","type-page","status-publish","hentry"],"_links":{"self":[{"href":"https:\/\/competa-suites.com\/da\/wp-json\/wp\/v2\/pages\/3569","targetHints":{"allow":["GET"]}}],"collection":[{"href":"https:\/\/competa-suites.com\/da\/wp-json\/wp\/v2\/pages"}],"about":[{"href":"https:\/\/competa-suites.com\/da\/wp-json\/wp\/v2\/types\/page"}],"author":[{"embeddable":true,"href":"https:\/\/competa-suites.com\/da\/wp-json\/wp\/v2\/users\/1"}],"replies":[{"embeddable":true,"href":"https:\/\/competa-suites.com\/da\/wp-json\/wp\/v2\/comments?post=3569"}],"version-history":[{"count":5,"href":"https:\/\/competa-suites.com\/da\/wp-json\/wp\/v2\/pages\/3569\/revisions"}],"predecessor-version":[{"id":3704,"href":"https:\/\/competa-suites.com\/da\/wp-json\/wp\/v2\/pages\/3569\/revisions\/3704"}],"wp:attachment":[{"href":"https:\/\/competa-suites.com\/da\/wp-json\/wp\/v2\/media?parent=3569"}],"curies":[{"name":"wp","href":"https:\/\/api.w.org\/{rel}","templated":true}]}}