{"id":3563,"date":"2022-03-26T17:10:02","date_gmt":"2022-03-26T17:10:02","guid":{"rendered":"https:\/\/competa-suites.com\/?page_id=3563"},"modified":"2025-05-02T12:13:04","modified_gmt":"2025-05-02T12:13:04","slug":"competas-omgivelser","status":"publish","type":"page","link":"https:\/\/competa-suites.com\/da\/competas-omgivelser\/","title":{"rendered":"C\u00f3mpetas omgivelser"},"content":{"rendered":"<p>[et_pb_section fb_built=&#8221;1&#8243; next_background_color=&#8221;#ffffff&#8221; admin_label=&#8221;Our Specialties Section&#8221; _builder_version=&#8221;4.16&#8243; background_color=&#8221;#52EEFF&#8221; custom_padding=&#8221;3em||0px||false|false&#8221; bottom_divider_style=&#8221;wave2&#8243; global_colors_info=&#8221;{}&#8221;][et_pb_row admin_label=&#8221;Title Area&#8221; _builder_version=&#8221;4.16&#8243; custom_padding=&#8221;||3em||false|false&#8221; global_colors_info=&#8221;{}&#8221;][et_pb_column type=&#8221;4_4&#8243; _builder_version=&#8221;4.16&#8243; custom_padding=&#8221;|||&#8221; global_colors_info=&#8221;{}&#8221; custom_padding__hover=&#8221;|||&#8221;][et_pb_text admin_label=&#8221;Title&#8221; _builder_version=&#8221;4.21.0&#8243; text_font=&#8221;||||||||&#8221; header_font=&#8221;||||||||&#8221; header_text_align=&#8221;center&#8221; header_font_size=&#8221;48px&#8221; header_line_height=&#8221;1.3em&#8221; header_2_font=&#8221;Merienda One|700|||||||&#8221; header_2_text_align=&#8221;center&#8221; header_2_text_color=&#8221;#E88033&#8243; header_2_font_size=&#8221;48px&#8221; header_2_line_height=&#8221;1.3em&#8221; custom_margin=&#8221;||20px|&#8221; animation_style=&#8221;slide&#8221; animation_direction=&#8221;top&#8221; animation_intensity_slide=&#8221;30%&#8221; animation_starting_opacity=&#8221;100%&#8221; header_font_size_tablet=&#8221;48px&#8221; header_font_size_phone=&#8221;36px&#8221; header_font_size_last_edited=&#8221;on|phone&#8221; global_colors_info=&#8221;{}&#8221;]<\/p>\n<h1>C\u00f3mpetas omgivelser<\/h1>\n<p>[\/et_pb_text][et_pb_divider color=&#8221;#1499A8&#8243; divider_weight=&#8221;3px&#8221; _builder_version=&#8221;4.16&#8243; max_width=&#8221;60px&#8221; module_alignment=&#8221;center&#8221; custom_margin=&#8221;||10px|&#8221; animation_style=&#8221;slide&#8221; animation_direction=&#8221;top&#8221; animation_intensity_slide=&#8221;30%&#8221; animation_starting_opacity=&#8221;100%&#8221; global_colors_info=&#8221;{}&#8221;][\/et_pb_divider][\/et_pb_column][\/et_pb_row][\/et_pb_section][et_pb_section fb_built=&#8221;1&#8243; _builder_version=&#8221;4.16&#8243; _module_preset=&#8221;default&#8221; custom_padding=&#8221;0px||3em||false|false&#8221; global_colors_info=&#8221;{}&#8221;][et_pb_row _builder_version=&#8221;4.16&#8243; _module_preset=&#8221;default&#8221; custom_padding=&#8221;3em||0px||false|false&#8221; global_colors_info=&#8221;{}&#8221;][et_pb_column type=&#8221;4_4&#8243; _builder_version=&#8221;4.16&#8243; _module_preset=&#8221;default&#8221; global_colors_info=&#8221;{}&#8221;][et_pb_text admin_label=&#8221;Title&#8221; _builder_version=&#8221;4.27.4&#8243; text_font=&#8221;||||||||&#8221; header_font=&#8221;||||||||&#8221; header_2_font=&#8221;||||||||&#8221; header_2_text_align=&#8221;left&#8221; header_2_font_size=&#8221;34px&#8221; header_2_line_height=&#8221;1.3em&#8221; custom_margin=&#8221;||20px|&#8221; animation_style=&#8221;slide&#8221; animation_direction=&#8221;top&#8221; animation_intensity_slide=&#8221;30%&#8221; animation_starting_opacity=&#8221;100%&#8221; global_colors_info=&#8221;{}&#8221;]<\/p>\n<p>C\u00f3mpeta ligger i den gr\u00f8nne Axarquia region lige \u00f8st for M\u00e1laga. Regionen er is\u00e6r kendt for sin Moscatel-vin, og for sine l\u00e6kre avocadoer og mango. Der er masser af vandrestier i omr\u00e5det og C\u00f3mpeta ligger for foden af den andalusiske naturpark kaldet \u201dSierras Tejeda, Almijara y Alhama\u201d. Det er paradis for dig, som er interesseret i bjergvandring og mountainbike. Der er aftegnede ruter, hvor du kommer igennem flere forskellige af de smukke, hvide bjerglandsbyer og der er et netv\u00e6rk for cyklister p\u00e5 mellem 45 og 130 km. gennem bjergene samt langs Middelhavet. I januar er bakkerne fulde af appelsin-og mandeltr\u00e6er, og man har udsigt over sneen p\u00e5 Sierra Nevada i det fjerne.<\/p>\n<p>Under dit ophold vil du ogs\u00e5 have mulighed for at bes\u00f8ge f.eks. Granada, Sevilla, C\u00f3rdoba og selvf\u00f8lgelig Malaga, og vi hj\u00e6lper dig gerne med gode r\u00e5d herom. Det er ogs\u00e5 muligt at vandre eller cykle til <a href=\"https:\/\/ladanesa.com\/4628-acebuchal-den-forladte-landsby-ved-frigiliana\/\" target=\"_blank\" rel=\"noopener\">\u201dDen Fortabte Landsby\u201d El Acebuchal<\/a>, som har en sp\u00e6ndende historie i forhold til den spanske borgerkrig.<\/p>\n<p>Det er muligt at komme til C\u00f3mpeta med offentlig transport fra lufthavnen, men vi kommer ogs\u00e5 gerne selv og henter Jer! Se ogs\u00e5 her p\u00e5 siden vores rabataftale p\u00e5 biludlejning med Helle Hollis.<\/p>\n<p>[\/et_pb_text][et_pb_gallery gallery_ids=&#8221;1009,949,937,1007&#8243; show_title_and_caption=&#8221;off&#8221; show_pagination=&#8221;off&#8221; zoom_icon_color=&#8221;#33D6E8&#8243; _builder_version=&#8221;4.19.4&#8243; _module_preset=&#8221;default&#8221; custom_margin=&#8221;1em||0em||false|false&#8221; border_radii_image=&#8221;on|10px|10px|10px|10px&#8221; box_shadow_style_image=&#8221;preset3&#8243; global_colors_info=&#8221;{}&#8221;][\/et_pb_gallery][\/et_pb_column][\/et_pb_row][\/et_pb_section][et_pb_section fb_built=&#8221;1&#8243; prev_background_color=&#8221;#ffffff&#8221; next_background_color=&#8221;#ffffff&#8221; _builder_version=&#8221;4.17.2&#8243; _module_preset=&#8221;default&#8221; background_color=&#8221;#33D6E8&#8243; custom_padding=&#8221;||6em||false|false&#8221; top_divider_style=&#8221;wave2&#8243; bottom_divider_style=&#8221;wave2&#8243; global_colors_info=&#8221;{}&#8221;][et_pb_row _builder_version=&#8221;4.17.2&#8243; _module_preset=&#8221;default&#8221; custom_padding=&#8221;5em||0px||false|false&#8221; global_colors_info=&#8221;{}&#8221;][et_pb_column type=&#8221;4_4&#8243; _builder_version=&#8221;4.16&#8243; _module_preset=&#8221;default&#8221; global_colors_info=&#8221;{}&#8221;][et_pb_text _builder_version=&#8221;4.27.4&#8243; _module_preset=&#8221;default&#8221; text_text_color=&#8221;#421C01&#8243; link_text_color=&#8221;#E88033&#8243; header_3_text_color=&#8221;#E88033&#8243; header_3_font_size=&#8221;21px&#8221; global_colors_info=&#8221;{}&#8221; link_text_color__hover_enabled=&#8221;on|hover&#8221; link_text_color__hover=&#8221;#9C4403&#8243;]<\/p>\n<h3>Vandring og cykling i Andalusien<\/h3>\n<p>Den hvide landsby C\u00f3mpeta, som er beliggende 640 meter over havoverfladen, er et helt ideelt sted at tage udgangspunkt, n\u00e5r man kommer til Andalusien for at vandre. C\u00f3mpeta ligger for foden af den andalusiske naturpark kaldet \u201dSierras Tejeda, Almijara y Alhama\u201d med h\u00f8jeste punkt p\u00e5 2,063 meter, hvorfra der er en helt utrolig udsigt over bl.a. Middelhavets kystlinie.<\/p>\n<h3>Varieret landskab<\/h3>\n<p>Landskabet best\u00e5r af bjerg -og skovomr\u00e5der med mange kilometer af stier, som tidligere blev anvendt af de lokale b\u00f8nder med deres \u00e6sler mellem de forskellige frugtplantager. Axarqu\u00eda- regionen har meget at byde p\u00e5: Bakker d\u00e6kket af fyrretr\u00e6er, bjerge, dale, kl\u00f8fter og sm\u00e5 vandl\u00f8b. Men ogs\u00e5 \u00e5bent land med sm\u00e5 g\u00e5rde og frugtplantager hvor oliventr\u00e6er, mandeltr\u00e6er samt andre tropiske frugter som f.eks. avocado og mango gror.<\/p>\n<h3>Vandrestier<\/h3>\n<p>De fleste vandrestier er klart afm\u00e6rkede, og der findes kort fra landsbyens turistkontor, som du kan g\u00e5 ud fra. Du g\u00e5r langs udt\u00f8rrede vandl\u00f8b og eroderede kalkstensklipper, mens du kigger ud mod h\u00f8je bjergtinder. Du vil nyde den betagende udsigt; i klart vejr kan du endda se Rif bjergk\u00e6den i Nordafrika til den ene side samt Sierra Nevada til den anden side. Vi er gerne behj\u00e6lpelige med r\u00e5d og vejledning til vandreruterne og med at finde detaljerede kort over de forskellige ruter. Du er ogs\u00e5 velkommen til at sp\u00f8rge os, om vi kan s\u00e6tte dig af eller afhente dig ved starten\/slutningen p\u00e5 de vandreruter, der ligger lidt l\u00e6ngere v\u00e6k. Du beh\u00f8ver helt bestemt ikke at have en guide med, n\u00e5r du benytter dig af vores samt turistkontorets hj\u00e6lp.<\/p>\n<h3>Cykelruter<\/h3>\n<p>Vi har mange turister, der kommer p\u00e5 mountainbike. Vejret om for\u00e5ret eller om efter\u00e5ret er ideelt til dette. Og ikke kun p\u00e5 mountainbike \u2013 du kan ogs\u00e5 cykle p\u00e5 landevejene, hvor der ikke er ret meget trafik, enten langs kysten eller i bjergene. Der er noget for enhver smag. Du kan starte din rute direkte fra vores lejligheder. Der er flere muligheder for leje af cykler, se f.eks. https:\/\/www.competabyebike.com\/<br \/>Der findes flere detaljerede sider, hvor man kan downloade gode GPS-ruter til cyklister i bjergene omkring os, se f.eks: <br \/><a href=\"https:\/\/www.wikiloc.com\/wikiloc\/map.do?sw=36.82563959056963%2C-3.9745570373506167&amp;ne=36.83106580943517%2C-3.967777862649383&amp;place=Competa%20&amp;page=1\" target=\"_blank\" rel=\"noopener\">Wikiloc<\/a>\u00a0<br \/><a href=\"https:\/\/www.bikemap.net\/en\/u\/albertodos1946\/routes\/created\/\" target=\"_blank\" rel=\"noopener\">Bikemap<\/a>\u00a0<br \/><a href=\"https:\/\/www.alltrails.com\/spain\/malaga\/competa\" target=\"_blank\" rel=\"noopener\">Alltrails<\/a><\/p>\n<p>I vores bygning er du ogs\u00e5 velkommen til at opbevare cyklen i k\u00e6lderen, mens du ikke bruger den.<\/p>\n<p>[\/et_pb_text][\/et_pb_column][\/et_pb_row][et_pb_row _builder_version=&#8221;4.17.2&#8243; _module_preset=&#8221;default&#8221; custom_padding=&#8221;0px||0px||true|false&#8221; global_colors_info=&#8221;{}&#8221;][et_pb_column type=&#8221;4_4&#8243; _builder_version=&#8221;4.16&#8243; _module_preset=&#8221;default&#8221; global_colors_info=&#8221;{}&#8221;][et_pb_gallery gallery_ids=&#8221;1185,1193,1196,1190&#8243; show_title_and_caption=&#8221;off&#8221; show_pagination=&#8221;off&#8221; zoom_icon_color=&#8221;#33D6E8&#8243; _builder_version=&#8221;4.17.1&#8243; _module_preset=&#8221;default&#8221; custom_margin=&#8221;||0px||false|false&#8221; border_radii_image=&#8221;on|10px|10px|10px|10px&#8221; box_shadow_style_image=&#8221;preset3&#8243; global_colors_info=&#8221;{}&#8221;][\/et_pb_gallery][et_pb_button button_url=&#8221;https:\/\/competa-suites.com\/da\/priser-ledige-perioder\/&#8221; button_text=&#8221;Klik her for at se vores priser og tilg\u00e6ngelighed&#8221; _builder_version=&#8221;4.27.4&#8243; _module_preset=&#8221;902681e6-674d-492b-9085-57793e5d214f&#8221; button_bg_color=&#8221;#E88033&#8243; custom_margin=&#8221;2em||1em||false|false&#8221; custom_margin_tablet=&#8221;2em||1em||false|false&#8221; custom_margin_phone=&#8221;2em||1em||false|false&#8221; custom_margin_last_edited=&#8221;on|phone&#8221; custom_padding=&#8221;1em|2em|1em|2em|true|true&#8221; global_colors_info=&#8221;{}&#8221; button_bg_color__hover=&#8221;#1499A8&#8243; button_bg_enable_color__hover=&#8221;on&#8221;][\/et_pb_button][\/et_pb_column][\/et_pb_row][\/et_pb_section][et_pb_section fb_built=&#8221;1&#8243; fullwidth=&#8221;on&#8221; _builder_version=&#8221;4.27.4&#8243; _module_preset=&#8221;default&#8221; global_module=&#8221;3618&#8243; saved_tabs=&#8221;all&#8221; global_colors_info=&#8221;{}&#8221;][et_pb_fullwidth_code _builder_version=&#8221;4.27.4&#8243; _module_preset=&#8221;default&#8221; background_color=&#8221;#33D6E8&#8243; global_colors_info=&#8221;{}&#8221;]<iframe src=\"https:\/\/www.google.com\/maps\/embed?pb=!1m18!1m12!1m3!1d12774.247897538187!2d-3.98764135713926!3d36.829014963246905!2m3!1f0!2f0!3f0!3m2!1i1024!2i768!4f13.1!3m3!1m2!1s0x9df103884962859%3A0x960cacacd4df4f8d!2sCompeta-Suites!5e0!3m2!1snl!2sfr!4v1744538293078!5m2!1snl!2sfr\" width=\"100%\" height=\"450\" style=\"border:0;\" allowfullscreen=\"\" loading=\"lazy\" referrerpolicy=\"no-referrer-when-downgrade\"><\/iframe>[\/et_pb_fullwidth_code][\/et_pb_section]<\/p>\n","protected":false},"excerpt":{"rendered":"<p>C\u00f3mpetas omgivelserC\u00f3mpeta ligger i den gr\u00f8nne Axarquia region lige \u00f8st for M\u00e1laga. Regionen er is\u00e6r kendt for sin Moscatel-vin, og for sine l\u00e6kre avocadoer og mango. Der er masser af vandrestier i omr\u00e5det og C\u00f3mpeta ligger for foden af den andalusiske naturpark kaldet \u201dSierras Tejeda, Almijara y Alhama\u201d. Det er paradis for dig, som er [&hellip;]<\/p>\n","protected":false},"author":1,"featured_media":0,"parent":0,"menu_order":0,"comment_status":"closed","ping_status":"closed","template":"","meta":{"_et_pb_use_builder":"on","_et_pb_old_content":"","_et_gb_content_width":"","footnotes":""},"class_list":["post-3563","page","type-page","status-publish","hentry"],"_links":{"self":[{"href":"https:\/\/competa-suites.com\/da\/wp-json\/wp\/v2\/pages\/3563","targetHints":{"allow":["GET"]}}],"collection":[{"href":"https:\/\/competa-suites.com\/da\/wp-json\/wp\/v2\/pages"}],"about":[{"href":"https:\/\/competa-suites.com\/da\/wp-json\/wp\/v2\/types\/page"}],"author":[{"embeddable":true,"href":"https:\/\/competa-suites.com\/da\/wp-json\/wp\/v2\/users\/1"}],"replies":[{"embeddable":true,"href":"https:\/\/competa-suites.com\/da\/wp-json\/wp\/v2\/comments?post=3563"}],"version-history":[{"count":8,"href":"https:\/\/competa-suites.com\/da\/wp-json\/wp\/v2\/pages\/3563\/revisions"}],"predecessor-version":[{"id":3853,"href":"https:\/\/competa-suites.com\/da\/wp-json\/wp\/v2\/pages\/3563\/revisions\/3853"}],"wp:attachment":[{"href":"https:\/\/competa-suites.com\/da\/wp-json\/wp\/v2\/media?parent=3563"}],"curies":[{"name":"wp","href":"https:\/\/api.w.org\/{rel}","templated":true}]}}