{"id":3531,"date":"2022-03-18T14:41:06","date_gmt":"2022-03-18T14:41:06","guid":{"rendered":"https:\/\/competa-suites.com\/?page_id=3531"},"modified":"2025-04-29T08:02:04","modified_gmt":"2025-04-29T08:02:04","slug":"priser-ledige-perioder","status":"publish","type":"page","link":"https:\/\/competa-suites.com\/da\/priser-ledige-perioder\/","title":{"rendered":"Priser &amp; Ledige Perioder"},"content":{"rendered":"<p>[et_pb_section fb_built=&#8221;1&#8243; next_background_color=&#8221;#ffffff&#8221; admin_label=&#8221;Our Specialties Section&#8221; _builder_version=&#8221;4.16&#8243; background_color=&#8221;#E88033&#8243; custom_padding=&#8221;3em||0px||false|false&#8221; bottom_divider_style=&#8221;wave2&#8243; global_colors_info=&#8221;{}&#8221;][et_pb_row admin_label=&#8221;Title Area&#8221; _builder_version=&#8221;4.16&#8243; custom_padding=&#8221;||3em||false|false&#8221; global_colors_info=&#8221;{}&#8221;][et_pb_column type=&#8221;4_4&#8243; _builder_version=&#8221;4.16&#8243; custom_padding=&#8221;|||&#8221; global_colors_info=&#8221;{}&#8221; custom_padding__hover=&#8221;|||&#8221;][et_pb_text admin_label=&#8221;Title&#8221; _builder_version=&#8221;4.21.0&#8243; text_font=&#8221;||||||||&#8221; header_font=&#8221;||||||||&#8221; header_text_align=&#8221;center&#8221; header_text_color=&#8221;#52EEFF&#8221; header_font_size=&#8221;48px&#8221; header_line_height=&#8221;1.3em&#8221; header_2_font=&#8221;|600|||||||&#8221; header_2_text_align=&#8221;center&#8221; header_2_text_color=&#8221;#52EEFF&#8221; header_2_font_size=&#8221;48px&#8221; header_2_line_height=&#8221;1.3em&#8221; custom_margin=&#8221;||20px|&#8221; animation_style=&#8221;slide&#8221; animation_direction=&#8221;top&#8221; animation_intensity_slide=&#8221;30%&#8221; animation_starting_opacity=&#8221;100%&#8221; header_font_size_tablet=&#8221;48px&#8221; header_font_size_phone=&#8221;36px&#8221; header_font_size_last_edited=&#8221;on|phone&#8221; global_colors_info=&#8221;{}&#8221;]<\/p>\n<h1>Priser &amp; Ledige Perioder<\/h1>\n<p>[\/et_pb_text][et_pb_divider color=&#8221;#E88033&#8243; divider_weight=&#8221;3px&#8221; _builder_version=&#8221;4.16&#8243; max_width=&#8221;60px&#8221; module_alignment=&#8221;center&#8221; custom_margin=&#8221;||10px|&#8221; animation_style=&#8221;slide&#8221; animation_direction=&#8221;top&#8221; animation_intensity_slide=&#8221;30%&#8221; animation_starting_opacity=&#8221;100%&#8221; global_colors_info=&#8221;{}&#8221;][\/et_pb_divider][\/et_pb_column][\/et_pb_row][\/et_pb_section][et_pb_section fb_built=&#8221;1&#8243; _builder_version=&#8221;4.19.5&#8243; _module_preset=&#8221;default&#8221; custom_padding=&#8221;3em||2em||false|false&#8221; global_colors_info=&#8221;{}&#8221;][et_pb_row column_structure=&#8221;1_2,1_2&#8243; use_custom_gutter=&#8221;on&#8221; gutter_width=&#8221;2&#8243; make_equal=&#8221;on&#8221; _builder_version=&#8221;4.19.5&#8243; _module_preset=&#8221;default&#8221; custom_padding=&#8221;0px||3em||false|false&#8221; global_colors_info=&#8221;{}&#8221;][et_pb_column type=&#8221;1_2&#8243; _builder_version=&#8221;4.19.5&#8243; _module_preset=&#8221;default&#8221; custom_padding=&#8221;1em|1em|1em|1em|true|true&#8221; custom_padding_tablet=&#8221;||1em||false|false&#8221; custom_padding_phone=&#8221;||1em||false|false&#8221; custom_padding_last_edited=&#8221;on|tablet&#8221; border_radii=&#8221;on|4px|4px|4px|4px&#8221; border_width_all=&#8221;1px&#8221; border_color_all=&#8221;#E88033&#8243; box_shadow_style=&#8221;preset3&#8243; global_colors_info=&#8221;{}&#8221;][et_pb_text _builder_version=&#8221;4.27.4&#8243; _module_preset=&#8221;default&#8221; header_2_font=&#8221;|600|||||||&#8221; header_2_font_size=&#8221;28px&#8221; global_colors_info=&#8221;{}&#8221;]<\/p>\n<h2>Singapore<\/h2>\n<p><strong>Lavs\u00e6son:<br \/><\/strong><strong>6. Januar \u2013 31. Maj og 1. September \u2013 22. December<\/strong><br \/>1 nat: \u20ac 55,00 \u2013 minimum ophold er p\u00e5 4 n\u00e6tter<br \/>1. uge: \u20ac 385,00 <br \/>2. uge: \u20ac 350,00 <br \/>3. uge: \u20ac 325,00<\/p>\n<p><strong>H\u00f8js\u00e6son:<br \/>23. December &#8211; 6. Januar og 1. Juni &#8211; 31. August<\/strong><br \/>Mimimum ophold er p\u00e5 1 uge<br \/>1. uge: \u20ac 420,00 <br \/>2. uge: \u20ac 380,00 <br \/>3. uge: \u20ac 345,00<\/p>\n<p><strong>Kan tilv\u00e6lges:<br \/><\/strong> Gulvvarme om vinteren \/ gulvk\u00f8ling <strong>om sommeren<\/strong>: \u20ac50.00\/uge<\/p>\n<p>[\/et_pb_text][\/et_pb_column][et_pb_column type=&#8221;1_2&#8243; _builder_version=&#8221;4.19.5&#8243; _module_preset=&#8221;default&#8221; custom_padding=&#8221;1em|1em|1em|1em|true|true&#8221; custom_padding_tablet=&#8221;||1em||false|false&#8221; custom_padding_phone=&#8221;||1em||false|false&#8221; custom_padding_last_edited=&#8221;on|tablet&#8221; border_radii=&#8221;on|4px|4px|4px|4px&#8221; border_width_all=&#8221;1px&#8221; border_color_all=&#8221;#E88033&#8243; box_shadow_style=&#8221;preset3&#8243; global_colors_info=&#8221;{}&#8221;][et_pb_text _builder_version=&#8221;4.27.4&#8243; _module_preset=&#8221;default&#8221; header_2_font=&#8221;|600|||||||&#8221; header_2_font_size=&#8221;28px&#8221; global_colors_info=&#8221;{}&#8221;]<\/p>\n<h2>Tokyo<\/h2>\n<p><strong>Lavs\u00e6son<\/strong>: <br \/><strong>6. Januar \u2013 31. Maj og 1. September \u2013 22. December<\/strong> <br \/>1 nat: \u20ac 60,00 \u2013 minimum ophold er p\u00e5 4 n\u00e6tter <br \/>1. uge: \u20ac 420,00 <br \/>2. uge: \u20ac 380,00 <br \/>3. uge: \u20ac 350,00<\/p>\n<p><strong>H\u00f8js\u00e6son<\/strong>: <br \/><strong>23. December \u2013 6. Januar og 1. Juni \u2013 31. August<br \/><\/strong>Minimum ophold er p\u00e5 1 uge <br \/>1. uge: \u20ac 455,00 <br \/>2. uge: \u20ac 415,00 <br \/>3. uge: \u20ac 375,00<\/p>\n<p><strong>Kan tilv\u00e6lges:<br \/><\/strong>Gulvvarme om vinteren \/ gulvk\u00f8ling <strong>om sommeren<\/strong>: : \u20ac50.00\/uge <br \/>Pillebr\u00e6ndeovn: Tr\u00e6piller \u20ac6.00\/s\u00e6k med 15 kg.<\/p>\n<p>[\/et_pb_text][\/et_pb_column][\/et_pb_row][et_pb_row use_custom_gutter=&#8221;on&#8221; gutter_width=&#8221;1&#8243; _builder_version=&#8221;4.16&#8243; _module_preset=&#8221;default&#8221; custom_padding=&#8221;0px||0px||true|false&#8221; global_colors_info=&#8221;{}&#8221;][et_pb_column type=&#8221;4_4&#8243; _builder_version=&#8221;4.16&#8243; _module_preset=&#8221;default&#8221; custom_padding_tablet=&#8221;||1em||false|false&#8221; custom_padding_phone=&#8221;||1em||false|false&#8221; custom_padding_last_edited=&#8221;on|tablet&#8221; global_colors_info=&#8221;{}&#8221;][et_pb_text _builder_version=&#8221;4.19.5&#8243; _module_preset=&#8221;default&#8221; header_2_font=&#8221;|600|||||||&#8221; header_2_font_size=&#8221;28px&#8221; global_colors_info=&#8221;{}&#8221;]<\/p>\n<h2>Betingelser<\/h2>\n<ul>\n<li><strong>Lavs\u00e6son<\/strong>: Minimumophold er p\u00e5 4 n\u00e6tter<\/li>\n<li><strong>H\u00f8js\u00e6son<\/strong>: Minimumophold er p\u00e5 1 uge<\/li>\n<li><strong>Ekstra seng <\/strong> p\u00e5 80\u00d7180 cm for b\u00f8rn op til 15 \u00e5r kan s\u00e6ttes op for \u20ac15 ekstra per nat.<\/li>\n<li><span style=\"font-size: 17px;\">L\u00e6ngere perioder efter anmodning<\/span><\/li>\n<li><span style=\"font-size: 17px;\">Priserne inkluderer reservationsgebyr, afsluttende reng\u00f8ring og moms.<\/span><\/li>\n<li>K\u00e6ledyr er ikke tilladt<\/li>\n<\/ul>\n<p>[\/et_pb_text][\/et_pb_column][\/et_pb_row][\/et_pb_section][et_pb_section fb_built=&#8221;1&#8243; prev_background_color=&#8221;#ffffff&#8221; next_background_color=&#8221;#ffffff&#8221; _builder_version=&#8221;4.16&#8243; _module_preset=&#8221;default&#8221; background_color=&#8221;#E88033&#8243; custom_padding=&#8221;7em||7em||true|false&#8221; top_divider_style=&#8221;wave2&#8243; bottom_divider_style=&#8221;wave2&#8243; global_colors_info=&#8221;{}&#8221;][et_pb_row _builder_version=&#8221;4.16&#8243; _module_preset=&#8221;default&#8221; custom_padding=&#8221;0px||0px||true|false&#8221; global_colors_info=&#8221;{}&#8221;][et_pb_column type=&#8221;4_4&#8243; _builder_version=&#8221;4.16&#8243; _module_preset=&#8221;default&#8221; global_colors_info=&#8221;{}&#8221;][et_pb_text _builder_version=&#8221;4.27.4&#8243; _module_preset=&#8221;default&#8221; text_text_color=&#8221;#FFFFFF&#8221; link_text_color=&#8221;#52EEFF&#8221; header_2_font=&#8221;|600|||||||&#8221; header_2_text_align=&#8221;center&#8221; header_2_text_color=&#8221;#FFFFFF&#8221; header_2_font_size=&#8221;36px&#8221; text_orientation=&#8221;center&#8221; global_colors_info=&#8221;{}&#8221; link_text_color__hover_enabled=&#8221;on|desktop&#8221; link_text_color__hover=&#8221;#9C4403&#8243;]<\/p>\n<h2>Ledige perioder<\/h2>\n<p><a href=\"https:\/\/competa-suites.com\/contact\/\">Kontakt os<\/a> for info om vores ledige perioder eller udfyld nedenst\u00e5ende reservationsforesp\u00f8rgsel.<\/p>\n<p>[\/et_pb_text][\/et_pb_column][\/et_pb_row][\/et_pb_section][et_pb_section fb_built=&#8221;1&#8243; module_id=&#8221;reservationsforesporgsel&#8221; _builder_version=&#8221;4.27.4&#8243; _module_preset=&#8221;default&#8221; custom_padding=&#8221;2em||2em||true|false&#8221; global_colors_info=&#8221;{}&#8221;][et_pb_row _builder_version=&#8221;4.16&#8243; _module_preset=&#8221;default&#8221; custom_padding=&#8221;0px||0px||true|false&#8221; global_colors_info=&#8221;{}&#8221;][et_pb_column type=&#8221;4_4&#8243; _builder_version=&#8221;4.16&#8243; _module_preset=&#8221;default&#8221; global_colors_info=&#8221;{}&#8221;][et_pb_text _builder_version=&#8221;4.16&#8243; _module_preset=&#8221;default&#8221; header_2_font=&#8221;|600|||||||&#8221; header_2_text_align=&#8221;center&#8221; header_2_font_size=&#8221;36px&#8221; text_orientation=&#8221;center&#8221; global_colors_info=&#8221;{}&#8221;]<\/p>\n<h2>Reservationsforesp\u00f8rgsel<\/h2>\n<p>[\/et_pb_text][et_pb_code _builder_version=&#8221;4.27.4&#8243; _module_preset=&#8221;default&#8221; global_colors_info=&#8221;{}&#8221;][fluentform id=&#8221;12&#8243;][\/et_pb_code][et_pb_code _builder_version=&#8221;4.16&#8243; _module_preset=&#8221;default&#8221; global_colors_info=&#8221;{}&#8221;][\/et_pb_code][\/et_pb_column][\/et_pb_row][\/et_pb_section][et_pb_section fb_built=&#8221;1&#8243; prev_background_color=&#8221;#ffffff&#8221; admin_label=&#8221;Our Specialties Section&#8221; _builder_version=&#8221;4.16&#8243; background_color=&#8221;#1499A8&#8243; custom_padding=&#8221;6em||2em||false|false&#8221; top_divider_style=&#8221;wave2&#8243; global_colors_info=&#8221;{}&#8221;][et_pb_row column_structure=&#8221;1_3,1_3,1_3&#8243; _builder_version=&#8221;4.16&#8243; _module_preset=&#8221;default&#8221; global_colors_info=&#8221;{}&#8221;][et_pb_column type=&#8221;1_3&#8243; _builder_version=&#8221;4.16&#8243; _module_preset=&#8221;default&#8221; global_colors_info=&#8221;{}&#8221;][et_pb_blurb use_icon=&#8221;on&#8221; font_icon=&#8221;&#xe009;||divi||400&#8243; icon_color=&#8221;#33D6E8&#8243; image_icon_background_color=&#8221;#E88033&#8243; image_icon_width=&#8221;48px&#8221; _builder_version=&#8221;4.16&#8243; _module_preset=&#8221;default&#8221; body_text_align=&#8221;center&#8221; body_text_color=&#8221;#FFFFFF&#8221; image_icon_custom_padding=&#8221;25px|25px|25px|25px|true|true&#8221; border_radii_image=&#8221;on|100%|100%|100%|100%&#8221; border_width_all_image=&#8221;2px&#8221; border_color_all_image=&#8221;#52EEFF&#8221; global_colors_info=&#8221;{}&#8221;]<\/p>\n<p><strong>La Granada Resid\u00e9nce<\/strong><br \/>Calle Laberinto, 8<br \/>29754 C\u00f3mpeta (M\u00e1laga)<br \/>Spanien<\/p>\n<p>[\/et_pb_blurb][\/et_pb_column][et_pb_column type=&#8221;1_3&#8243; _builder_version=&#8221;4.16&#8243; _module_preset=&#8221;default&#8221; global_colors_info=&#8221;{}&#8221;][et_pb_blurb use_icon=&#8221;on&#8221; font_icon=&#8221;&#xe010;||divi||400&#8243; icon_color=&#8221;#33D6E8&#8243; image_icon_background_color=&#8221;#E88033&#8243; image_icon_width=&#8221;48px&#8221; _builder_version=&#8221;4.16&#8243; _module_preset=&#8221;default&#8221; body_font=&#8221;|600|||||||&#8221; body_text_align=&#8221;center&#8221; body_link_text_color=&#8221;#E88033&#8243; image_icon_custom_padding=&#8221;25px|25px|25px|25px|true|true&#8221; border_radii_image=&#8221;on|100%|100%|100%|100%&#8221; border_width_all_image=&#8221;2px&#8221; border_color_all_image=&#8221;#52EEFF&#8221; global_colors_info=&#8221;{}&#8221; body_text_color__hover_enabled=&#8221;on|hover&#8221; body_link_text_color__hover_enabled=&#8221;on|hover&#8221; body_link_text_color__hover=&#8221;#33D6E8&#8243;]<\/p>\n<p><a href=\"mailto:info@competa-suites.com\">info@competa-suites.com<\/a><\/p>\n<p>[\/et_pb_blurb][\/et_pb_column][et_pb_column type=&#8221;1_3&#8243; _builder_version=&#8221;4.16&#8243; _module_preset=&#8221;default&#8221; global_colors_info=&#8221;{}&#8221;][et_pb_blurb use_icon=&#8221;on&#8221; font_icon=&#8221;&#xf095;||fa||900&#8243; icon_color=&#8221;#33D6E8&#8243; image_icon_background_color=&#8221;#E88033&#8243; image_icon_width=&#8221;48px&#8221; _builder_version=&#8221;4.27.2&#8243; _module_preset=&#8221;default&#8221; body_text_align=&#8221;center&#8221; body_text_color=&#8221;#FFFFFF&#8221; body_link_font=&#8221;|600|||||||&#8221; body_link_text_color=&#8221;#E88033&#8243; image_icon_custom_padding=&#8221;25px|25px|25px|25px|true|true&#8221; border_radii_image=&#8221;on|100%|100%|100%|100%&#8221; border_width_all_image=&#8221;2px&#8221; border_color_all_image=&#8221;#52EEFF&#8221; global_colors_info=&#8221;{}&#8221; body_link_text_color__hover_enabled=&#8221;on|hover&#8221; body_link_text_color__hover=&#8221;#33D6E8&#8243;]<\/p>\n<p>Ring til os p\u00e5 <a href=\"tel:0034601614652\">+34 601614652<\/a><br \/>eller kontakt os via <a href=\"https:\/\/api.whatsapp.com\/send?phone=34601614652\" target=\"_blank\" rel=\"noopener\">WhatsApp<\/a><a href=\"tel:0034629031167\"><\/a><\/p>\n<p>[\/et_pb_blurb][\/et_pb_column][\/et_pb_row][\/et_pb_section][et_pb_section fb_built=&#8221;1&#8243; fullwidth=&#8221;on&#8221; _builder_version=&#8221;4.27.4&#8243; _module_preset=&#8221;default&#8221; global_module=&#8221;3618&#8243; saved_tabs=&#8221;all&#8221; global_colors_info=&#8221;{}&#8221;][et_pb_fullwidth_code _builder_version=&#8221;4.27.4&#8243; _module_preset=&#8221;default&#8221; background_color=&#8221;#33D6E8&#8243; global_colors_info=&#8221;{}&#8221;]<iframe src=\"https:\/\/www.google.com\/maps\/embed?pb=!1m18!1m12!1m3!1d12774.247897538187!2d-3.98764135713926!3d36.829014963246905!2m3!1f0!2f0!3f0!3m2!1i1024!2i768!4f13.1!3m3!1m2!1s0x9df103884962859%3A0x960cacacd4df4f8d!2sCompeta-Suites!5e0!3m2!1snl!2sfr!4v1744538293078!5m2!1snl!2sfr\" width=\"100%\" height=\"450\" style=\"border:0;\" allowfullscreen=\"\" loading=\"lazy\" referrerpolicy=\"no-referrer-when-downgrade\"><\/iframe>[\/et_pb_fullwidth_code][\/et_pb_section]<\/p>\n","protected":false},"excerpt":{"rendered":"<p>Priser &amp; Ledige PerioderSingapore Lavs\u00e6son:6. Januar \u2013 31. Maj og 1. September \u2013 22. December1 nat: \u20ac 55,00 \u2013 minimum ophold er p\u00e5 4 n\u00e6tter1. uge: \u20ac 385,00 2. uge: \u20ac 350,00 3. uge: \u20ac 325,00 H\u00f8js\u00e6son:23. December &#8211; 6. Januar og 1. Juni &#8211; 31. AugustMimimum ophold er p\u00e5 1 uge1. uge: \u20ac 420,00 [&hellip;]<\/p>\n","protected":false},"author":1,"featured_media":0,"parent":0,"menu_order":0,"comment_status":"closed","ping_status":"closed","template":"","meta":{"_et_pb_use_builder":"on","_et_pb_old_content":"","_et_gb_content_width":"","footnotes":""},"class_list":["post-3531","page","type-page","status-publish","hentry"],"_links":{"self":[{"href":"https:\/\/competa-suites.com\/da\/wp-json\/wp\/v2\/pages\/3531","targetHints":{"allow":["GET"]}}],"collection":[{"href":"https:\/\/competa-suites.com\/da\/wp-json\/wp\/v2\/pages"}],"about":[{"href":"https:\/\/competa-suites.com\/da\/wp-json\/wp\/v2\/types\/page"}],"author":[{"embeddable":true,"href":"https:\/\/competa-suites.com\/da\/wp-json\/wp\/v2\/users\/1"}],"replies":[{"embeddable":true,"href":"https:\/\/competa-suites.com\/da\/wp-json\/wp\/v2\/comments?post=3531"}],"version-history":[{"count":11,"href":"https:\/\/competa-suites.com\/da\/wp-json\/wp\/v2\/pages\/3531\/revisions"}],"predecessor-version":[{"id":3746,"href":"https:\/\/competa-suites.com\/da\/wp-json\/wp\/v2\/pages\/3531\/revisions\/3746"}],"wp:attachment":[{"href":"https:\/\/competa-suites.com\/da\/wp-json\/wp\/v2\/media?parent=3531"}],"curies":[{"name":"wp","href":"https:\/\/api.w.org\/{rel}","templated":true}]}}