{"id":3526,"date":"2022-03-24T20:18:46","date_gmt":"2022-03-24T20:18:46","guid":{"rendered":"https:\/\/competa-suites.com\/?page_id=3526"},"modified":"2025-04-20T19:40:23","modified_gmt":"2025-04-20T19:40:23","slug":"studio-lejlighed-tokyo","status":"publish","type":"page","link":"https:\/\/competa-suites.com\/da\/studio-lejlighed-tokyo\/","title":{"rendered":"Studio-lejlighed \u201cTokyo\u201d"},"content":{"rendered":"<p>[et_pb_section fb_built=&#8221;1&#8243; next_background_color=&#8221;#ffffff&#8221; admin_label=&#8221;Our Specialties Section&#8221; _builder_version=&#8221;4.16&#8243; background_color=&#8221;#E88033&#8243; custom_padding=&#8221;3em||0px||false|false&#8221; bottom_divider_style=&#8221;wave2&#8243; global_colors_info=&#8221;{}&#8221;][et_pb_row admin_label=&#8221;Title Area&#8221; _builder_version=&#8221;4.16&#8243; custom_padding=&#8221;||3em||false|false&#8221; global_colors_info=&#8221;{}&#8221;][et_pb_column type=&#8221;4_4&#8243; _builder_version=&#8221;4.16&#8243; custom_padding=&#8221;|||&#8221; global_colors_info=&#8221;{}&#8221; custom_padding__hover=&#8221;|||&#8221;][et_pb_text admin_label=&#8221;Title&#8221; _builder_version=&#8221;4.21.0&#8243; text_font=&#8221;||||||||&#8221; header_font=&#8221;||||||||&#8221; header_text_align=&#8221;center&#8221; header_text_color=&#8221;#52EEFF&#8221; header_font_size=&#8221;48px&#8221; header_line_height=&#8221;1.3em&#8221; header_2_font=&#8221;Merienda One|700|||||||&#8221; header_2_text_align=&#8221;center&#8221; header_2_text_color=&#8221;#52EEFF&#8221; header_2_font_size=&#8221;48px&#8221; header_2_line_height=&#8221;1.3em&#8221; custom_margin=&#8221;||20px|&#8221; animation_style=&#8221;slide&#8221; animation_direction=&#8221;top&#8221; animation_intensity_slide=&#8221;30%&#8221; animation_starting_opacity=&#8221;100%&#8221; header_font_size_tablet=&#8221;48px&#8221; header_font_size_phone=&#8221;36px&#8221; header_font_size_last_edited=&#8221;on|phone&#8221; global_colors_info=&#8221;{}&#8221;]<\/p>\n<h1>Studio-lejlighed \u201cTokyo\u201d<\/h1>\n<p>[\/et_pb_text][et_pb_divider color=&#8221;#E88033&#8243; divider_weight=&#8221;3px&#8221; _builder_version=&#8221;4.16&#8243; max_width=&#8221;60px&#8221; module_alignment=&#8221;center&#8221; custom_margin=&#8221;||10px|&#8221; animation_style=&#8221;slide&#8221; animation_direction=&#8221;top&#8221; animation_intensity_slide=&#8221;30%&#8221; animation_starting_opacity=&#8221;100%&#8221; global_colors_info=&#8221;{}&#8221;][\/et_pb_divider][\/et_pb_column][\/et_pb_row][\/et_pb_section][et_pb_section fb_built=&#8221;1&#8243; _builder_version=&#8221;4.16&#8243; _module_preset=&#8221;default&#8221; custom_padding=&#8221;0px||1em||false|false&#8221; global_colors_info=&#8221;{}&#8221;][et_pb_row column_structure=&#8221;3_5,2_5&#8243; _builder_version=&#8221;4.16&#8243; _module_preset=&#8221;default&#8221; custom_padding=&#8221;3em||0px||false|false&#8221; global_colors_info=&#8221;{}&#8221;][et_pb_column type=&#8221;3_5&#8243; _builder_version=&#8221;4.16&#8243; _module_preset=&#8221;default&#8221; global_colors_info=&#8221;{}&#8221;][et_pb_text admin_label=&#8221;Title&#8221; _builder_version=&#8221;4.19.4&#8243; text_font=&#8221;||||||||&#8221; header_font=&#8221;||||||||&#8221; header_2_font=&#8221;||||||||&#8221; header_2_text_align=&#8221;left&#8221; header_2_font_size=&#8221;42px&#8221; header_2_line_height=&#8221;1.3em&#8221; custom_margin=&#8221;||20px|&#8221; animation_style=&#8221;slide&#8221; animation_direction=&#8221;top&#8221; animation_intensity_slide=&#8221;30%&#8221; animation_starting_opacity=&#8221;100%&#8221; global_colors_info=&#8221;{}&#8221;]<\/p>\n<p>P\u00e5 anden etage af vores bygning har vi en stor og lys et-v\u00e6relses lejlighed med dobbeltseng, behagelige l\u00e6nestole, TV, tre sm\u00e5 franske altaner hvoraf den ene vender ud mod en patio, et rummeligt badev\u00e6relse med walk-in shower og bidet, spisebord og et fuldt udstyret k\u00f8kken med Nespresso kaffemaskine, microb\u00f8lgeovn, m.v. Lejligheden er ogs\u00e5 velegnet til hjemmearbejde, da der er et skrivebord og en hurtig, stabil internetforbindelse. Den r\u00e6kker endda helt op p\u00e5 tagterrassen.<\/p>\n<p>Lejligheden er dekoreret i japansk stil. Den er egnet til maksimum 2 personer og evt. et barn under 15 \u00e5r, i en ekstra seng vi kan s\u00e6tte op for et mindre till\u00e6gsgebyr.<\/p>\n<p>Der er gulvvarme indlagt (som du kan bestille for et ekstra gebyr), som er virkeligt behageligt om vinteren, hvor aftenerne kan v\u00e6re k\u00f8lige i bjergene. Om sommeren er gulvet til geng\u00e6ld dejligt k\u00f8ligt. De sm\u00e5 franske altaner giver en hyggelig udsigt over landsbyen og over patioen. Men det sk\u00f8nneste er bygningens f\u00e6lles tagterrasse. Den er rigtig stor og herfra er der panoramaudsigt ud over hele landsbyen, bjergene og Middelhavet. Her er ogs\u00e5 en gasgrill, rigeligt med havem\u00f8bler og man deler den kun med \u00e9n anden lejlighed, s\u00e5 der er privatliv nok til at kunne nyde morgenmad deroppe eller et glas vin, mens man ser solnedgangen. Heroppe har vi ogs\u00e5 en vaskemaskine som er til fri afbenyttelse. I bygningens k\u00e6lder er der plads til opbevaring og evt. reparation af cykler for dem, som kommer p\u00e5 cykelferie.<\/p>\n<p>[\/et_pb_text][\/et_pb_column][et_pb_column type=&#8221;2_5&#8243; _builder_version=&#8221;4.16&#8243; _module_preset=&#8221;default&#8221; global_colors_info=&#8221;{}&#8221;][et_pb_image src=&#8221;https:\/\/competa-suites.com\/wp-content\/uploads\/2022\/03\/tokyo-zitgedeelte-bij-houtkachel.jpg&#8221; alt=&#8221;Opholdsomr\u00e5de med pilleovn i studiolejlighed Tokyo&#8221; title_text=&#8221;Opholdsomr\u00e5de med pilleovn i studiolejlighed Tokyo&#8221; show_in_lightbox=&#8221;on&#8221; _builder_version=&#8221;4.16&#8243; _module_preset=&#8221;469b733a-48aa-416b-83c7-f49583e8d07e&#8221; global_colors_info=&#8221;{}&#8221;][\/et_pb_image][\/et_pb_column][\/et_pb_row][\/et_pb_section][et_pb_section fb_built=&#8221;1&#8243; prev_background_color=&#8221;#ffffff&#8221; _builder_version=&#8221;4.16&#8243; _module_preset=&#8221;default&#8221; background_color=&#8221;#E88033&#8243; top_divider_style=&#8221;wave2&#8243; global_colors_info=&#8221;{}&#8221;][et_pb_row _builder_version=&#8221;4.16&#8243; _module_preset=&#8221;default&#8221; custom_padding=&#8221;3em||||false|false&#8221; global_colors_info=&#8221;{}&#8221;][et_pb_column type=&#8221;4_4&#8243; _builder_version=&#8221;4.16&#8243; _module_preset=&#8221;default&#8221; global_colors_info=&#8221;{}&#8221;][et_pb_text _builder_version=&#8221;4.16&#8243; _module_preset=&#8221;default&#8221; header_2_font=&#8221;|600|||||||&#8221; header_2_text_align=&#8221;center&#8221; header_2_text_color=&#8221;#FFFFFF&#8221; global_colors_info=&#8221;{}&#8221;]<\/p>\n<h2>Om studio-lejligheden \u201dTokyo\u201d<\/h2>\n<p>[\/et_pb_text][\/et_pb_column][\/et_pb_row][et_pb_row _builder_version=&#8221;4.16&#8243; _module_preset=&#8221;default&#8221; custom_padding=&#8221;0px||0px||true|false&#8221; global_colors_info=&#8221;{}&#8221;][et_pb_column type=&#8221;4_4&#8243; _builder_version=&#8221;4.16&#8243; _module_preset=&#8221;default&#8221; global_colors_info=&#8221;{}&#8221;][et_pb_blurb title=&#8221;Areal: 62 m2&#8243; use_icon=&#8221;on&#8221; font_icon=&#8221;&#xf547;||fa||900&#8243; icon_color=&#8221;#FFFFFF&#8221; icon_placement=&#8221;left&#8221; image_icon_width=&#8221;24px&#8221; content_max_width=&#8221;1280px&#8221; _builder_version=&#8221;4.17.1&#8243; _module_preset=&#8221;default&#8221; header_font=&#8221;Montserrat|500|||||||&#8221; header_text_color=&#8221;#FFFFFF&#8221; header_font_size=&#8221;17px&#8221; custom_margin=&#8221;||0px||false|false&#8221; global_colors_info=&#8221;{}&#8221;][\/et_pb_blurb][et_pb_blurb title=&#8221;Velegnet til 2 voksne og evt. et barn. Til sm\u00e5 b\u00f8rn har vi en tremmeseng med tilh\u00f8rende senget\u00f8j, en h\u00f8j stol, og en kravleg\u00e5rd som vi gratis kan s\u00e6tte op. Til st\u00f8rre b\u00f8rn op til 15 \u00e5r kan vi s\u00e6tte en ekstra seng op p\u00e5 80&#215;180 cm for \u20ac15 per nat.   &#8221; use_icon=&#8221;on&#8221; font_icon=&#8221;&#xf0c0;||fa||900&#8243; icon_color=&#8221;#FFFFFF&#8221; icon_placement=&#8221;left&#8221; image_icon_width=&#8221;24px&#8221; content_max_width=&#8221;1280px&#8221; _builder_version=&#8221;4.17.1&#8243; _module_preset=&#8221;default&#8221; header_font=&#8221;Montserrat|500|||||||&#8221; header_text_color=&#8221;#FFFFFF&#8221; header_font_size=&#8221;17px&#8221; custom_margin=&#8221;||0px||false|false&#8221; global_colors_info=&#8221;{}&#8221;][\/et_pb_blurb][et_pb_blurb title=&#8221;Sengene: Vores utroligt behagelige senge er udstyret med dyner og alt senget\u00f8j, og de kan s\u00e6ttes op som dobbeltseng (180&#215;200 cm) eller enkeltsenge (90&#215;200 cm), hvilket du kan lade os vide, n\u00e5r du booker.&#8221; use_icon=&#8221;on&#8221; font_icon=&#8221;&#xf236;||fa||900&#8243; icon_color=&#8221;#FFFFFF&#8221; icon_placement=&#8221;left&#8221; image_icon_width=&#8221;24px&#8221; content_max_width=&#8221;1280px&#8221; _builder_version=&#8221;4.17.1&#8243; _module_preset=&#8221;default&#8221; header_font=&#8221;Montserrat|500|||||||&#8221; header_text_color=&#8221;#FFFFFF&#8221; header_font_size=&#8221;17px&#8221; custom_margin=&#8221;||0px||false|false&#8221; global_colors_info=&#8221;{}&#8221;][\/et_pb_blurb][et_pb_blurb title=&#8221;Det meget store badev\u00e6relse har en \u201cwalk-in\u201d brusekabine, toilet samt bidet og er udstyret med masser af h\u00e5ndkl\u00e6der, s\u00e6be og h\u00e5rt\u00f8rrer.&#8221; use_icon=&#8221;on&#8221; font_icon=&#8221;&#xf2cc;||fa||900&#8243; icon_color=&#8221;#FFFFFF&#8221; icon_placement=&#8221;left&#8221; image_icon_width=&#8221;24px&#8221; content_max_width=&#8221;1280px&#8221; _builder_version=&#8221;4.17.1&#8243; _module_preset=&#8221;default&#8221; header_font=&#8221;Montserrat|500|||||||&#8221; header_text_color=&#8221;#FFFFFF&#8221; header_font_size=&#8221;17px&#8221; custom_margin=&#8221;||0px||false|false&#8221; global_colors_info=&#8221;{}&#8221;][\/et_pb_blurb][et_pb_blurb title=&#8221;Lejligheden har TV med mange forskellige internationale kanaler.&#8221; use_icon=&#8221;on&#8221; font_icon=&#8221;&#xf26c;||fa||900&#8243; icon_color=&#8221;#FFFFFF&#8221; icon_placement=&#8221;left&#8221; image_icon_width=&#8221;24px&#8221; content_max_width=&#8221;1280px&#8221; _builder_version=&#8221;4.19.4&#8243; _module_preset=&#8221;default&#8221; header_font=&#8221;Montserrat|500|||||||&#8221; header_text_color=&#8221;#FFFFFF&#8221; header_font_size=&#8221;17px&#8221; custom_margin=&#8221;||0px||false|false&#8221; global_colors_info=&#8221;{}&#8221;][\/et_pb_blurb][et_pb_blurb title=&#8221;En st\u00e6rk internetforbindelse via optisk fiber (15 Mbps Wimax) er inkluderet og d\u00e6kker i hele bygningen.&#8221; use_icon=&#8221;on&#8221; font_icon=&#8221;&#xf1eb;||fa||900&#8243; icon_color=&#8221;#FFFFFF&#8221; icon_placement=&#8221;left&#8221; image_icon_width=&#8221;24px&#8221; content_max_width=&#8221;1280px&#8221; _builder_version=&#8221;4.17.1&#8243; _module_preset=&#8221;default&#8221; header_font=&#8221;Montserrat|500|||||||&#8221; header_text_color=&#8221;#FFFFFF&#8221; header_font_size=&#8221;17px&#8221; custom_margin=&#8221;||0px||false|false&#8221; global_colors_info=&#8221;{}&#8221;][\/et_pb_blurb][et_pb_blurb title=&#8221;Parkering: Der er en stor offentlig parkeringsplads ca. 200 m. fra bygningen, som er gratis.&#8221; use_icon=&#8221;on&#8221; font_icon=&#8221;&#xf540;||fa||900&#8243; icon_color=&#8221;#FFFFFF&#8221; icon_placement=&#8221;left&#8221; image_icon_width=&#8221;24px&#8221; content_max_width=&#8221;1280px&#8221; _builder_version=&#8221;4.17.1&#8243; _module_preset=&#8221;default&#8221; header_font=&#8221;Montserrat|500|||||||&#8221; header_text_color=&#8221;#FFFFFF&#8221; header_font_size=&#8221;17px&#8221; custom_margin=&#8221;||0px||false|false&#8221; global_colors_info=&#8221;{}&#8221;][\/et_pb_blurb][et_pb_blurb title=&#8221;Forretninger og restauranter: ca. 25 m. fra bygningen.&#8221; use_icon=&#8221;on&#8221; font_icon=&#8221;&#xf2e7;||fa||900&#8243; icon_color=&#8221;#FFFFFF&#8221; icon_placement=&#8221;left&#8221; image_icon_width=&#8221;24px&#8221; content_max_width=&#8221;1280px&#8221; _builder_version=&#8221;4.17.1&#8243; _module_preset=&#8221;default&#8221; header_font=&#8221;Montserrat|500|||||||&#8221; header_text_color=&#8221;#FFFFFF&#8221; header_font_size=&#8221;17px&#8221; custom_margin=&#8221;||0px||false|false&#8221; global_colors_info=&#8221;{}&#8221;][\/et_pb_blurb][\/et_pb_column][\/et_pb_row][et_pb_row _builder_version=&#8221;4.16&#8243; _module_preset=&#8221;default&#8221; global_colors_info=&#8221;{}&#8221;][et_pb_column type=&#8221;4_4&#8243; _builder_version=&#8221;4.16&#8243; _module_preset=&#8221;default&#8221; global_colors_info=&#8221;{}&#8221;][et_pb_button button_url=&#8221;https:\/\/competa-suites.com\/da\/priser-ledige-perioder\/#reservationsforesporgsel&#8221; button_text=&#8221;Check vores priser og ledige perioder&#8221; _builder_version=&#8221;4.27.4&#8243; _module_preset=&#8221;902681e6-674d-492b-9085-57793e5d214f&#8221; global_colors_info=&#8221;{}&#8221; button_bg_color__hover=&#8221;#33D6E8&#8243; button_bg_enable_color__hover=&#8221;on&#8221; button_bg_color__hover_enabled=&#8221;on|desktop&#8221;][\/et_pb_button][\/et_pb_column][\/et_pb_row][\/et_pb_section][et_pb_section fb_built=&#8221;1&#8243; admin_label=&#8221;Gallery Row&#8221; _builder_version=&#8221;4.16&#8243; custom_padding=&#8221;0px|0px|0px|0px&#8221; global_colors_info=&#8221;{}&#8221;][et_pb_row _builder_version=&#8221;4.16&#8243; _module_preset=&#8221;default&#8221; global_colors_info=&#8221;{}&#8221;][et_pb_column type=&#8221;4_4&#8243; _builder_version=&#8221;4.16&#8243; _module_preset=&#8221;default&#8221; global_colors_info=&#8221;{}&#8221;][et_pb_gallery gallery_ids=&#8221;3500,3499,3501,3502,3508,3510,3505,3511,3498,3507,3509,3512,3552,3553,3689,951&#8243; posts_number=&#8221;30&#8243; show_title_and_caption=&#8221;off&#8221; show_pagination=&#8221;off&#8221; zoom_icon_color=&#8221;#33D6E8&#8243; _builder_version=&#8221;4.19.5&#8243; _module_preset=&#8221;default&#8221; custom_margin=&#8221;3em||||false|false&#8221; border_radii_image=&#8221;on|10px|10px|10px|10px&#8221; box_shadow_style_image=&#8221;preset3&#8243; global_colors_info=&#8221;{}&#8221;][\/et_pb_gallery][\/et_pb_column][\/et_pb_row][\/et_pb_section][et_pb_section fb_built=&#8221;1&#8243; prev_background_color=&#8221;#ffffff&#8221; admin_label=&#8221;Our Specialties Section&#8221; _builder_version=&#8221;4.16&#8243; background_color=&#8221;#1499A8&#8243; custom_padding=&#8221;6em||2em||false|false&#8221; top_divider_style=&#8221;wave2&#8243; global_colors_info=&#8221;{}&#8221;][et_pb_row column_structure=&#8221;1_3,1_3,1_3&#8243; _builder_version=&#8221;4.16&#8243; _module_preset=&#8221;default&#8221; global_colors_info=&#8221;{}&#8221;][et_pb_column type=&#8221;1_3&#8243; _builder_version=&#8221;4.16&#8243; _module_preset=&#8221;default&#8221; global_colors_info=&#8221;{}&#8221;][et_pb_blurb use_icon=&#8221;on&#8221; font_icon=&#8221;&#xe009;||divi||400&#8243; icon_color=&#8221;#33D6E8&#8243; image_icon_background_color=&#8221;#E88033&#8243; image_icon_width=&#8221;48px&#8221; _builder_version=&#8221;4.16&#8243; _module_preset=&#8221;default&#8221; body_text_align=&#8221;center&#8221; body_text_color=&#8221;#FFFFFF&#8221; image_icon_custom_padding=&#8221;25px|25px|25px|25px|true|true&#8221; border_radii_image=&#8221;on|100%|100%|100%|100%&#8221; border_width_all_image=&#8221;2px&#8221; border_color_all_image=&#8221;#52EEFF&#8221; global_colors_info=&#8221;{}&#8221;]<\/p>\n<p><strong>C\u00f3mpeta Suites<\/strong><br \/>Calle Laberinto, 8<br \/>29754 C\u00f3mpeta (M\u00e1laga)<br \/>Spanien<\/p>\n<p>[\/et_pb_blurb][\/et_pb_column][et_pb_column type=&#8221;1_3&#8243; _builder_version=&#8221;4.16&#8243; _module_preset=&#8221;default&#8221; global_colors_info=&#8221;{}&#8221;][et_pb_blurb use_icon=&#8221;on&#8221; font_icon=&#8221;&#xe010;||divi||400&#8243; icon_color=&#8221;#33D6E8&#8243; image_icon_background_color=&#8221;#E88033&#8243; image_icon_width=&#8221;48px&#8221; _builder_version=&#8221;4.16&#8243; _module_preset=&#8221;default&#8221; body_font=&#8221;|600|||||||&#8221; body_text_align=&#8221;center&#8221; body_link_text_color=&#8221;#E88033&#8243; image_icon_custom_padding=&#8221;25px|25px|25px|25px|true|true&#8221; border_radii_image=&#8221;on|100%|100%|100%|100%&#8221; border_width_all_image=&#8221;2px&#8221; border_color_all_image=&#8221;#52EEFF&#8221; global_colors_info=&#8221;{}&#8221; body_text_color__hover_enabled=&#8221;on|hover&#8221; body_link_text_color__hover_enabled=&#8221;on|hover&#8221; body_link_text_color__hover=&#8221;#33D6E8&#8243;]<\/p>\n<p><a href=\"mailto:info@competa-suites.com\">info@competa-suites.com<\/a><\/p>\n<p>[\/et_pb_blurb][\/et_pb_column][et_pb_column type=&#8221;1_3&#8243; _builder_version=&#8221;4.16&#8243; _module_preset=&#8221;default&#8221; global_colors_info=&#8221;{}&#8221;][et_pb_blurb use_icon=&#8221;on&#8221; font_icon=&#8221;&#xf095;||fa||900&#8243; icon_color=&#8221;#33D6E8&#8243; image_icon_background_color=&#8221;#E88033&#8243; image_icon_width=&#8221;48px&#8221; _builder_version=&#8221;4.27.2&#8243; _module_preset=&#8221;default&#8221; body_text_align=&#8221;center&#8221; body_text_color=&#8221;#FFFFFF&#8221; body_link_font=&#8221;|600|||||||&#8221; body_link_text_color=&#8221;#E88033&#8243; image_icon_custom_padding=&#8221;25px|25px|25px|25px|true|true&#8221; border_radii_image=&#8221;on|100%|100%|100%|100%&#8221; border_width_all_image=&#8221;2px&#8221; border_color_all_image=&#8221;#52EEFF&#8221; global_colors_info=&#8221;{}&#8221; body_link_text_color__hover_enabled=&#8221;on|hover&#8221; body_link_text_color__hover=&#8221;#33D6E8&#8243;]<\/p>\n<p>Ring til os p\u00e5 <a href=\"tel:0034601614652\">+34 601614652<\/a><br \/>eller kontakt os via <a href=\"https:\/\/api.whatsapp.com\/send?phone=34601614652\" target=\"_blank\" rel=\"noopener\">WhatsApp<\/a><a href=\"tel:0034629031167\"><\/a><\/p>\n<p>[\/et_pb_blurb][\/et_pb_column][\/et_pb_row][\/et_pb_section][et_pb_section fb_built=&#8221;1&#8243; fullwidth=&#8221;on&#8221; _builder_version=&#8221;4.27.4&#8243; _module_preset=&#8221;default&#8221; saved_tabs=&#8221;all&#8221; global_colors_info=&#8221;{}&#8221; global_module=&#8221;3618&#8243; theme_builder_area=&#8221;post_content&#8221;][et_pb_fullwidth_code _builder_version=&#8221;4.27.4&#8243; _module_preset=&#8221;default&#8221; background_color=&#8221;#33D6E8&#8243; global_colors_info=&#8221;{}&#8221; theme_builder_area=&#8221;post_content&#8221;]<iframe src=\"https:\/\/www.google.com\/maps\/embed?pb=!1m18!1m12!1m3!1d12774.247897538187!2d-3.98764135713926!3d36.829014963246905!2m3!1f0!2f0!3f0!3m2!1i1024!2i768!4f13.1!3m3!1m2!1s0x9df103884962859%3A0x960cacacd4df4f8d!2sCompeta-Suites!5e0!3m2!1snl!2sfr!4v1744538293078!5m2!1snl!2sfr\" width=\"100%\" height=\"450\" style=\"border:0;\" allowfullscreen=\"\" loading=\"lazy\" referrerpolicy=\"no-referrer-when-downgrade\"><\/iframe>[\/et_pb_fullwidth_code][\/et_pb_section]<\/p>\n","protected":false},"excerpt":{"rendered":"<p>Studio-lejlighed \u201cTokyo\u201dP\u00e5 anden etage af vores bygning har vi en stor og lys et-v\u00e6relses lejlighed med dobbeltseng, behagelige l\u00e6nestole, TV, tre sm\u00e5 franske altaner hvoraf den ene vender ud mod en patio, et rummeligt badev\u00e6relse med walk-in shower og bidet, spisebord og et fuldt udstyret k\u00f8kken med Nespresso kaffemaskine, microb\u00f8lgeovn, m.v. Lejligheden er ogs\u00e5 velegnet [&hellip;]<\/p>\n","protected":false},"author":1,"featured_media":0,"parent":0,"menu_order":0,"comment_status":"closed","ping_status":"closed","template":"","meta":{"_et_pb_use_builder":"on","_et_pb_old_content":"","_et_gb_content_width":"","footnotes":""},"class_list":["post-3526","page","type-page","status-publish","hentry"],"_links":{"self":[{"href":"https:\/\/competa-suites.com\/da\/wp-json\/wp\/v2\/pages\/3526","targetHints":{"allow":["GET"]}}],"collection":[{"href":"https:\/\/competa-suites.com\/da\/wp-json\/wp\/v2\/pages"}],"about":[{"href":"https:\/\/competa-suites.com\/da\/wp-json\/wp\/v2\/types\/page"}],"author":[{"embeddable":true,"href":"https:\/\/competa-suites.com\/da\/wp-json\/wp\/v2\/users\/1"}],"replies":[{"embeddable":true,"href":"https:\/\/competa-suites.com\/da\/wp-json\/wp\/v2\/comments?post=3526"}],"version-history":[{"count":11,"href":"https:\/\/competa-suites.com\/da\/wp-json\/wp\/v2\/pages\/3526\/revisions"}],"predecessor-version":[{"id":3712,"href":"https:\/\/competa-suites.com\/da\/wp-json\/wp\/v2\/pages\/3526\/revisions\/3712"}],"wp:attachment":[{"href":"https:\/\/competa-suites.com\/da\/wp-json\/wp\/v2\/media?parent=3526"}],"curies":[{"name":"wp","href":"https:\/\/api.w.org\/{rel}","templated":true}]}}